{"id":3552,"date":"2019-04-10T14:36:19","date_gmt":"2019-04-10T12:36:19","guid":{"rendered":"http:\/\/pikuj.pl\/?page_id=3552"},"modified":"2020-08-07T12:41:52","modified_gmt":"2020-08-07T10:41:52","slug":"404-2","status":"publish","type":"page","link":"https:\/\/pikuj.pl\/de\/404-2\/","title":{"rendered":"404"},"content":{"rendered":"<div class=\"wpb-content-wrapper\"><p>[vc_row full_width=&#8220;stretch_row&#8220; full_height=&#8220;yes&#8220; css=&#8220;.vc_custom_1554907065881{margin-bottom: 0px !important;background-color: #edf2f5 !important;background-position: center !important;background-repeat: no-repeat !important;background-size: cover !important;}&#8220;][vc_column offset=&#8220;vc_col-lg-offset-2 vc_col-lg-8&#8243;]<div class=\"gem-textbox  centered-box\"  ><div class=\"gem-textbox-inner\" style=\"\"><div class=\"gem-textbox-content\" style=\"background-position: center top;padding-top: 100px;padding-bottom: 100px;padding-left: 0px;padding-right: 0px;\">[vc_raw_html]JTNDc3ZnJTIwdmlld0JveCUzRCUyMjAlMjAwJTIwNjAwJTIwMTcwJTIyJTNFJTBBJTBBJTIwJTIwJTNDJTIxLS0lMjBHcmFkaWVudCUyMC0tJTNFJTBBJTIwJTIwJTNDbGluZWFyR3JhZGllbnQlMjBpZCUzRCUyMmdyLXNpbXBsZSUyMiUyMHgxJTNEJTIyMCUyMiUyMHkxJTNEJTIyMCUyMiUyMHgyJTNEJTIyMTAwJTI1JTIyJTIweTIlM0QlMjIxMDAlMjUlMjIlM0UlMEElMjAlMjAlMjAlMjAlM0NzdG9wJTIwc3RvcC1jb2xvciUzRCUyMiUyM2Y1NTA2MCUyMiUyMG9mZnNldCUzRCUyMjAlMjUlMjIlMkYlM0UlMEElMjAlMjAlMjAlMjAlM0NzdG9wJTIwc3RvcC1jb2xvciUzRCUyMiUyM2Y1NTA2MCUyMiUyMG9mZnNldCUzRCUyMjEwMCUyNSUyMiUyRiUzRSUwQSUyMCUyMCUzQyUyRmxpbmVhckdyYWRpZW50JTNFJTBBJTBBJTIwJTIwJTNDJTIxLS0lMjBUZXh0JTIwLS0lM0UlMEElMjAlMjAlM0N0ZXh0JTIwdGV4dC1hbmNob3IlM0QlMjJtaWRkbGUlMjIlMEElMjAlMjAlMjAlMjAlMjAlMjAlMjAlMjB4JTNEJTIyNTAlMjUlMjIlMEElMjAlMjAlMjAlMjAlMjAlMjAlMjAlMjB5JTNEJTIyNTAlMjUlMjIlMEElMjAlMjAlMjAlMjAlMjAlMjAlMjAlMjBkeSUzRCUyMi4zNWVtJTIyJTBBJTIwJTIwJTIwJTIwJTIwJTIwJTIwJTIwY2xhc3MlM0QlMjJ0ZXh0JTIwdGl0bGUtaDElMjBsaWdodCUyMiUwQSUyMCUyMCUyMCUyMCUyMCUyMCUyMCUyMHN0eWxlJTNEJTIyZmlsbCUzQSUyMHVybCUyOCUyM2dyLXNpbXBsZSUyOSUzQiUyMGZvbnQtc2l6ZSUzQSUyMDIzMHB4JTNCJTIwbGluZS1oZWlnaHQlM0ElMjAxJTNCJTIyJTBBJTIwJTIwJTIwJTIwJTIwJTIwJTIwJTIwJTNFJTBBJTIwJTIwJTIwJTIwNDA0JTBBJTIwJTIwJTNDJTJGdGV4dCUzRSUwQSUzQyUyRnN2ZyUzRQ==[\/vc_raw_html][vc_column_text]<\/p>\n<div class=\"title-h1\"><span style=\"color: #3c3950;\">Seite nicht gefunden<\/span><\/div>\n<p>[\/vc_column_text][vc_column_text]<\/p>\n<div class=\"styled-subtitle\"><span style=\"color: #3c3950;\">Przepraszamy, strona kt\u00f3rej szukasz nie istnieje w naszej bazie danych! Mo\u017ce przejd\u017a do naszej <a style=\"color: #ffffff; background-color: #1a81c3; padding: 2px 10px;\" title=\"Strona g\u0142\u00f3wna PP Plus\" href=\"http:\/\/pikuj.pl\/de\/\"> strony g\u0142\u00f3wnej <\/a>\u00a0 lub spr\u00f3buj u\u017cy\u0107 <a style=\"color: #ffffff; background-color: #f55060; padding: 2px 10px;\">wyszukiwania?<\/a><\/span><\/div>\n<p>[\/vc_column_text]<div class=\"gem-search-form gem-search-form-style-light gem-search-form-alignment-center thegem-custom-69f263471c1a99272\"><form role=\"search\" method=\"get\" class=\"search-form\" action=\"https:\/\/pikuj.pl\/de\/\"><input class=\"search-field\" type=\"search\" name=\"s\" placeholder=\"Szukaj...\" \/><button class=\"search-submit\" type=\"submit\"><\/button><\/form><\/div><\/div><\/div><\/div>[\/vc_column][\/vc_row]<\/p>\n<\/div>","protected":false},"excerpt":{"rendered":"<p>[vc_row full_width=&#8220;stretch_row&#8220; full_height=&#8220;yes&#8220; css=&#8220;.vc_custom_1554907065881{margin-bottom: 0px !important;background-color: #edf2f5 !important;background-position: center !important;background-repeat: no-repeat !important;background-size: cover !important;}&#8220;][vc_column offset=&#8220;vc_col-lg-offset-2 vc_col-lg-8&#8243;][\/vc_column][\/vc_row]<\/p>\n","protected":false},"author":1,"featured_media":0,"parent":0,"menu_order":0,"comment_status":"closed","ping_status":"closed","template":"","meta":{"footnotes":""},"yoast_head":"<!-- This site is optimized with the Yoast SEO plugin v24.5 - https:\/\/yoast.com\/wordpress\/plugins\/seo\/ -->\n<title>404 - Pikowanie Niciowe w \u0141odzi<\/title>\n<meta name=\"robots\" content=\"index, follow, max-snippet:-1, max-image-preview:large, max-video-preview:-1\" \/>\n<link rel=\"canonical\" href=\"https:\/\/pikuj.pl\/de\/404-2\/\" \/>\n<meta property=\"og:locale\" content=\"de_DE\" \/>\n<meta property=\"og:type\" content=\"article\" \/>\n<meta property=\"og:title\" content=\"404 - Pikowanie Niciowe w \u0141odzi\" \/>\n<meta property=\"og:description\" content=\"[vc_row full_width=&#8220;stretch_row&#8220; full_height=&#8220;yes&#8220; css=&#8220;.vc_custom_1554907065881{margin-bottom: 0px !important;background-color: #edf2f5 !important;background-position: center !important;background-repeat: no-repeat !important;background-size: cover !important;}&#8220;][vc_column offset=&#8220;vc_col-lg-offset-2 vc_col-lg-8&#8243;][\/vc_column][\/vc_row]\" \/>\n<meta property=\"og:url\" content=\"https:\/\/pikuj.pl\/de\/404-2\/\" \/>\n<meta property=\"og:site_name\" content=\"Pikowanie Niciowe w \u0141odzi\" \/>\n<meta property=\"article:publisher\" content=\"https:\/\/www.facebook.com\/PikujPlus\/\" \/>\n<meta property=\"article:modified_time\" content=\"2020-08-07T10:41:52+00:00\" \/>\n<meta name=\"twitter:card\" content=\"summary_large_image\" \/>\n<meta name=\"twitter:site\" content=\"@PikujPlus\" \/>\n<meta name=\"twitter:label1\" content=\"Gesch\u00e4tzte Lesezeit\" \/>\n\t<meta name=\"twitter:data1\" content=\"1\u00a0Minute\" \/>\n<script type=\"application\/ld+json\" class=\"yoast-schema-graph\">{\"@context\":\"https:\/\/schema.org\",\"@graph\":[{\"@type\":\"WebPage\",\"@id\":\"https:\/\/pikuj.pl\/de\/404-2\/\",\"url\":\"https:\/\/pikuj.pl\/de\/404-2\/\",\"name\":\"404 - Pikowanie Niciowe w \u0141odzi\",\"isPartOf\":{\"@id\":\"https:\/\/pikuj.pl\/de\/#website\"},\"datePublished\":\"2019-04-10T12:36:19+00:00\",\"dateModified\":\"2020-08-07T10:41:52+00:00\",\"breadcrumb\":{\"@id\":\"https:\/\/pikuj.pl\/de\/404-2\/#breadcrumb\"},\"inLanguage\":\"de\",\"potentialAction\":[{\"@type\":\"ReadAction\",\"target\":[\"https:\/\/pikuj.pl\/de\/404-2\/\"]}]},{\"@type\":\"BreadcrumbList\",\"@id\":\"https:\/\/pikuj.pl\/de\/404-2\/#breadcrumb\",\"itemListElement\":[{\"@type\":\"ListItem\",\"position\":1,\"name\":\"Startseite\",\"item\":\"https:\/\/pikuj.pl\/de\/\"},{\"@type\":\"ListItem\",\"position\":2,\"name\":\"404\"}]},{\"@type\":\"WebSite\",\"@id\":\"https:\/\/pikuj.pl\/de\/#website\",\"url\":\"https:\/\/pikuj.pl\/de\/\",\"name\":\"Pikowanie Niciowe w \u0141odzi\",\"description\":\"PP Plus\",\"publisher\":{\"@id\":\"https:\/\/pikuj.pl\/de\/#organization\"},\"potentialAction\":[{\"@type\":\"SearchAction\",\"target\":{\"@type\":\"EntryPoint\",\"urlTemplate\":\"https:\/\/pikuj.pl\/de\/?s={search_term_string}\"},\"query-input\":{\"@type\":\"PropertyValueSpecification\",\"valueRequired\":true,\"valueName\":\"search_term_string\"}}],\"inLanguage\":\"de\"},{\"@type\":\"Organization\",\"@id\":\"https:\/\/pikuj.pl\/de\/#organization\",\"name\":\"PP Plus\",\"url\":\"https:\/\/pikuj.pl\/de\/\",\"logo\":{\"@type\":\"ImageObject\",\"inLanguage\":\"de\",\"@id\":\"https:\/\/pikuj.pl\/de\/#\/schema\/logo\/image\/\",\"url\":\"http:\/\/pikuj.pl\/wp-content\/uploads\/2019\/11\/Brand_Logo_Symbol_PP_Plus-19.png\",\"contentUrl\":\"http:\/\/pikuj.pl\/wp-content\/uploads\/2019\/11\/Brand_Logo_Symbol_PP_Plus-19.png\",\"width\":1920,\"height\":1920,\"caption\":\"PP Plus\"},\"image\":{\"@id\":\"https:\/\/pikuj.pl\/de\/#\/schema\/logo\/image\/\"},\"sameAs\":[\"https:\/\/www.facebook.com\/PikujPlus\/\",\"https:\/\/x.com\/PikujPlus\",\"https:\/\/www.instagram.com\/PikujPlus\/\",\"https:\/\/www.facebook.com\/company\/PikujPlus\/\",\"https:\/\/www.pinterest.com\/PikujPlus\/\"]}]}<\/script>\n<!-- \/ Yoast SEO plugin. -->","yoast_head_json":{"title":"404 - Pikowanie Niciowe w \u0141odzi","robots":{"index":"index","follow":"follow","max-snippet":"max-snippet:-1","max-image-preview":"max-image-preview:large","max-video-preview":"max-video-preview:-1"},"canonical":"https:\/\/pikuj.pl\/de\/404-2\/","og_locale":"de_DE","og_type":"article","og_title":"404 - Pikowanie Niciowe w \u0141odzi","og_description":"[vc_row full_width=&#8220;stretch_row&#8220; full_height=&#8220;yes&#8220; css=&#8220;.vc_custom_1554907065881{margin-bottom: 0px !important;background-color: #edf2f5 !important;background-position: center !important;background-repeat: no-repeat !important;background-size: cover !important;}&#8220;][vc_column offset=&#8220;vc_col-lg-offset-2 vc_col-lg-8&#8243;][\/vc_column][\/vc_row]","og_url":"https:\/\/pikuj.pl\/de\/404-2\/","og_site_name":"Pikowanie Niciowe w \u0141odzi","article_publisher":"https:\/\/www.facebook.com\/PikujPlus\/","article_modified_time":"2020-08-07T10:41:52+00:00","twitter_card":"summary_large_image","twitter_site":"@PikujPlus","twitter_misc":{"Gesch\u00e4tzte Lesezeit":"1\u00a0Minute"},"schema":{"@context":"https:\/\/schema.org","@graph":[{"@type":"WebPage","@id":"https:\/\/pikuj.pl\/de\/404-2\/","url":"https:\/\/pikuj.pl\/de\/404-2\/","name":"404 - Pikowanie Niciowe w \u0141odzi","isPartOf":{"@id":"https:\/\/pikuj.pl\/de\/#website"},"datePublished":"2019-04-10T12:36:19+00:00","dateModified":"2020-08-07T10:41:52+00:00","breadcrumb":{"@id":"https:\/\/pikuj.pl\/de\/404-2\/#breadcrumb"},"inLanguage":"de","potentialAction":[{"@type":"ReadAction","target":["https:\/\/pikuj.pl\/de\/404-2\/"]}]},{"@type":"BreadcrumbList","@id":"https:\/\/pikuj.pl\/de\/404-2\/#breadcrumb","itemListElement":[{"@type":"ListItem","position":1,"name":"Startseite","item":"https:\/\/pikuj.pl\/de\/"},{"@type":"ListItem","position":2,"name":"404"}]},{"@type":"WebSite","@id":"https:\/\/pikuj.pl\/de\/#website","url":"https:\/\/pikuj.pl\/de\/","name":"Pikowanie Niciowe w \u0141odzi","description":"PP Plus","publisher":{"@id":"https:\/\/pikuj.pl\/de\/#organization"},"potentialAction":[{"@type":"SearchAction","target":{"@type":"EntryPoint","urlTemplate":"https:\/\/pikuj.pl\/de\/?s={search_term_string}"},"query-input":{"@type":"PropertyValueSpecification","valueRequired":true,"valueName":"search_term_string"}}],"inLanguage":"de"},{"@type":"Organization","@id":"https:\/\/pikuj.pl\/de\/#organization","name":"PP Plus","url":"https:\/\/pikuj.pl\/de\/","logo":{"@type":"ImageObject","inLanguage":"de","@id":"https:\/\/pikuj.pl\/de\/#\/schema\/logo\/image\/","url":"http:\/\/pikuj.pl\/wp-content\/uploads\/2019\/11\/Brand_Logo_Symbol_PP_Plus-19.png","contentUrl":"http:\/\/pikuj.pl\/wp-content\/uploads\/2019\/11\/Brand_Logo_Symbol_PP_Plus-19.png","width":1920,"height":1920,"caption":"PP Plus"},"image":{"@id":"https:\/\/pikuj.pl\/de\/#\/schema\/logo\/image\/"},"sameAs":["https:\/\/www.facebook.com\/PikujPlus\/","https:\/\/x.com\/PikujPlus","https:\/\/www.instagram.com\/PikujPlus\/","https:\/\/www.facebook.com\/company\/PikujPlus\/","https:\/\/www.pinterest.com\/PikujPlus\/"]}]}},"_links":{"self":[{"href":"https:\/\/pikuj.pl\/de\/wp-json\/wp\/v2\/pages\/3552"}],"collection":[{"href":"https:\/\/pikuj.pl\/de\/wp-json\/wp\/v2\/pages"}],"about":[{"href":"https:\/\/pikuj.pl\/de\/wp-json\/wp\/v2\/types\/page"}],"author":[{"embeddable":true,"href":"https:\/\/pikuj.pl\/de\/wp-json\/wp\/v2\/users\/1"}],"replies":[{"embeddable":true,"href":"https:\/\/pikuj.pl\/de\/wp-json\/wp\/v2\/comments?post=3552"}],"version-history":[{"count":1,"href":"https:\/\/pikuj.pl\/de\/wp-json\/wp\/v2\/pages\/3552\/revisions"}],"predecessor-version":[{"id":3790,"href":"https:\/\/pikuj.pl\/de\/wp-json\/wp\/v2\/pages\/3552\/revisions\/3790"}],"wp:attachment":[{"href":"https:\/\/pikuj.pl\/de\/wp-json\/wp\/v2\/media?parent=3552"}],"curies":[{"name":"wp","href":"https:\/\/api.w.org\/{rel}","templated":true}]}}