{"id":3670,"date":"2019-02-11T07:45:10","date_gmt":"2019-02-11T06:45:10","guid":{"rendered":"http:\/\/pikuj.pl\/ueber-uns\/"},"modified":"2020-08-12T14:59:27","modified_gmt":"2020-08-12T12:59:27","slug":"ueber-uns","status":"publish","type":"page","link":"https:\/\/pikuj.pl\/de\/ueber-uns\/","title":{"rendered":"\u00dcber uns"},"content":{"rendered":"<div class=\"wpb-content-wrapper\"><p>[vc_row css=&#8220;.vc_custom_1580499830990{padding-top: 40px !important;padding-bottom: 0px !important;background-color: #edf2f5 !important;background-position: center !important;background-repeat: no-repeat !important;background-size: cover !important;}&#8220;][vc_column][vc_column_text]<\/p>\n<p>Seit 1996 bieten wir Steppdienstleistungen f\u00fcr Gewebe und Vliesstoffe an. Wir haben unsere T\u00e4tigkeit als \u201eIlex-Pikowanie\u201c begonnen und im Laufe der Zeit den Namen und die Eigentumsform ge\u00e4ndert. Derzeit sind wir als PP Plus eines der \u00e4ltesten und gr\u00f6\u00dften Unternehmen in Polen, das erfolgreich in der Steppbranche t\u00e4tig ist. Unsere wichtigsten Ziele sind die Kundenzufriedenheit und die Fortsetzung der Zusammenarbeit mit den Auftragnehmern.<\/p>\n<p>Wir bieten einen umfassenden Service und h\u00f6chste Qualit\u00e4t zu erschwinglichen Preisen. Unser moderner und umfangreicher Maschinenpark erm\u00f6glicht eine schnelle und professionelle Abwicklung aller Auftr\u00e4ge. Wir verf\u00fcgen \u00fcber Steppmaschinen, Kettensteppmaschinen, Cutter, N\u00e4hmaschinen, Aufwickler \/ Wickler. Wir wissen, dass Spezialausr\u00fcstung und gut ausgebildetes Personal der Schl\u00fcssel zum Erfolg ist. Deshalb sind wir bestrebt, in diesen Bereich unseres Unternehmens zu investieren und ihn weiterzuentwickeln.<\/p>\n<p>Wir entwickeln unser Angebot auch st\u00e4ndig weiter und passen es an die Bed\u00fcrfnisse und Erwartungen der Kunden an. Wir steppen unsere eigenen Stoffe sowie uns anvertraute Stoffe mit einer Breite von bis zu 240 cm. Wir haben \u00fcber mehrere hundert Steppmuster in einem Katalog zusammengefasst. Dar\u00fcber hinaus k\u00f6nnen Sie Ihr eigenes Muster entwerfen, das wir an unsere Maschinen anpassen werden. Vor der Ausf\u00fchrung gr\u00f6\u00dferer Auftr\u00e4ge bieten wir Steppproben an. Obwohl wir einer der gr\u00f6\u00dften Anbieter von Steppdienstleistungen in Polen sind, richten wir unser Angebot an alle Kunden. F\u00fcr uns sind kleine Unternehmen genauso wichtig wie die gr\u00f6\u00dften.<\/p>\n<p>Die beim Steppen von Geweben und Vliesstoffen gesammelten Erfahrungen haben uns dazu inspiriert, neue, mit der Herstellung von Matratzenbez\u00fcgen verbundene T\u00e4tigkeiten zu unternehmen. Dies sind Produkte, die wir an Privatkunden sowie M\u00f6belunternehmen, Hotels und Pensionen liefern. Sie k\u00f6nnen bei uns Ihre eigene Matratze aus Materialien Ihrer Wahl in jeder Konfiguration entwerfen oder ein fertiges Produkt kaufen.<\/p>\n<p>Lernen Sie unser <a href=\"http:\/\/pikuj.pl\/de\/angebot\/\">Angebot<\/a> kennen.<\/p>\n<p>[\/vc_column_text][\/vc_column][\/vc_row][vc_row][vc_column]<style>.gem-gallery-grid#style-69f8608c6c16a .gallery-item { padding: calc(16px\/2) !important; }.gem-gallery-grid#style-69f8608c6c16a .gallery-set { margin-top: calc(-16px\/2); margin-bottom: calc(-16px\/2); }.gem-gallery-grid#style-69f8608c6c16a .not-fullwidth-block .gallery-set, .gem-gallery-grid#style-69f8608c6c16a .not-fullwidth-block .portfolio-item-size-container { margin-left: calc(-16px\/2); margin-right: calc(-16px\/2); }.gem-gallery-grid#style-69f8608c6c16a .fullwidth-block { padding-left: calc(16px\/2); padding-right: calc(16px\/2); }.gem-gallery-grid#style-69f8608c6c16a .portfolio-filters { text-align: center }<\/style><div id=\"style-preloader-69f8608c6c16a\" class=\"preloader save-space\"><div class=\"preloader-spin\"><\/div><\/div> <div class=\"gallery-preloader-wrapper\"> <div class=\"row\"> <div id=\"style-69f8608c6c16a\" class=\"gem-gallery-grid col-lg-12 col-md-12 col-sm-12 gallery-style-justified hover-default loading-animation item-animation-move-up columns-3 columns-tablet-2 columns-mobile-1 gaps-margin \" data-hover=\"default\" data-uid=\"69f8608c6c16a\" data-filter=\"[]\"> <div class=\"portfolio not-fullwidth-block \"> <ul class=\"gallery-set clearfix\" data-max-row-height=\"380\"> <li class=\"gallery-item gallery-0 col-xs-12 col-sm-6 col-md-4 item-animations-not-inited single-icon post-3670 page type-page status-publish\" style=\"\"> <div class=\"wrap gem-wrapbox-style-default\"> <div class=\"overlay-wrap\"> <div class=\"image-wrap \"> <picture> <source srcset=\"https:\/\/pikuj.pl\/wp-content\/uploads\/2019\/12\/maszyna-pikowanie-thegem-product-justified-square-m.jpg 1x\" sizes=\"100vw\"> <img src=\"https:\/\/pikuj.pl\/wp-content\/uploads\/2019\/12\/maszyna-pikowanie-thegem-product-justified-square-m.jpg\" width=\"400\" height=\"400\" class=\"attachment-thegem-product-justified-square-m\" alt=\"STEPPMASCHINE\" \/> <\/picture> <\/div> <div class=\"overlay \"> <div class=\"overlay-circle\"><\/div> <a href=\"https:\/\/pikuj.pl\/wp-content\/uploads\/2019\/12\/maszyna-pikowanie.jpg\" class=\"gallery-item-link fancy-gallery\" data-fancybox=\"gallery-69f8608c6c16a\"> <span class=\"slide-info\"> <span class=\"slide-info-title\"> STEPPMASCHINE <\/span> <span class=\"slide-info-summary\"> Steppmaschine im Lodz Polen <\/span> <\/span> <\/a> <div class=\"overlay-content\"> <div class=\"overlay-content-center\"> <div class=\"overlay-content-inner\"> <a href=\"https:\/\/pikuj.pl\/wp-content\/uploads\/2019\/12\/maszyna-pikowanie.jpg\" class=\"icon photo \" > <\/a> <div class=\"overlay-line\"><\/div> <div class=\"title\"> STEPPMASCHINE <\/div> <div class=\"subtitle\"> Steppmaschine im Lodz Polen <\/div> <\/div> <\/div> <\/div> <\/div> <\/div> <\/div> <\/li> <li class=\"gallery-item gallery-0 col-xs-12 col-sm-6 col-md-4 item-animations-not-inited single-icon post-3670 page type-page status-publish\" style=\"\"> <div class=\"wrap gem-wrapbox-style-default\"> <div class=\"overlay-wrap\"> <div class=\"image-wrap \"> <picture> <source srcset=\"https:\/\/pikuj.pl\/wp-content\/uploads\/2019\/12\/pikowanie-maszyna-thegem-product-justified-square-m.jpg 1x\" sizes=\"100vw\"> <img src=\"https:\/\/pikuj.pl\/wp-content\/uploads\/2019\/12\/pikowanie-maszyna-thegem-product-justified-square-m.jpg\" width=\"400\" height=\"400\" class=\"attachment-thegem-product-justified-square-m\" alt=\"STEPPMASCHINE\" \/> <\/picture> <\/div> <div class=\"overlay \"> <div class=\"overlay-circle\"><\/div> <a href=\"https:\/\/pikuj.pl\/wp-content\/uploads\/2019\/12\/pikowanie-maszyna.jpg\" class=\"gallery-item-link fancy-gallery\" data-fancybox=\"gallery-69f8608c6c16a\"> <span class=\"slide-info\"> <span class=\"slide-info-title\"> STEPPMASCHINE <\/span> <span class=\"slide-info-summary\"> Fadensteppmaschine in Lodz <\/span> <\/span> <\/a> <div class=\"overlay-content\"> <div class=\"overlay-content-center\"> <div class=\"overlay-content-inner\"> <a href=\"https:\/\/pikuj.pl\/wp-content\/uploads\/2019\/12\/pikowanie-maszyna.jpg\" class=\"icon photo \" > <\/a> <div class=\"overlay-line\"><\/div> <div class=\"title\"> STEPPMASCHINE <\/div> <div class=\"subtitle\"> Fadensteppmaschine in Lodz <\/div> <\/div> <\/div> <\/div> <\/div> <\/div> <\/div> <\/li> <li class=\"gallery-item gallery-0 col-xs-12 col-sm-6 col-md-4 item-animations-not-inited single-icon post-3670 page type-page status-publish\" style=\"\"> <div class=\"wrap gem-wrapbox-style-default\"> <div class=\"overlay-wrap\"> <div class=\"image-wrap \"> <picture> <source srcset=\"https:\/\/pikuj.pl\/wp-content\/uploads\/2019\/12\/pikowanie-maszynowe-lodz-thegem-product-justified-square-m.jpg 1x\" sizes=\"100vw\"> <img src=\"https:\/\/pikuj.pl\/wp-content\/uploads\/2019\/12\/pikowanie-maszynowe-lodz-thegem-product-justified-square-m.jpg\" width=\"400\" height=\"400\" class=\"attachment-thegem-product-justified-square-m\" alt=\"MASCHINENSTEPPEN LODZ\" \/> <\/picture> <\/div> <div class=\"overlay \"> <div class=\"overlay-circle\"><\/div> <a href=\"https:\/\/pikuj.pl\/wp-content\/uploads\/2019\/12\/pikowanie-maszynowe-lodz.jpg\" class=\"gallery-item-link fancy-gallery\" data-fancybox=\"gallery-69f8608c6c16a\"> <span class=\"slide-info\"> <span class=\"slide-info-title\"> MASCHINENSTEPPEN LODZ <\/span> <span class=\"slide-info-summary\"> Maschinenquilten im Lodz <\/span> <\/span> <\/a> <div class=\"overlay-content\"> <div class=\"overlay-content-center\"> <div class=\"overlay-content-inner\"> <a href=\"https:\/\/pikuj.pl\/wp-content\/uploads\/2019\/12\/pikowanie-maszynowe-lodz.jpg\" class=\"icon photo \" > <\/a> <div class=\"overlay-line\"><\/div> <div class=\"title\"> MASCHINENSTEPPEN LODZ <\/div> <div class=\"subtitle\"> Maschinenquilten im Lodz <\/div> <\/div> <\/div> <\/div> <\/div> <\/div> <\/div> <\/li> <li class=\"gallery-item gallery-0 col-xs-12 col-sm-6 col-md-4 item-animations-not-inited single-icon post-3670 page type-page status-publish\" style=\"\"> <div class=\"wrap gem-wrapbox-style-default\"> <div class=\"overlay-wrap\"> <div class=\"image-wrap \"> <picture> <source srcset=\"https:\/\/pikuj.pl\/wp-content\/uploads\/2019\/12\/pikowanie-pp-plus-thegem-product-justified-square-m.jpg 1x\" sizes=\"100vw\"> <img src=\"https:\/\/pikuj.pl\/wp-content\/uploads\/2019\/12\/pikowanie-pp-plus-thegem-product-justified-square-m.jpg\" width=\"400\" height=\"400\" class=\"attachment-thegem-product-justified-square-m\" alt=\"STEPPEN PP PLUS\" \/> <\/picture> <\/div> <div class=\"overlay \"> <div class=\"overlay-circle\"><\/div> <a href=\"https:\/\/pikuj.pl\/wp-content\/uploads\/2019\/12\/pikowanie-pp-plus.jpg\" class=\"gallery-item-link fancy-gallery\" data-fancybox=\"gallery-69f8608c6c16a\"> <span class=\"slide-info\"> <span class=\"slide-info-title\"> STEPPEN PP PLUS <\/span> <span class=\"slide-info-summary\"> Quilten im Polen, Lodz <\/span> <\/span> <\/a> <div class=\"overlay-content\"> <div class=\"overlay-content-center\"> <div class=\"overlay-content-inner\"> <a href=\"https:\/\/pikuj.pl\/wp-content\/uploads\/2019\/12\/pikowanie-pp-plus.jpg\" class=\"icon photo \" > <\/a> <div class=\"overlay-line\"><\/div> <div class=\"title\"> STEPPEN PP PLUS <\/div> <div class=\"subtitle\"> Quilten im Polen, Lodz <\/div> <\/div> <\/div> <\/div> <\/div> <\/div> <\/div> <\/li> <li class=\"gallery-item gallery-0 col-xs-12 col-sm-6 col-md-4 item-animations-not-inited single-icon post-3670 page type-page status-publish\" style=\"\"> <div class=\"wrap gem-wrapbox-style-default\"> <div class=\"overlay-wrap\"> <div class=\"image-wrap \"> <picture> <source srcset=\"https:\/\/pikuj.pl\/wp-content\/uploads\/2019\/12\/pikowanie-pp-plus-lodz-thegem-product-justified-square-m.jpg 1x\" sizes=\"100vw\"> <img src=\"https:\/\/pikuj.pl\/wp-content\/uploads\/2019\/12\/pikowanie-pp-plus-lodz-thegem-product-justified-square-m.jpg\" width=\"400\" height=\"400\" class=\"attachment-thegem-product-justified-square-m\" alt=\"STEPPEN PP PLUS LODZ\" \/> <\/picture> <\/div> <div class=\"overlay \"> <div class=\"overlay-circle\"><\/div> <a href=\"https:\/\/pikuj.pl\/wp-content\/uploads\/2019\/12\/pikowanie-pp-plus-lodz.jpg\" class=\"gallery-item-link fancy-gallery\" data-fancybox=\"gallery-69f8608c6c16a\"> <span class=\"slide-info\"> <span class=\"slide-info-title\"> STEPPEN PP PLUS LODZ <\/span> <span class=\"slide-info-summary\"> die Quiltfirma <\/span> <\/span> <\/a> <div class=\"overlay-content\"> <div class=\"overlay-content-center\"> <div class=\"overlay-content-inner\"> <a href=\"https:\/\/pikuj.pl\/wp-content\/uploads\/2019\/12\/pikowanie-pp-plus-lodz.jpg\" class=\"icon photo \" > <\/a> <div class=\"overlay-line\"><\/div> <div class=\"title\"> STEPPEN PP PLUS LODZ <\/div> <div class=\"subtitle\"> die Quiltfirma <\/div> <\/div> <\/div> <\/div> <\/div> <\/div> <\/div> <\/li> <li class=\"gallery-item gallery-0 col-xs-12 col-sm-6 col-md-4 item-animations-not-inited single-icon post-3670 page type-page status-publish\" style=\"\"> <div class=\"wrap gem-wrapbox-style-default\"> <div class=\"overlay-wrap\"> <div class=\"image-wrap \"> <picture> <source srcset=\"https:\/\/pikuj.pl\/wp-content\/uploads\/2019\/12\/pikowanie-maszynowe-thegem-product-justified-square-m.jpg 1x\" sizes=\"100vw\"> <img src=\"https:\/\/pikuj.pl\/wp-content\/uploads\/2019\/12\/pikowanie-maszynowe-thegem-product-justified-square-m.jpg\" width=\"400\" height=\"400\" class=\"attachment-thegem-product-justified-square-m\" alt=\"STEPPEN VON STOFFEN - MASCHINE\" \/> <\/picture> <\/div> <div class=\"overlay \"> <div class=\"overlay-circle\"><\/div> <a href=\"https:\/\/pikuj.pl\/wp-content\/uploads\/2019\/12\/pikowanie-maszynowe.jpg\" class=\"gallery-item-link fancy-gallery\" data-fancybox=\"gallery-69f8608c6c16a\"> <span class=\"slide-info\"> <span class=\"slide-info-title\"> STEPPEN VON STOFFEN - MASCHINE <\/span> <\/span> <\/a> <div class=\"overlay-content\"> <div class=\"overlay-content-center\"> <div class=\"overlay-content-inner\"> <a href=\"https:\/\/pikuj.pl\/wp-content\/uploads\/2019\/12\/pikowanie-maszynowe.jpg\" class=\"icon photo \" > <\/a> <div class=\"overlay-line\"><\/div> <div class=\"title\"> STEPPEN VON STOFFEN - MASCHINE <\/div> <\/div> <\/div> <\/div> <\/div> <\/div> <\/div> <\/li> <\/ul> <div class=\"portfolio-item-size-container\"> <li class=\"gallery-item size-item col-xs-12 col-sm-6 col-md-4 post-3670 page type-page status-publish\" style=\"\"> <\/li> <\/div> <\/div> <\/div> <\/div> <\/div><div class=\"clearboth\"><\/div><style>#thegem-divider-69f8608c6e2d8 {margin-top: 48px !important;}<\/style><div id=\"thegem-divider-69f8608c6e2d8\" class=\"gem-divider  \" style=\"\" ><\/div>[\/vc_column][\/vc_row]<\/p>\n<\/div>","protected":false},"excerpt":{"rendered":"<p>[vc_row css=&#8220;.vc_custom_1580499830990{padding-top: 40px !important;padding-bottom: 0px !important;background-color: #edf2f5 !important;background-position: center !important;background-repeat: no-repeat !important;background-size: cover !important;}&#8220;][vc_column][vc_column_text] Seit 1996 bieten wir Steppdienstleistungen f\u00fcr&#8230;<\/p>\n","protected":false},"author":1,"featured_media":0,"parent":0,"menu_order":0,"comment_status":"closed","ping_status":"closed","template":"","meta":{"footnotes":""},"yoast_head":"<!-- This site is optimized with the Yoast SEO plugin v24.5 - https:\/\/yoast.com\/wordpress\/plugins\/seo\/ -->\n<title>Professionelles Quilten von Stoffen und Vliesstoffen \u0141\u00f3d\u017a, Polen - PP Plus<\/title>\n<meta name=\"description\" content=\"PP PLus ist eines der \u00e4ltesten Unternehmen in Polen, das Fadensteppdienste anbietet. Erfahrung und moderne Maschinen sind unser gr\u00f6\u00dftes Kapital.\" \/>\n<meta name=\"robots\" content=\"index, follow, max-snippet:-1, max-image-preview:large, max-video-preview:-1\" \/>\n<link rel=\"canonical\" href=\"https:\/\/pikuj.pl\/de\/ueber-uns\/\" \/>\n<meta property=\"og:locale\" content=\"de_DE\" \/>\n<meta property=\"og:type\" content=\"article\" \/>\n<meta property=\"og:title\" content=\"Professionelles Quilten von Stoffen und Vliesstoffen \u0141\u00f3d\u017a, Polen - PP Plus\" \/>\n<meta property=\"og:description\" content=\"PP PLus ist eines der \u00e4ltesten Unternehmen in Polen, das Fadensteppdienste anbietet. Erfahrung und moderne Maschinen sind unser gr\u00f6\u00dftes Kapital.\" \/>\n<meta property=\"og:url\" content=\"https:\/\/pikuj.pl\/de\/ueber-uns\/\" \/>\n<meta property=\"og:site_name\" content=\"Pikowanie Niciowe w \u0141odzi\" \/>\n<meta property=\"article:publisher\" content=\"https:\/\/www.facebook.com\/PikujPlus\/\" \/>\n<meta property=\"article:modified_time\" content=\"2020-08-12T12:59:27+00:00\" \/>\n<meta name=\"twitter:card\" content=\"summary_large_image\" \/>\n<meta name=\"twitter:site\" content=\"@PikujPlus\" \/>\n<meta name=\"twitter:label1\" content=\"Gesch\u00e4tzte Lesezeit\" \/>\n\t<meta name=\"twitter:data1\" content=\"2\u00a0Minuten\" \/>\n<script type=\"application\/ld+json\" class=\"yoast-schema-graph\">{\"@context\":\"https:\/\/schema.org\",\"@graph\":[{\"@type\":\"WebPage\",\"@id\":\"https:\/\/pikuj.pl\/de\/ueber-uns\/\",\"url\":\"https:\/\/pikuj.pl\/de\/ueber-uns\/\",\"name\":\"Professionelles Quilten von Stoffen und Vliesstoffen \u0141\u00f3d\u017a, Polen - PP Plus\",\"isPartOf\":{\"@id\":\"https:\/\/pikuj.pl\/de\/#website\"},\"datePublished\":\"2019-02-11T06:45:10+00:00\",\"dateModified\":\"2020-08-12T12:59:27+00:00\",\"description\":\"PP PLus ist eines der \u00e4ltesten Unternehmen in Polen, das Fadensteppdienste anbietet. Erfahrung und moderne Maschinen sind unser gr\u00f6\u00dftes Kapital.\",\"breadcrumb\":{\"@id\":\"https:\/\/pikuj.pl\/de\/ueber-uns\/#breadcrumb\"},\"inLanguage\":\"de\",\"potentialAction\":[{\"@type\":\"ReadAction\",\"target\":[\"https:\/\/pikuj.pl\/de\/ueber-uns\/\"]}]},{\"@type\":\"BreadcrumbList\",\"@id\":\"https:\/\/pikuj.pl\/de\/ueber-uns\/#breadcrumb\",\"itemListElement\":[{\"@type\":\"ListItem\",\"position\":1,\"name\":\"Startseite\",\"item\":\"https:\/\/pikuj.pl\/de\/\"},{\"@type\":\"ListItem\",\"position\":2,\"name\":\"\u00dcber uns\"}]},{\"@type\":\"WebSite\",\"@id\":\"https:\/\/pikuj.pl\/de\/#website\",\"url\":\"https:\/\/pikuj.pl\/de\/\",\"name\":\"Pikowanie Niciowe w \u0141odzi\",\"description\":\"PP Plus\",\"publisher\":{\"@id\":\"https:\/\/pikuj.pl\/de\/#organization\"},\"potentialAction\":[{\"@type\":\"SearchAction\",\"target\":{\"@type\":\"EntryPoint\",\"urlTemplate\":\"https:\/\/pikuj.pl\/de\/?s={search_term_string}\"},\"query-input\":{\"@type\":\"PropertyValueSpecification\",\"valueRequired\":true,\"valueName\":\"search_term_string\"}}],\"inLanguage\":\"de\"},{\"@type\":\"Organization\",\"@id\":\"https:\/\/pikuj.pl\/de\/#organization\",\"name\":\"PP Plus\",\"url\":\"https:\/\/pikuj.pl\/de\/\",\"logo\":{\"@type\":\"ImageObject\",\"inLanguage\":\"de\",\"@id\":\"https:\/\/pikuj.pl\/de\/#\/schema\/logo\/image\/\",\"url\":\"http:\/\/pikuj.pl\/wp-content\/uploads\/2019\/11\/Brand_Logo_Symbol_PP_Plus-19.png\",\"contentUrl\":\"http:\/\/pikuj.pl\/wp-content\/uploads\/2019\/11\/Brand_Logo_Symbol_PP_Plus-19.png\",\"width\":1920,\"height\":1920,\"caption\":\"PP Plus\"},\"image\":{\"@id\":\"https:\/\/pikuj.pl\/de\/#\/schema\/logo\/image\/\"},\"sameAs\":[\"https:\/\/www.facebook.com\/PikujPlus\/\",\"https:\/\/x.com\/PikujPlus\",\"https:\/\/www.instagram.com\/PikujPlus\/\",\"https:\/\/www.facebook.com\/company\/PikujPlus\/\",\"https:\/\/www.pinterest.com\/PikujPlus\/\"]}]}<\/script>\n<!-- \/ Yoast SEO plugin. -->","yoast_head_json":{"title":"Professionelles Quilten von Stoffen und Vliesstoffen \u0141\u00f3d\u017a, Polen - PP Plus","description":"PP PLus ist eines der \u00e4ltesten Unternehmen in Polen, das Fadensteppdienste anbietet. Erfahrung und moderne Maschinen sind unser gr\u00f6\u00dftes Kapital.","robots":{"index":"index","follow":"follow","max-snippet":"max-snippet:-1","max-image-preview":"max-image-preview:large","max-video-preview":"max-video-preview:-1"},"canonical":"https:\/\/pikuj.pl\/de\/ueber-uns\/","og_locale":"de_DE","og_type":"article","og_title":"Professionelles Quilten von Stoffen und Vliesstoffen \u0141\u00f3d\u017a, Polen - PP Plus","og_description":"PP PLus ist eines der \u00e4ltesten Unternehmen in Polen, das Fadensteppdienste anbietet. Erfahrung und moderne Maschinen sind unser gr\u00f6\u00dftes Kapital.","og_url":"https:\/\/pikuj.pl\/de\/ueber-uns\/","og_site_name":"Pikowanie Niciowe w \u0141odzi","article_publisher":"https:\/\/www.facebook.com\/PikujPlus\/","article_modified_time":"2020-08-12T12:59:27+00:00","twitter_card":"summary_large_image","twitter_site":"@PikujPlus","twitter_misc":{"Gesch\u00e4tzte Lesezeit":"2\u00a0Minuten"},"schema":{"@context":"https:\/\/schema.org","@graph":[{"@type":"WebPage","@id":"https:\/\/pikuj.pl\/de\/ueber-uns\/","url":"https:\/\/pikuj.pl\/de\/ueber-uns\/","name":"Professionelles Quilten von Stoffen und Vliesstoffen \u0141\u00f3d\u017a, Polen - PP Plus","isPartOf":{"@id":"https:\/\/pikuj.pl\/de\/#website"},"datePublished":"2019-02-11T06:45:10+00:00","dateModified":"2020-08-12T12:59:27+00:00","description":"PP PLus ist eines der \u00e4ltesten Unternehmen in Polen, das Fadensteppdienste anbietet. Erfahrung und moderne Maschinen sind unser gr\u00f6\u00dftes Kapital.","breadcrumb":{"@id":"https:\/\/pikuj.pl\/de\/ueber-uns\/#breadcrumb"},"inLanguage":"de","potentialAction":[{"@type":"ReadAction","target":["https:\/\/pikuj.pl\/de\/ueber-uns\/"]}]},{"@type":"BreadcrumbList","@id":"https:\/\/pikuj.pl\/de\/ueber-uns\/#breadcrumb","itemListElement":[{"@type":"ListItem","position":1,"name":"Startseite","item":"https:\/\/pikuj.pl\/de\/"},{"@type":"ListItem","position":2,"name":"\u00dcber uns"}]},{"@type":"WebSite","@id":"https:\/\/pikuj.pl\/de\/#website","url":"https:\/\/pikuj.pl\/de\/","name":"Pikowanie Niciowe w \u0141odzi","description":"PP Plus","publisher":{"@id":"https:\/\/pikuj.pl\/de\/#organization"},"potentialAction":[{"@type":"SearchAction","target":{"@type":"EntryPoint","urlTemplate":"https:\/\/pikuj.pl\/de\/?s={search_term_string}"},"query-input":{"@type":"PropertyValueSpecification","valueRequired":true,"valueName":"search_term_string"}}],"inLanguage":"de"},{"@type":"Organization","@id":"https:\/\/pikuj.pl\/de\/#organization","name":"PP Plus","url":"https:\/\/pikuj.pl\/de\/","logo":{"@type":"ImageObject","inLanguage":"de","@id":"https:\/\/pikuj.pl\/de\/#\/schema\/logo\/image\/","url":"http:\/\/pikuj.pl\/wp-content\/uploads\/2019\/11\/Brand_Logo_Symbol_PP_Plus-19.png","contentUrl":"http:\/\/pikuj.pl\/wp-content\/uploads\/2019\/11\/Brand_Logo_Symbol_PP_Plus-19.png","width":1920,"height":1920,"caption":"PP Plus"},"image":{"@id":"https:\/\/pikuj.pl\/de\/#\/schema\/logo\/image\/"},"sameAs":["https:\/\/www.facebook.com\/PikujPlus\/","https:\/\/x.com\/PikujPlus","https:\/\/www.instagram.com\/PikujPlus\/","https:\/\/www.facebook.com\/company\/PikujPlus\/","https:\/\/www.pinterest.com\/PikujPlus\/"]}]}},"_links":{"self":[{"href":"https:\/\/pikuj.pl\/de\/wp-json\/wp\/v2\/pages\/3670"}],"collection":[{"href":"https:\/\/pikuj.pl\/de\/wp-json\/wp\/v2\/pages"}],"about":[{"href":"https:\/\/pikuj.pl\/de\/wp-json\/wp\/v2\/types\/page"}],"author":[{"embeddable":true,"href":"https:\/\/pikuj.pl\/de\/wp-json\/wp\/v2\/users\/1"}],"replies":[{"embeddable":true,"href":"https:\/\/pikuj.pl\/de\/wp-json\/wp\/v2\/comments?post=3670"}],"version-history":[{"count":4,"href":"https:\/\/pikuj.pl\/de\/wp-json\/wp\/v2\/pages\/3670\/revisions"}],"predecessor-version":[{"id":4505,"href":"https:\/\/pikuj.pl\/de\/wp-json\/wp\/v2\/pages\/3670\/revisions\/4505"}],"wp:attachment":[{"href":"https:\/\/pikuj.pl\/de\/wp-json\/wp\/v2\/media?parent=3670"}],"curies":[{"name":"wp","href":"https:\/\/api.w.org\/{rel}","templated":true}]}}