{"id":3717,"date":"2018-12-06T12:37:04","date_gmt":"2018-12-06T11:37:04","guid":{"rendered":"http:\/\/pikuj.pl\/kontakt\/"},"modified":"2020-08-12T14:56:30","modified_gmt":"2020-08-12T12:56:30","slug":"kontakt","status":"publish","type":"page","link":"https:\/\/pikuj.pl\/de\/kontakt\/","title":{"rendered":"Kontakt"},"content":{"rendered":"<div class=\"wpb-content-wrapper\"><p>[vc_row full_width=&#8220;stretch_row&#8220; css=&#8220;.vc_custom_1576498460343{margin-bottom: 0px !important;background-image: url(http:\/\/pikuj.pl\/wp-content\/uploads\/2019\/12\/dane-kontaktowe-pikowanie.jpg?id=1205) !important;background-position: center !important;background-repeat: no-repeat !important;background-size: cover !important;}&#8220;][vc_column css=&#8220;.vc_custom_1544104109970{padding-top: 0px !important;}&#8220;]<div class=\"clearboth\"><\/div><style>#thegem-divider-69debbcfe2247 {margin-top: 48px !important;}<\/style><div id=\"thegem-divider-69debbcfe2247\" class=\"gem-divider  \" style=\"\" ><\/div>[vc_row_inner][vc_column_inner offset=&#8220;vc_col-lg-offset-2 vc_col-lg-8 vc_col-md-offset-1 vc_col-md-10&#8243;][vc_column_text css=&#8220;.vc_custom_1585900017820{margin-bottom: 0px !important;}&#8220;]<\/p>\n<p style=\"text-align: center;\">Der gro\u00dfe Vorteil unseres Unternehmens ist die Lage im zentralen Teil Polens &#8211; in Lodz, einer Stadt mit textilen Traditionen. Dies gibt uns die M\u00f6glichkeit, einzigartige Stoffe zu erwerben und hochwertige Gewebe zum Fadensteppen zu verwenden.<\/p>\n<p>[\/vc_column_text][\/vc_column_inner][\/vc_row_inner][vc_row_inner equal_height=&#8220;yes&#8220; css=&#8220;.vc_custom_1576686622952{background-position: center !important;background-repeat: no-repeat !important;background-size: cover !important;}&#8220;][vc_column_inner offset=&#8220;vc_col-md-4&#8243;]<div class=\"gem-textbox \"  ><div class=\"gem-textbox-inner\" style=\"\"><div class=\"gem-textbox-content\" style=\"background-color: #ffffff;background-position: center top;padding-top: 48px;padding-bottom: 48px;\">[vc_column_text css=&#8220;.vc_custom_1580482146593{margin-top: 0px !important;margin-bottom: 0px !important;border-bottom-width: 0px !important;padding-bottom: 0px !important;}&#8220;]<\/p>\n<div class=\"title-h5\" style=\"text-align: center;\">Kontakt<\/div>\n<p>[\/vc_column_text]<div class=\"clearboth\"><\/div><style>#thegem-divider-69debbcfe232d {margin-top: 12px !important;}#thegem-divider-69debbcfe232d {margin-bottom: 12px !important;}<\/style><div id=\"thegem-divider-69debbcfe232d\" class=\"gem-divider  dividerShort\" style=\"border-color: #00a4ef;\" ><\/div>[vc_column_text css_animation=&#8220;bounceInLeft&#8220; css=&#8220;.vc_custom_1580809825303{margin-bottom: 0px !important;}&#8220;]<\/p>\n<p style=\"text-align: center;\">mail: <a title=\"Schreiben Sie uns an: biuro@pikuj.pl\" href=\"mailto:biuro@pikuj.pl\">biuro@pikuj.pl<\/a><\/p>\n<p style=\"text-align: center;\">fax: (+48) 42-684-59-52<\/p>\n<p>[\/vc_column_text]<\/div><\/div><\/div>[\/vc_column_inner][vc_column_inner offset=&#8220;vc_col-md-4&#8243;]<div class=\"gem-textbox \"  ><div class=\"gem-textbox-inner\" style=\"\"><div class=\"gem-textbox-content\" style=\"background-color: #ffffff;background-position: center top;padding-top: 48px;padding-bottom: 48px;\">[vc_column_text css=&#8220;.vc_custom_1580482136889{margin-top: 0px !important;margin-bottom: 0px !important;border-bottom-width: 0px !important;padding-bottom: 0px !important;}&#8220;]<\/p>\n<div class=\"title-h5\" style=\"text-align: center;\">ADRESSE<\/div>\n<p>[\/vc_column_text]<div class=\"clearboth\"><\/div><style>#thegem-divider-69debbcfe2398 {margin-top: 12px !important;}#thegem-divider-69debbcfe2398 {margin-bottom: 12px !important;}<\/style><div id=\"thegem-divider-69debbcfe2398\" class=\"gem-divider  dividerShort\" style=\"border-color: #00a4ef;\" ><\/div>[vc_column_text css_animation=&#8220;bounceInUp&#8220; css=&#8220;.vc_custom_1580809782609{margin-bottom: 0px !important;}&#8220;]<\/p>\n<p style=\"text-align: center;\">Karolastra\u00dfe 3<br \/>\n93-239 Lodz<br \/>\nPolen<\/p>\n<p>[\/vc_column_text]<\/div><\/div><\/div>[\/vc_column_inner][vc_column_inner offset=&#8220;vc_col-md-4&#8243;]<div class=\"gem-textbox \"  ><div class=\"gem-textbox-inner\" style=\"\"><div class=\"gem-textbox-content\" style=\"background-color: #ffffff;background-position: center top;padding-top: 48px;padding-bottom: 48px;\">[vc_column_text css=&#8220;.vc_custom_1580482142948{margin-top: 0px !important;margin-bottom: 0px !important;border-bottom-width: 0px !important;padding-bottom: 0px !important;}&#8220;]<\/p>\n<div class=\"title-h5\" style=\"text-align: center;\">Handy<\/div>\n<p>[\/vc_column_text]<div class=\"clearboth\"><\/div><style>#thegem-divider-69debbcfe23db {margin-top: 12px !important;}#thegem-divider-69debbcfe23db {margin-bottom: 12px !important;}<\/style><div id=\"thegem-divider-69debbcfe23db\" class=\"gem-divider  dividerShort\" style=\"border-color: #00a4ef;\" ><\/div>[vc_column_text css_animation=&#8220;bounceInRight&#8220; css=&#8220;.vc_custom_1580809770752{margin-bottom: 0px !important;}&#8220;]<\/p>\n<p style=\"text-align: center;\">tel: <a title=\"Rufen Sie die Nummer an (+48) 42 683 12 31\" href=\"tel:0048426831231\">(+48) 42 683 12 31<\/a><br \/>\ntel: <a title=\"Rufen Sie die Nummer an (+48) 508 057 828\" href=\"tel:0048508057828\">(+48) 508 057 828<\/a><br \/>\ntel: <a title=\"Rufen Sie die Nummer an (+48) 516 129 907\" href=\"tel:0048516129907\">(+48) 516 129 907<\/a><\/p>\n<p>[\/vc_column_text]<\/div><\/div><\/div>[\/vc_column_inner][\/vc_row_inner]<div class=\"clearboth\"><\/div><style>#thegem-divider-69debbcfe23f6 {margin-top: 48px !important;}<\/style><div id=\"thegem-divider-69debbcfe23f6\" class=\"gem-divider  \" style=\"\" ><\/div><div class=\"gem-textbox \"  ><div class=\"gem-textbox-inner\" style=\"\"><div class=\"gem-textbox-content\" style=\"background-color: #ffffff;background-position: center top;padding-top: 48px;padding-bottom: 48px;\">[vc_column_text css=&#8220;.vc_custom_1580502566883{margin-top: 0px !important;margin-bottom: 0px !important;border-bottom-width: 0px !important;padding-bottom: 0px !important;}&#8220; el_id=&#8220;godziny&#8220;]<\/p>\n<div class=\"title-h5\" style=\"text-align: center;\">\u00d6FFNUNGSZEITEN<\/div>\n<p>[\/vc_column_text]<div class=\"clearboth\"><\/div><style>#thegem-divider-69debbcfe242e {margin-top: 12px !important;}#thegem-divider-69debbcfe242e {margin-bottom: 12px !important;}<\/style><div id=\"thegem-divider-69debbcfe242e\" class=\"gem-divider  dividerShort\" style=\"border-color: #00a4ef;\" ><\/div>[vc_column_text css=&#8220;.vc_custom_1580482645495{margin-bottom: 0px !important;}&#8220;]<\/p>\n<p style=\"text-align: center;\">Mo \u2013 Fr: 8:00 \u2013 16:00<\/p>\n<p style=\"text-align: center;\">Samstag: 8:00 \u2013 13:00<\/p>\n<p style=\"text-align: center;\">Sonntag: geschlossen<\/p>\n<p>[\/vc_column_text]<\/div><\/div><\/div><div class=\"clearboth\"><\/div><style>#thegem-divider-69debbcfe2445 {margin-top: 12px !important;}#thegem-divider-69debbcfe2445 {margin-bottom: 12px !important;}<\/style><div id=\"thegem-divider-69debbcfe2445\" class=\"gem-divider  dividerShort\" style=\"border-color: rgba(255,255,255,0.01);\" ><\/div>[\/vc_column][\/vc_row][vc_row full_width=&#8220;stretch_row_content_no_spaces&#8220; css=&#8220;.vc_custom_1576498794640{padding-top: 0px !important;padding-bottom: 0px !important;}&#8220;][vc_column]<div id=\"fullwidth-block-69debbcfe2463\" class=\"fullwidth-block clearfix\"  style=\"\"><script type=\"text\/javascript\">if (typeof(gem_fix_fullwidth_position) == \"function\") { gem_fix_fullwidth_position(document.getElementById(\"fullwidth-block-69debbcfe2463\")); }<\/script><div class=\"fullwidth-block-inner\">[vc_gmaps link=&#8220;#E-8_JTNDaWZyYW1lJTIwc3JjJTNEJTIyaHR0cHMlM0ElMkYlMkZ3d3cuZ29vZ2xlLmNvbSUyRm1hcHMlMkZlbWJlZCUzRnBiJTNEJTIxMW0xNCUyMTFtOCUyMTFtMyUyMTFkOTg4NS4zMTI5NDMyMTAwMTIlMjEyZDE5LjQ5NzAxOTMlMjEzZDUxLjcyNzAzMTUlMjEzbTIlMjExaTEwMjQlMjEyaTc2OCUyMTRmMTMuMSUyMTNtMyUyMTFtMiUyMTFzMHgwJTI1M0EweGZhYzdiZjJmZGM4MTE0YzclMjEyc1BQJTI1MjBQbHVzJTI1MjBTcC4lMjUyMHolMjUyMG8uby4lMjE1ZTAlMjEzbTIlMjExc3BsJTIxMnNwbCUyMTR2MTU3NjQ5ODI2ODk5MyUyMTVtMiUyMTFzcGwlMjEyc3BsJTIyJTIwd2lkdGglM0QlMjIxMDAlMjUlMjIlMjBoZWlnaHQlM0QlMjI0NTAlMjIlMjBmcmFtZWJvcmRlciUzRCUyMjAlMjIlMjBzdHlsZSUzRCUyMmJvcmRlciUzQTAlM0IlMjIlMjBhbGxvd2Z1bGxzY3JlZW4lM0QlMjIlMjIlM0UlM0MlMkZpZnJhbWUlM0U=&#8220;]<\/div><\/div>[\/vc_column][\/vc_row][vc_row full_width=&#8220;stretch_row&#8220; css=&#8220;.vc_custom_1544169311397{margin-bottom: 0px !important;}&#8220;][vc_column css=&#8220;.vc_custom_1544104109970{padding-top: 0px !important;}&#8220;]<div class=\"clearboth\"><\/div><style>#thegem-divider-69debbcfe2492 {margin-top: 48px !important;}<\/style><div id=\"thegem-divider-69debbcfe2492\" class=\"gem-divider  \" style=\"\" ><\/div>[vc_column_text]<\/p>\n<div class=\"title-h2\" style=\"text-align: center;\">SCHREIBEN SIE UNS<\/div>\n<p>[\/vc_column_text]<div class=\"clearboth\"><\/div><style>#thegem-divider-69debbcfe24b4 {margin-top: 40px !important;}<\/style><div id=\"thegem-divider-69debbcfe24b4\" class=\"gem-divider  \" style=\"\" ><\/div>[vc_row_inner][vc_column_inner offset=&#8220;vc_col-lg-offset-2 vc_col-lg-8 vc_col-md-offset-1 vc_col-md-10&#8243;][vc_column_text css=&#8220;.vc_custom_1576665879023{margin-bottom: 0px !important;}&#8220;]<\/p>\n<p style=\"text-align: center;\">Wenn Sie Hilfe ben\u00f6tigen, kontaktieren Sie uns oder senden Sie Ihre Anfrage \u00fcber das unten stehende Formular. Wir werden Ihre Anfrage so schnell wie m\u00f6glich beantworten. Das Senden von Daten \u00fcber das Formular gew\u00e4hrleistet eine sichere Daten\u00fcbertragung.<\/p>\n<p>[\/vc_column_text][\/vc_column_inner][\/vc_row_inner]\n<div class=\"wpcf7 no-js\" id=\"wpcf7-f3695-o1\" lang=\"de-DE\" dir=\"ltr\">\n<div class=\"screen-reader-response\"><p role=\"status\" aria-live=\"polite\" aria-atomic=\"true\"><\/p> <ul><\/ul><\/div>\n<form action=\"\/de\/wp-json\/wp\/v2\/pages\/3717#wpcf7-f3695-o1\" method=\"post\" class=\"wpcf7-form init gem-contact-form-dark gem-contact-form-simple-line\" aria-label=\"Contact form\" novalidate=\"novalidate\" data-status=\"init\">\n<div style=\"display: none;\">\n<input type=\"hidden\" name=\"_wpcf7\" value=\"3695\" \/>\n<input type=\"hidden\" name=\"_wpcf7_version\" value=\"5.9.8\" \/>\n<input type=\"hidden\" name=\"_wpcf7_locale\" value=\"de_DE\" \/>\n<input type=\"hidden\" name=\"_wpcf7_unit_tag\" value=\"wpcf7-f3695-o1\" \/>\n<input type=\"hidden\" name=\"_wpcf7_container_post\" value=\"0\" \/>\n<input type=\"hidden\" name=\"_wpcf7_posted_data_hash\" value=\"\" \/>\n<\/div>\n<div class=\"row medical-center\">\r\n<div class=\"col-lg-4 col-md-4 col-xs-12\"><div class=\"form-line\"><span class=\"wpcf7-form-control-wrap\" data-name=\"your-name\"><input size=\"40\" maxlength=\"400\" class=\"wpcf7-form-control wpcf7-text wpcf7-validates-as-required\" aria-required=\"true\" aria-invalid=\"false\" placeholder=\"Vor- und Nachname (erforderlich):\" value=\"\" type=\"text\" name=\"your-name\" \/><\/span><\/div><\/div>\r\n<div class=\"col-lg-4 col-md-4 col-xs-12\"><div class=\"form-line\"><span class=\"wpcf7-form-control-wrap\" data-name=\"your-email\"><input size=\"40\" maxlength=\"400\" class=\"wpcf7-form-control wpcf7-email wpcf7-validates-as-required wpcf7-text wpcf7-validates-as-email\" aria-required=\"true\" aria-invalid=\"false\" placeholder=\"E-mail (erforderlich):\" value=\"\" type=\"email\" name=\"your-email\" \/><\/span><\/div><\/div>\r\n<div class=\"col-lg-4 col-md-4 col-xs-12\"><div class=\"form-line\"><span class=\"wpcf7-form-control-wrap\" data-name=\"your-website\"><input size=\"40\" maxlength=\"400\" class=\"wpcf7-form-control wpcf7-text\" aria-invalid=\"false\" placeholder=\"Betreff:\" value=\"\" type=\"text\" name=\"your-website\" \/><\/span><\/div><\/div>\r\n<div class=\"col-lg-12 col-md-12 col-xs-12\"><div class=\"form-line\"><span class=\"wpcf7-form-control-wrap\" data-name=\"your-message\"><textarea cols=\"30\" rows=\"6\" maxlength=\"2000\" class=\"wpcf7-form-control wpcf7-textarea wpcf7-validates-as-required\" aria-required=\"true\" aria-invalid=\"false\" placeholder=\"Nachrichtentext:\" name=\"your-message\"><\/textarea><\/span><\/div><\/div>\r\n<div class=\"col-lg-12 col-md-12 col-xs-12\"><div class=\"form-line\"> <span class=\"wpcf7-form-control-wrap\" data-name=\"acceptance-531\"><span class=\"wpcf7-form-control wpcf7-acceptance\"><span class=\"wpcf7-list-item\"><label><input type=\"checkbox\" name=\"acceptance-531\" value=\"1\" aria-invalid=\"false\" \/><span class=\"wpcf7-list-item-label\">Der Verantwortliche f\u00fcr die Verarbeitung der personenbezogenen Daten ist das Unternehmen PP Plus Sp. z o.o. mit Sitz in \u0141\u00f3d\u017a in der Karola 3 Stra\u00dfe, 93-239 Lodz, Polen, eingetragen in das Unternehmerregister des Nationalen Gerichtsregisters, das vom Bezirksgericht f\u00fcr \u0141\u00f3d\u017a \u015ar\u00f3dmie\u015bcie in \u0141\u00f3d\u017a, XX. Handelsabteilung des Nationalen Gerichtsregisters, unter der KRS-Nummer 0000060663, NIP, gef\u00fchrt wird: 7292483060, Regon: 47292279700000. Die im Kontaktformular eingegebenen Daten werden verarbeitet, um die gesendete Anfrage gem\u00e4\u00df der Datenschutzerkl\u00e4rung <a href=\"\/de\/datenschutz-bestimmungen\/\" title=\"Datenschutz-Bestimmungen\" ><\/a>Datenschutz-Bestimmungen<\/a> zu beantworten.<\/span><\/label><\/span><\/span><\/span> <\/div>\r\n<style type=\"text\/css\">.thegem-button-69debbcfe35dc88 .gem-button svg {fill: #fdb942;}.thegem-button-69debbcfe35dc88 .gem-button:hover svg {fill: #fff;}<\/style><div class=\"gem-button-container gem-button-position-center thegem-button-69debbcfe35dc88\"  ><input class=\"gem-button gem-button-size-medium gem-button-style-outline gem-button-text-weight-thin gem-button-border-1 wpcf7-form-control wpcf7-submit has-spinner gem-button-wpcf-custom\" data-ll-effect=\"drop-right-without-wrap\" style=\"border-radius: 0px;border-color: #fdb942;color: #fdb942;\" onmouseleave=\"this.style.borderColor='#fdb942';this.style.backgroundColor='transparent';this.style.color='#fdb942';\" onmouseenter=\"this.style.backgroundColor='#fdb942';this.style.color='#fff';\" id=\"\" tabindex=\"\" type=\"submit\" value=\"SENDEN\" \/><\/div> \r\n<\/div>\r\n<\/div><div class=\"wpcf7-response-output\" aria-hidden=\"true\"><\/div>\n<\/form>\n<\/div>\n<div class=\"clearboth\"><\/div><style>#thegem-divider-69debbcfe3634 {margin-top: 12px !important;}<\/style><div id=\"thegem-divider-69debbcfe3634\" class=\"gem-divider  \" style=\"\" ><\/div>[\/vc_column][\/vc_row]<\/p>\n<\/div>","protected":false},"excerpt":{"rendered":"<p>[vc_row full_width=&#8220;stretch_row&#8220; css=&#8220;.vc_custom_1576498460343{margin-bottom: 0px !important;background-image: url(http:\/\/pikuj.pl\/wp-content\/uploads\/2019\/12\/dane-kontaktowe-pikowanie.jpg?id=1205) !important;background-position: center !important;background-repeat: no-repeat !important;background-size: cover !important;}&#8220;][vc_column css=&#8220;.vc_custom_1544104109970{padding-top: 0px !important;}&#8220;][vc_row_inner][vc_column_inner offset=&#8220;vc_col-lg-offset-2 vc_col-lg-8 vc_col-md-offset-1 vc_col-md-10&#8243;][vc_column_text&#8230;<\/p>\n","protected":false},"author":1,"featured_media":0,"parent":0,"menu_order":0,"comment_status":"closed","ping_status":"closed","template":"","meta":{"footnotes":""},"yoast_head":"<!-- This site is optimized with the Yoast SEO plugin v24.5 - https:\/\/yoast.com\/wordpress\/plugins\/seo\/ -->\n<title>Fadensteppung von Stoffen und Vliesstoffen in \u0141\u00f3d\u017a, Polen, Kontakt - PP Plus<\/title>\n<meta name=\"description\" content=\"Bitte kontaktieren Sie unser Unternehmen. Wir befinden uns in \u0141\u00f3d\u017a (Polen) in der Karolastra\u00dfe 3. Sie k\u00f6nnen alle Informationen auch unter der Telefonnummer +48 42 683 12 31 erhalten.\" \/>\n<meta name=\"robots\" content=\"index, follow, max-snippet:-1, max-image-preview:large, max-video-preview:-1\" \/>\n<link rel=\"canonical\" href=\"https:\/\/pikuj.pl\/de\/kontakt\/\" \/>\n<meta property=\"og:locale\" content=\"de_DE\" \/>\n<meta property=\"og:type\" content=\"article\" \/>\n<meta property=\"og:title\" content=\"Fadensteppung von Stoffen und Vliesstoffen in \u0141\u00f3d\u017a, Polen, Kontakt - PP Plus\" \/>\n<meta property=\"og:description\" content=\"Bitte kontaktieren Sie unser Unternehmen. Wir befinden uns in \u0141\u00f3d\u017a (Polen) in der Karolastra\u00dfe 3. Sie k\u00f6nnen alle Informationen auch unter der Telefonnummer +48 42 683 12 31 erhalten.\" \/>\n<meta property=\"og:url\" content=\"https:\/\/pikuj.pl\/de\/kontakt\/\" \/>\n<meta property=\"og:site_name\" content=\"Pikowanie Niciowe w \u0141odzi\" \/>\n<meta property=\"article:publisher\" content=\"https:\/\/www.facebook.com\/PikujPlus\/\" \/>\n<meta property=\"article:modified_time\" content=\"2020-08-12T12:56:30+00:00\" \/>\n<meta name=\"twitter:card\" content=\"summary_large_image\" \/>\n<meta name=\"twitter:site\" content=\"@PikujPlus\" \/>\n<meta name=\"twitter:label1\" content=\"Gesch\u00e4tzte Lesezeit\" \/>\n\t<meta name=\"twitter:data1\" content=\"3\u00a0Minuten\" \/>\n<script type=\"application\/ld+json\" class=\"yoast-schema-graph\">{\"@context\":\"https:\/\/schema.org\",\"@graph\":[{\"@type\":\"WebPage\",\"@id\":\"https:\/\/pikuj.pl\/de\/kontakt\/\",\"url\":\"https:\/\/pikuj.pl\/de\/kontakt\/\",\"name\":\"Fadensteppung von Stoffen und Vliesstoffen in \u0141\u00f3d\u017a, Polen, Kontakt - PP Plus\",\"isPartOf\":{\"@id\":\"https:\/\/pikuj.pl\/de\/#website\"},\"datePublished\":\"2018-12-06T11:37:04+00:00\",\"dateModified\":\"2020-08-12T12:56:30+00:00\",\"description\":\"Bitte kontaktieren Sie unser Unternehmen. Wir befinden uns in \u0141\u00f3d\u017a (Polen) in der Karolastra\u00dfe 3. Sie k\u00f6nnen alle Informationen auch unter der Telefonnummer +48 42 683 12 31 erhalten.\",\"breadcrumb\":{\"@id\":\"https:\/\/pikuj.pl\/de\/kontakt\/#breadcrumb\"},\"inLanguage\":\"de\",\"potentialAction\":[{\"@type\":\"ReadAction\",\"target\":[\"https:\/\/pikuj.pl\/de\/kontakt\/\"]}]},{\"@type\":\"BreadcrumbList\",\"@id\":\"https:\/\/pikuj.pl\/de\/kontakt\/#breadcrumb\",\"itemListElement\":[{\"@type\":\"ListItem\",\"position\":1,\"name\":\"Startseite\",\"item\":\"https:\/\/pikuj.pl\/de\/\"},{\"@type\":\"ListItem\",\"position\":2,\"name\":\"Kontakt\"}]},{\"@type\":\"WebSite\",\"@id\":\"https:\/\/pikuj.pl\/de\/#website\",\"url\":\"https:\/\/pikuj.pl\/de\/\",\"name\":\"Pikowanie Niciowe w \u0141odzi\",\"description\":\"PP Plus\",\"publisher\":{\"@id\":\"https:\/\/pikuj.pl\/de\/#organization\"},\"potentialAction\":[{\"@type\":\"SearchAction\",\"target\":{\"@type\":\"EntryPoint\",\"urlTemplate\":\"https:\/\/pikuj.pl\/de\/?s={search_term_string}\"},\"query-input\":{\"@type\":\"PropertyValueSpecification\",\"valueRequired\":true,\"valueName\":\"search_term_string\"}}],\"inLanguage\":\"de\"},{\"@type\":\"Organization\",\"@id\":\"https:\/\/pikuj.pl\/de\/#organization\",\"name\":\"PP Plus\",\"url\":\"https:\/\/pikuj.pl\/de\/\",\"logo\":{\"@type\":\"ImageObject\",\"inLanguage\":\"de\",\"@id\":\"https:\/\/pikuj.pl\/de\/#\/schema\/logo\/image\/\",\"url\":\"http:\/\/pikuj.pl\/wp-content\/uploads\/2019\/11\/Brand_Logo_Symbol_PP_Plus-19.png\",\"contentUrl\":\"http:\/\/pikuj.pl\/wp-content\/uploads\/2019\/11\/Brand_Logo_Symbol_PP_Plus-19.png\",\"width\":1920,\"height\":1920,\"caption\":\"PP Plus\"},\"image\":{\"@id\":\"https:\/\/pikuj.pl\/de\/#\/schema\/logo\/image\/\"},\"sameAs\":[\"https:\/\/www.facebook.com\/PikujPlus\/\",\"https:\/\/x.com\/PikujPlus\",\"https:\/\/www.instagram.com\/PikujPlus\/\",\"https:\/\/www.facebook.com\/company\/PikujPlus\/\",\"https:\/\/www.pinterest.com\/PikujPlus\/\"]}]}<\/script>\n<!-- \/ Yoast SEO plugin. -->","yoast_head_json":{"title":"Fadensteppung von Stoffen und Vliesstoffen in \u0141\u00f3d\u017a, Polen, Kontakt - PP Plus","description":"Bitte kontaktieren Sie unser Unternehmen. Wir befinden uns in \u0141\u00f3d\u017a (Polen) in der Karolastra\u00dfe 3. Sie k\u00f6nnen alle Informationen auch unter der Telefonnummer +48 42 683 12 31 erhalten.","robots":{"index":"index","follow":"follow","max-snippet":"max-snippet:-1","max-image-preview":"max-image-preview:large","max-video-preview":"max-video-preview:-1"},"canonical":"https:\/\/pikuj.pl\/de\/kontakt\/","og_locale":"de_DE","og_type":"article","og_title":"Fadensteppung von Stoffen und Vliesstoffen in \u0141\u00f3d\u017a, Polen, Kontakt - PP Plus","og_description":"Bitte kontaktieren Sie unser Unternehmen. Wir befinden uns in \u0141\u00f3d\u017a (Polen) in der Karolastra\u00dfe 3. Sie k\u00f6nnen alle Informationen auch unter der Telefonnummer +48 42 683 12 31 erhalten.","og_url":"https:\/\/pikuj.pl\/de\/kontakt\/","og_site_name":"Pikowanie Niciowe w \u0141odzi","article_publisher":"https:\/\/www.facebook.com\/PikujPlus\/","article_modified_time":"2020-08-12T12:56:30+00:00","twitter_card":"summary_large_image","twitter_site":"@PikujPlus","twitter_misc":{"Gesch\u00e4tzte Lesezeit":"3\u00a0Minuten"},"schema":{"@context":"https:\/\/schema.org","@graph":[{"@type":"WebPage","@id":"https:\/\/pikuj.pl\/de\/kontakt\/","url":"https:\/\/pikuj.pl\/de\/kontakt\/","name":"Fadensteppung von Stoffen und Vliesstoffen in \u0141\u00f3d\u017a, Polen, Kontakt - PP Plus","isPartOf":{"@id":"https:\/\/pikuj.pl\/de\/#website"},"datePublished":"2018-12-06T11:37:04+00:00","dateModified":"2020-08-12T12:56:30+00:00","description":"Bitte kontaktieren Sie unser Unternehmen. Wir befinden uns in \u0141\u00f3d\u017a (Polen) in der Karolastra\u00dfe 3. Sie k\u00f6nnen alle Informationen auch unter der Telefonnummer +48 42 683 12 31 erhalten.","breadcrumb":{"@id":"https:\/\/pikuj.pl\/de\/kontakt\/#breadcrumb"},"inLanguage":"de","potentialAction":[{"@type":"ReadAction","target":["https:\/\/pikuj.pl\/de\/kontakt\/"]}]},{"@type":"BreadcrumbList","@id":"https:\/\/pikuj.pl\/de\/kontakt\/#breadcrumb","itemListElement":[{"@type":"ListItem","position":1,"name":"Startseite","item":"https:\/\/pikuj.pl\/de\/"},{"@type":"ListItem","position":2,"name":"Kontakt"}]},{"@type":"WebSite","@id":"https:\/\/pikuj.pl\/de\/#website","url":"https:\/\/pikuj.pl\/de\/","name":"Pikowanie Niciowe w \u0141odzi","description":"PP Plus","publisher":{"@id":"https:\/\/pikuj.pl\/de\/#organization"},"potentialAction":[{"@type":"SearchAction","target":{"@type":"EntryPoint","urlTemplate":"https:\/\/pikuj.pl\/de\/?s={search_term_string}"},"query-input":{"@type":"PropertyValueSpecification","valueRequired":true,"valueName":"search_term_string"}}],"inLanguage":"de"},{"@type":"Organization","@id":"https:\/\/pikuj.pl\/de\/#organization","name":"PP Plus","url":"https:\/\/pikuj.pl\/de\/","logo":{"@type":"ImageObject","inLanguage":"de","@id":"https:\/\/pikuj.pl\/de\/#\/schema\/logo\/image\/","url":"http:\/\/pikuj.pl\/wp-content\/uploads\/2019\/11\/Brand_Logo_Symbol_PP_Plus-19.png","contentUrl":"http:\/\/pikuj.pl\/wp-content\/uploads\/2019\/11\/Brand_Logo_Symbol_PP_Plus-19.png","width":1920,"height":1920,"caption":"PP Plus"},"image":{"@id":"https:\/\/pikuj.pl\/de\/#\/schema\/logo\/image\/"},"sameAs":["https:\/\/www.facebook.com\/PikujPlus\/","https:\/\/x.com\/PikujPlus","https:\/\/www.instagram.com\/PikujPlus\/","https:\/\/www.facebook.com\/company\/PikujPlus\/","https:\/\/www.pinterest.com\/PikujPlus\/"]}]}},"_links":{"self":[{"href":"https:\/\/pikuj.pl\/de\/wp-json\/wp\/v2\/pages\/3717"}],"collection":[{"href":"https:\/\/pikuj.pl\/de\/wp-json\/wp\/v2\/pages"}],"about":[{"href":"https:\/\/pikuj.pl\/de\/wp-json\/wp\/v2\/types\/page"}],"author":[{"embeddable":true,"href":"https:\/\/pikuj.pl\/de\/wp-json\/wp\/v2\/users\/1"}],"replies":[{"embeddable":true,"href":"https:\/\/pikuj.pl\/de\/wp-json\/wp\/v2\/comments?post=3717"}],"version-history":[{"count":1,"href":"https:\/\/pikuj.pl\/de\/wp-json\/wp\/v2\/pages\/3717\/revisions"}],"predecessor-version":[{"id":4034,"href":"https:\/\/pikuj.pl\/de\/wp-json\/wp\/v2\/pages\/3717\/revisions\/4034"}],"wp:attachment":[{"href":"https:\/\/pikuj.pl\/de\/wp-json\/wp\/v2\/media?parent=3717"}],"curies":[{"name":"wp","href":"https:\/\/api.w.org\/{rel}","templated":true}]}}