{"id":3735,"date":"2020-03-04T11:31:47","date_gmt":"2020-03-04T10:31:47","guid":{"rendered":"http:\/\/pikuj.pl\/angebot\/steppen-fuer-den-reitsport\/"},"modified":"2020-08-12T15:27:48","modified_gmt":"2020-08-12T13:27:48","slug":"steppen-fuer-den-reitsport","status":"publish","type":"page","link":"https:\/\/pikuj.pl\/de\/angebot\/steppen-fuer-den-reitsport\/","title":{"rendered":"Steppen f\u00fcr den Reitsport"},"content":{"rendered":"<div class=\"wpb-content-wrapper\"><p>[vc_row][vc_column][vc_column_text]<\/p>\r\n<div class=\"wp-block-spacer\" style=\"height: 48px;\" aria-hidden=\"true\">\u00a0<\/div>\r\n<p>Unser Unternehmen ist seit Jahren auf Steppdienstleistungen f\u00fcr den Reitsport spezialisiert. Lernen Sie unser komplettes Angebot in diesem Bereich kennen.<\/p>\r\n<p>Charakteristische Steppungen werden seit Jahrhunderten mit Reitsport assoziiert. F\u00fcr den Reitsport werden verschiedene Arten von gesteppten Produkten verwendet, die sich durch ein sehr gutes Ma\u00df an D\u00e4mpfung und Isolierung auszeichnen.<\/p>\r\n<p>Bei PP Plus erf\u00fcllen wir die Erwartungen der Reitsportbranche und bieten eine breite Palette an Steppdienstleistungen sowie den Verkauf von Stoffen und Vliesstoffen zum Steppen.<\/p>\r\n<p><strong>F\u00fcr Kunden steppen wir unter anderem:<\/strong><\/p>\r\n<ul>\r\n<li>Sattelkissen<\/li>\r\n<li>Stalldecken<\/li>\r\n<li>Protektoren<\/li>\r\n<li>Reitbekleidung<\/li>\r\n<\/ul>\r\n<p>In unserem Katalog finden Sie Hunderte verschiedener Designs, die auf den oben genannten Produkten zu finden sind. Dies sind sowohl klassische Steppmuster, zum Beispiel Rhomben, als auch ausgefallenere Motive, die mit ihrem originellen Erscheinungsbild sofort ins Auge fallen.<\/p>\r\n<p>Wir steppen auf Materialien mit einer Breite von bis zu 240 cm. Wir steppen auf den vom Kunden bereitgestellten Stoffen, bieten aber auch die M\u00f6glichkeit, unsere Stoffe zu kaufen. In unserem Sortiment haben wir eine breite Palette verschiedener Gewebe und Vliesstoffe zum Fadensteppen, die sich auch bei dem Reitsport bew\u00e4hren.<\/p>\r\n<p>Dank moderner Einrichtungen k\u00f6nnen wir Steppdienstleistungen von h\u00f6chster Qualit\u00e4t anbieten. Wir haben \u00fcber 20 Jahre Erfahrung in unserer Branche und entwickeln uns gleichzeitig st\u00e4ndig weiter, um jedem unserer Kunden einen qualitativ hochwertigen Service zu bieten.<\/p>\r\n<p>PP Plus \u2013 Steppen f\u00fcr den Reitsport \u2013 nutzen Sie unser Angebot!<\/p>\r\n<div class=\"wp-block-spacer\" style=\"height: 48px;\" aria-hidden=\"true\">\u00a0<\/div>\r\n<p>[\/vc_column_text][\/vc_column][\/vc_row]<\/p><\/div>","protected":false},"excerpt":{"rendered":"<p>[vc_row][vc_column][vc_column_text]Unser Unternehmen ist seit Jahren auf Steppdienstleistungen f\u00fcr den Reitsport spezialisiert. Lernen Sie unser komplettes Angebot in diesem Bereich kennen&#8230;.<\/p>\n","protected":false},"author":4,"featured_media":0,"parent":3728,"menu_order":0,"comment_status":"closed","ping_status":"closed","template":"","meta":{"footnotes":""},"yoast_head":"<!-- This site is optimized with the Yoast SEO plugin v24.5 - https:\/\/yoast.com\/wordpress\/plugins\/seo\/ -->\n<title>Steppen Reitsport - f\u00fcr den Reitsport - PP Plus Pikuj.pl<\/title>\n<meta name=\"robots\" content=\"index, follow, max-snippet:-1, max-image-preview:large, max-video-preview:-1\" \/>\n<link rel=\"canonical\" href=\"https:\/\/pikuj.pl\/de\/angebot\/steppen-fuer-den-reitsport\/\" \/>\n<meta property=\"og:locale\" content=\"de_DE\" \/>\n<meta property=\"og:type\" content=\"article\" \/>\n<meta property=\"og:title\" content=\"Steppen Reitsport - f\u00fcr den Reitsport - PP Plus Pikuj.pl\" \/>\n<meta property=\"og:description\" content=\"[vc_row][vc_column][vc_column_text]Unser Unternehmen ist seit Jahren auf Steppdienstleistungen f\u00fcr den Reitsport spezialisiert. Lernen Sie unser komplettes Angebot in diesem Bereich kennen....\" \/>\n<meta property=\"og:url\" content=\"https:\/\/pikuj.pl\/de\/angebot\/steppen-fuer-den-reitsport\/\" \/>\n<meta property=\"og:site_name\" content=\"Pikowanie Niciowe w \u0141odzi\" \/>\n<meta property=\"article:publisher\" content=\"https:\/\/www.facebook.com\/PikujPlus\/\" \/>\n<meta property=\"article:modified_time\" content=\"2020-08-12T13:27:48+00:00\" \/>\n<meta name=\"twitter:card\" content=\"summary_large_image\" \/>\n<meta name=\"twitter:site\" content=\"@PikujPlus\" \/>\n<meta name=\"twitter:label1\" content=\"Gesch\u00e4tzte Lesezeit\" \/>\n\t<meta name=\"twitter:data1\" content=\"1\u00a0Minute\" \/>\n<script type=\"application\/ld+json\" class=\"yoast-schema-graph\">{\"@context\":\"https:\/\/schema.org\",\"@graph\":[{\"@type\":\"WebPage\",\"@id\":\"https:\/\/pikuj.pl\/de\/angebot\/steppen-fuer-den-reitsport\/\",\"url\":\"https:\/\/pikuj.pl\/de\/angebot\/steppen-fuer-den-reitsport\/\",\"name\":\"Steppen Reitsport - f\u00fcr den Reitsport - PP Plus Pikuj.pl\",\"isPartOf\":{\"@id\":\"https:\/\/pikuj.pl\/de\/#website\"},\"datePublished\":\"2020-03-04T10:31:47+00:00\",\"dateModified\":\"2020-08-12T13:27:48+00:00\",\"breadcrumb\":{\"@id\":\"https:\/\/pikuj.pl\/de\/angebot\/steppen-fuer-den-reitsport\/#breadcrumb\"},\"inLanguage\":\"de\",\"potentialAction\":[{\"@type\":\"ReadAction\",\"target\":[\"https:\/\/pikuj.pl\/de\/angebot\/steppen-fuer-den-reitsport\/\"]}]},{\"@type\":\"BreadcrumbList\",\"@id\":\"https:\/\/pikuj.pl\/de\/angebot\/steppen-fuer-den-reitsport\/#breadcrumb\",\"itemListElement\":[{\"@type\":\"ListItem\",\"position\":1,\"name\":\"Startseite\",\"item\":\"https:\/\/pikuj.pl\/de\/\"},{\"@type\":\"ListItem\",\"position\":2,\"name\":\"Angebot\",\"item\":\"https:\/\/pikuj.pl\/de\/oferta\/\"},{\"@type\":\"ListItem\",\"position\":3,\"name\":\"Steppen f\u00fcr den Reitsport\"}]},{\"@type\":\"WebSite\",\"@id\":\"https:\/\/pikuj.pl\/de\/#website\",\"url\":\"https:\/\/pikuj.pl\/de\/\",\"name\":\"Pikowanie Niciowe w \u0141odzi\",\"description\":\"PP Plus\",\"publisher\":{\"@id\":\"https:\/\/pikuj.pl\/de\/#organization\"},\"potentialAction\":[{\"@type\":\"SearchAction\",\"target\":{\"@type\":\"EntryPoint\",\"urlTemplate\":\"https:\/\/pikuj.pl\/de\/?s={search_term_string}\"},\"query-input\":{\"@type\":\"PropertyValueSpecification\",\"valueRequired\":true,\"valueName\":\"search_term_string\"}}],\"inLanguage\":\"de\"},{\"@type\":\"Organization\",\"@id\":\"https:\/\/pikuj.pl\/de\/#organization\",\"name\":\"PP Plus\",\"url\":\"https:\/\/pikuj.pl\/de\/\",\"logo\":{\"@type\":\"ImageObject\",\"inLanguage\":\"de\",\"@id\":\"https:\/\/pikuj.pl\/de\/#\/schema\/logo\/image\/\",\"url\":\"http:\/\/pikuj.pl\/wp-content\/uploads\/2019\/11\/Brand_Logo_Symbol_PP_Plus-19.png\",\"contentUrl\":\"http:\/\/pikuj.pl\/wp-content\/uploads\/2019\/11\/Brand_Logo_Symbol_PP_Plus-19.png\",\"width\":1920,\"height\":1920,\"caption\":\"PP Plus\"},\"image\":{\"@id\":\"https:\/\/pikuj.pl\/de\/#\/schema\/logo\/image\/\"},\"sameAs\":[\"https:\/\/www.facebook.com\/PikujPlus\/\",\"https:\/\/x.com\/PikujPlus\",\"https:\/\/www.instagram.com\/PikujPlus\/\",\"https:\/\/www.facebook.com\/company\/PikujPlus\/\",\"https:\/\/www.pinterest.com\/PikujPlus\/\"]}]}<\/script>\n<!-- \/ Yoast SEO plugin. -->","yoast_head_json":{"title":"Steppen Reitsport - f\u00fcr den Reitsport - PP Plus Pikuj.pl","robots":{"index":"index","follow":"follow","max-snippet":"max-snippet:-1","max-image-preview":"max-image-preview:large","max-video-preview":"max-video-preview:-1"},"canonical":"https:\/\/pikuj.pl\/de\/angebot\/steppen-fuer-den-reitsport\/","og_locale":"de_DE","og_type":"article","og_title":"Steppen Reitsport - f\u00fcr den Reitsport - PP Plus Pikuj.pl","og_description":"[vc_row][vc_column][vc_column_text]Unser Unternehmen ist seit Jahren auf Steppdienstleistungen f\u00fcr den Reitsport spezialisiert. Lernen Sie unser komplettes Angebot in diesem Bereich kennen....","og_url":"https:\/\/pikuj.pl\/de\/angebot\/steppen-fuer-den-reitsport\/","og_site_name":"Pikowanie Niciowe w \u0141odzi","article_publisher":"https:\/\/www.facebook.com\/PikujPlus\/","article_modified_time":"2020-08-12T13:27:48+00:00","twitter_card":"summary_large_image","twitter_site":"@PikujPlus","twitter_misc":{"Gesch\u00e4tzte Lesezeit":"1\u00a0Minute"},"schema":{"@context":"https:\/\/schema.org","@graph":[{"@type":"WebPage","@id":"https:\/\/pikuj.pl\/de\/angebot\/steppen-fuer-den-reitsport\/","url":"https:\/\/pikuj.pl\/de\/angebot\/steppen-fuer-den-reitsport\/","name":"Steppen Reitsport - f\u00fcr den Reitsport - PP Plus Pikuj.pl","isPartOf":{"@id":"https:\/\/pikuj.pl\/de\/#website"},"datePublished":"2020-03-04T10:31:47+00:00","dateModified":"2020-08-12T13:27:48+00:00","breadcrumb":{"@id":"https:\/\/pikuj.pl\/de\/angebot\/steppen-fuer-den-reitsport\/#breadcrumb"},"inLanguage":"de","potentialAction":[{"@type":"ReadAction","target":["https:\/\/pikuj.pl\/de\/angebot\/steppen-fuer-den-reitsport\/"]}]},{"@type":"BreadcrumbList","@id":"https:\/\/pikuj.pl\/de\/angebot\/steppen-fuer-den-reitsport\/#breadcrumb","itemListElement":[{"@type":"ListItem","position":1,"name":"Startseite","item":"https:\/\/pikuj.pl\/de\/"},{"@type":"ListItem","position":2,"name":"Angebot","item":"https:\/\/pikuj.pl\/de\/oferta\/"},{"@type":"ListItem","position":3,"name":"Steppen f\u00fcr den Reitsport"}]},{"@type":"WebSite","@id":"https:\/\/pikuj.pl\/de\/#website","url":"https:\/\/pikuj.pl\/de\/","name":"Pikowanie Niciowe w \u0141odzi","description":"PP Plus","publisher":{"@id":"https:\/\/pikuj.pl\/de\/#organization"},"potentialAction":[{"@type":"SearchAction","target":{"@type":"EntryPoint","urlTemplate":"https:\/\/pikuj.pl\/de\/?s={search_term_string}"},"query-input":{"@type":"PropertyValueSpecification","valueRequired":true,"valueName":"search_term_string"}}],"inLanguage":"de"},{"@type":"Organization","@id":"https:\/\/pikuj.pl\/de\/#organization","name":"PP Plus","url":"https:\/\/pikuj.pl\/de\/","logo":{"@type":"ImageObject","inLanguage":"de","@id":"https:\/\/pikuj.pl\/de\/#\/schema\/logo\/image\/","url":"http:\/\/pikuj.pl\/wp-content\/uploads\/2019\/11\/Brand_Logo_Symbol_PP_Plus-19.png","contentUrl":"http:\/\/pikuj.pl\/wp-content\/uploads\/2019\/11\/Brand_Logo_Symbol_PP_Plus-19.png","width":1920,"height":1920,"caption":"PP Plus"},"image":{"@id":"https:\/\/pikuj.pl\/de\/#\/schema\/logo\/image\/"},"sameAs":["https:\/\/www.facebook.com\/PikujPlus\/","https:\/\/x.com\/PikujPlus","https:\/\/www.instagram.com\/PikujPlus\/","https:\/\/www.facebook.com\/company\/PikujPlus\/","https:\/\/www.pinterest.com\/PikujPlus\/"]}]}},"_links":{"self":[{"href":"https:\/\/pikuj.pl\/de\/wp-json\/wp\/v2\/pages\/3735"}],"collection":[{"href":"https:\/\/pikuj.pl\/de\/wp-json\/wp\/v2\/pages"}],"about":[{"href":"https:\/\/pikuj.pl\/de\/wp-json\/wp\/v2\/types\/page"}],"author":[{"embeddable":true,"href":"https:\/\/pikuj.pl\/de\/wp-json\/wp\/v2\/users\/4"}],"replies":[{"embeddable":true,"href":"https:\/\/pikuj.pl\/de\/wp-json\/wp\/v2\/comments?post=3735"}],"version-history":[{"count":2,"href":"https:\/\/pikuj.pl\/de\/wp-json\/wp\/v2\/pages\/3735\/revisions"}],"predecessor-version":[{"id":4124,"href":"https:\/\/pikuj.pl\/de\/wp-json\/wp\/v2\/pages\/3735\/revisions\/4124"}],"up":[{"embeddable":true,"href":"https:\/\/pikuj.pl\/de\/wp-json\/wp\/v2\/pages\/3728"}],"wp:attachment":[{"href":"https:\/\/pikuj.pl\/de\/wp-json\/wp\/v2\/media?parent=3735"}],"curies":[{"name":"wp","href":"https:\/\/api.w.org\/{rel}","templated":true}]}}