{"id":3738,"date":"2020-03-04T11:43:03","date_gmt":"2020-03-04T10:43:03","guid":{"rendered":"http:\/\/pikuj.pl\/angebot\/steppen-von-moebeln\/"},"modified":"2020-08-12T15:27:08","modified_gmt":"2020-08-12T13:27:08","slug":"steppen-von-moebeln","status":"publish","type":"page","link":"https:\/\/pikuj.pl\/de\/angebot\/steppen-von-moebeln\/","title":{"rendered":"Steppen von M\u00f6beln"},"content":{"rendered":"<div class=\"wpb-content-wrapper\"><p>[vc_row][vc_column]<div class=\"clearboth\"><\/div><style>#thegem-divider-69f46321e48d8 {margin-top: 48px !important;}<\/style><div id=\"thegem-divider-69f46321e48d8\" class=\"gem-divider  \" style=\"\" ><\/div>[vc_column_text]<\/p>\n<p>Effektvolle Steppungen sind eine stilvolle Dekoration in jedem Innenraum. Aus diesem Grund bietet PP Plus auch das Steppen von M\u00f6beln an. Wir bieten einen umfassenden und professionellen Service f\u00fcr die Polster- und M\u00f6belindustrie.<\/p>\n<p>Das Fadensteppen wird seit vielen Jahren als dekorative Technik f\u00fcr M\u00f6belpolster eingesetzt. Fr\u00fcher wurde es von Hand gefertigt, heute nutzt man jedoch spezielle Maschinen f\u00fcr diesen Zweck, mit denen sehr ausgefallene Muster auf Stoffen hergestellt werden k\u00f6nnen.<\/p>\n<p>Bei PP Plus sind wir seit \u00fcber 20 Jahren auf Fadensteppen spezialisiert. Wir richten unsere Dienstleistungen auch an Eigent\u00fcmer von M\u00f6belunternehmen, die einen zuverl\u00e4ssigen Gesch\u00e4ftspartner f\u00fcr das Steppen von M\u00f6belpolstern suchen.<\/p>\n<p><strong>Wir steppen verschiedene M\u00f6bel:<\/strong><\/p>\n<ul>\n<li>Sofas und Couches<\/li>\n<li>Ecksofas<\/li>\n<li>Sessel<\/li>\n<li>St\u00fchle<\/li>\n<li>Polsterhocker<\/li>\n<li>Bettrahmen.<\/li>\n<\/ul>\n<p>Steppungen verleihen den M\u00f6beln ein elegantes Aussehen und bieten mehr Komfort.<\/p>\n<p>Neben dem Steppen von M\u00f6beln bieten wir auch Dienstleistungen wie: Steppen von Bettw\u00e4sche und Steppen von Handschuhen an.<\/p>\n<p>In unserem Katalog finden Sie eine gro\u00dfe Auswahl an Steppmustern, die leicht individuell an die spezifischen M\u00f6bel, ihren Stil oder Zweck angepasst werden k\u00f6nnen. Wir f\u00fchren sowohl klassische Steppmotive als auch sehr komplexe Muster aus.<\/p>\n<p>Das Unternehmen PP Plus verf\u00fcgt \u00fcber eine langj\u00e4hrige Erfahrung im Steppen. Unser Maschinenpark zeichnet sich durch eine der modernsten Steppmaschinen sowie Ger\u00e4te anderer Art aus, mit denen wir Dienstleistungen auf h\u00f6chstem Niveau erbringen k\u00f6nnen. Wir verkaufen auch Gewebe und Vliesstoffe zum Steppen.<\/p>\n<p>PP Plus \u2013 <strong>Steppen von M\u00f6beln<\/strong> \u2013 wir empfehlen Ihnen, unser Angebot zu nutzen!<\/p>\n<p>[\/vc_column_text][\/vc_column][\/vc_row][vc_row][vc_column]<div class=\"clearboth\"><\/div><style>#thegem-divider-69f46321e4919 {margin-top: 48px !important;}<\/style><div id=\"thegem-divider-69f46321e4919\" class=\"gem-divider  \" style=\"\" ><\/div>[\/vc_column][\/vc_row]<\/p>\n<\/div>","protected":false},"excerpt":{"rendered":"<p>[vc_row][vc_column][vc_column_text] Effektvolle Steppungen sind eine stilvolle Dekoration in jedem Innenraum. Aus diesem Grund bietet PP Plus auch das Steppen von&#8230;<\/p>\n","protected":false},"author":4,"featured_media":0,"parent":3728,"menu_order":0,"comment_status":"closed","ping_status":"closed","template":"","meta":{"footnotes":""},"yoast_head":"<!-- This site is optimized with the Yoast SEO plugin v24.5 - https:\/\/yoast.com\/wordpress\/plugins\/seo\/ -->\n<title>Steppen von M\u00f6beln \u0141\u00f3d\u017a, Polen, Bettw\u00e4sche und Handschuhen - PP Plus<\/title>\n<meta name=\"robots\" content=\"index, follow, max-snippet:-1, max-image-preview:large, max-video-preview:-1\" \/>\n<link rel=\"canonical\" href=\"https:\/\/pikuj.pl\/de\/angebot\/steppen-von-moebeln\/\" \/>\n<meta property=\"og:locale\" content=\"de_DE\" \/>\n<meta property=\"og:type\" content=\"article\" \/>\n<meta property=\"og:title\" content=\"Steppen von M\u00f6beln \u0141\u00f3d\u017a, Polen, Bettw\u00e4sche und Handschuhen - PP Plus\" \/>\n<meta property=\"og:description\" content=\"[vc_row][vc_column][vc_column_text] Effektvolle Steppungen sind eine stilvolle Dekoration in jedem Innenraum. Aus diesem Grund bietet PP Plus auch das Steppen von...\" \/>\n<meta property=\"og:url\" content=\"https:\/\/pikuj.pl\/de\/angebot\/steppen-von-moebeln\/\" \/>\n<meta property=\"og:site_name\" content=\"Pikowanie Niciowe w \u0141odzi\" \/>\n<meta property=\"article:publisher\" content=\"https:\/\/www.facebook.com\/PikujPlus\/\" \/>\n<meta property=\"article:modified_time\" content=\"2020-08-12T13:27:08+00:00\" \/>\n<meta name=\"twitter:card\" content=\"summary_large_image\" \/>\n<meta name=\"twitter:site\" content=\"@PikujPlus\" \/>\n<meta name=\"twitter:label1\" content=\"Gesch\u00e4tzte Lesezeit\" \/>\n\t<meta name=\"twitter:data1\" content=\"1\u00a0Minute\" \/>\n<script type=\"application\/ld+json\" class=\"yoast-schema-graph\">{\"@context\":\"https:\/\/schema.org\",\"@graph\":[{\"@type\":\"WebPage\",\"@id\":\"https:\/\/pikuj.pl\/de\/angebot\/steppen-von-moebeln\/\",\"url\":\"https:\/\/pikuj.pl\/de\/angebot\/steppen-von-moebeln\/\",\"name\":\"Steppen von M\u00f6beln \u0141\u00f3d\u017a, Polen, Bettw\u00e4sche und Handschuhen - PP Plus\",\"isPartOf\":{\"@id\":\"https:\/\/pikuj.pl\/de\/#website\"},\"datePublished\":\"2020-03-04T10:43:03+00:00\",\"dateModified\":\"2020-08-12T13:27:08+00:00\",\"breadcrumb\":{\"@id\":\"https:\/\/pikuj.pl\/de\/angebot\/steppen-von-moebeln\/#breadcrumb\"},\"inLanguage\":\"de\",\"potentialAction\":[{\"@type\":\"ReadAction\",\"target\":[\"https:\/\/pikuj.pl\/de\/angebot\/steppen-von-moebeln\/\"]}]},{\"@type\":\"BreadcrumbList\",\"@id\":\"https:\/\/pikuj.pl\/de\/angebot\/steppen-von-moebeln\/#breadcrumb\",\"itemListElement\":[{\"@type\":\"ListItem\",\"position\":1,\"name\":\"Startseite\",\"item\":\"https:\/\/pikuj.pl\/de\/\"},{\"@type\":\"ListItem\",\"position\":2,\"name\":\"Angebot\",\"item\":\"https:\/\/pikuj.pl\/de\/oferta\/\"},{\"@type\":\"ListItem\",\"position\":3,\"name\":\"Steppen von M\u00f6beln\"}]},{\"@type\":\"WebSite\",\"@id\":\"https:\/\/pikuj.pl\/de\/#website\",\"url\":\"https:\/\/pikuj.pl\/de\/\",\"name\":\"Pikowanie Niciowe w \u0141odzi\",\"description\":\"PP Plus\",\"publisher\":{\"@id\":\"https:\/\/pikuj.pl\/de\/#organization\"},\"potentialAction\":[{\"@type\":\"SearchAction\",\"target\":{\"@type\":\"EntryPoint\",\"urlTemplate\":\"https:\/\/pikuj.pl\/de\/?s={search_term_string}\"},\"query-input\":{\"@type\":\"PropertyValueSpecification\",\"valueRequired\":true,\"valueName\":\"search_term_string\"}}],\"inLanguage\":\"de\"},{\"@type\":\"Organization\",\"@id\":\"https:\/\/pikuj.pl\/de\/#organization\",\"name\":\"PP Plus\",\"url\":\"https:\/\/pikuj.pl\/de\/\",\"logo\":{\"@type\":\"ImageObject\",\"inLanguage\":\"de\",\"@id\":\"https:\/\/pikuj.pl\/de\/#\/schema\/logo\/image\/\",\"url\":\"http:\/\/pikuj.pl\/wp-content\/uploads\/2019\/11\/Brand_Logo_Symbol_PP_Plus-19.png\",\"contentUrl\":\"http:\/\/pikuj.pl\/wp-content\/uploads\/2019\/11\/Brand_Logo_Symbol_PP_Plus-19.png\",\"width\":1920,\"height\":1920,\"caption\":\"PP Plus\"},\"image\":{\"@id\":\"https:\/\/pikuj.pl\/de\/#\/schema\/logo\/image\/\"},\"sameAs\":[\"https:\/\/www.facebook.com\/PikujPlus\/\",\"https:\/\/x.com\/PikujPlus\",\"https:\/\/www.instagram.com\/PikujPlus\/\",\"https:\/\/www.facebook.com\/company\/PikujPlus\/\",\"https:\/\/www.pinterest.com\/PikujPlus\/\"]}]}<\/script>\n<!-- \/ Yoast SEO plugin. -->","yoast_head_json":{"title":"Steppen von M\u00f6beln \u0141\u00f3d\u017a, Polen, Bettw\u00e4sche und Handschuhen - PP Plus","robots":{"index":"index","follow":"follow","max-snippet":"max-snippet:-1","max-image-preview":"max-image-preview:large","max-video-preview":"max-video-preview:-1"},"canonical":"https:\/\/pikuj.pl\/de\/angebot\/steppen-von-moebeln\/","og_locale":"de_DE","og_type":"article","og_title":"Steppen von M\u00f6beln \u0141\u00f3d\u017a, Polen, Bettw\u00e4sche und Handschuhen - PP Plus","og_description":"[vc_row][vc_column][vc_column_text] Effektvolle Steppungen sind eine stilvolle Dekoration in jedem Innenraum. Aus diesem Grund bietet PP Plus auch das Steppen von...","og_url":"https:\/\/pikuj.pl\/de\/angebot\/steppen-von-moebeln\/","og_site_name":"Pikowanie Niciowe w \u0141odzi","article_publisher":"https:\/\/www.facebook.com\/PikujPlus\/","article_modified_time":"2020-08-12T13:27:08+00:00","twitter_card":"summary_large_image","twitter_site":"@PikujPlus","twitter_misc":{"Gesch\u00e4tzte Lesezeit":"1\u00a0Minute"},"schema":{"@context":"https:\/\/schema.org","@graph":[{"@type":"WebPage","@id":"https:\/\/pikuj.pl\/de\/angebot\/steppen-von-moebeln\/","url":"https:\/\/pikuj.pl\/de\/angebot\/steppen-von-moebeln\/","name":"Steppen von M\u00f6beln \u0141\u00f3d\u017a, Polen, Bettw\u00e4sche und Handschuhen - PP Plus","isPartOf":{"@id":"https:\/\/pikuj.pl\/de\/#website"},"datePublished":"2020-03-04T10:43:03+00:00","dateModified":"2020-08-12T13:27:08+00:00","breadcrumb":{"@id":"https:\/\/pikuj.pl\/de\/angebot\/steppen-von-moebeln\/#breadcrumb"},"inLanguage":"de","potentialAction":[{"@type":"ReadAction","target":["https:\/\/pikuj.pl\/de\/angebot\/steppen-von-moebeln\/"]}]},{"@type":"BreadcrumbList","@id":"https:\/\/pikuj.pl\/de\/angebot\/steppen-von-moebeln\/#breadcrumb","itemListElement":[{"@type":"ListItem","position":1,"name":"Startseite","item":"https:\/\/pikuj.pl\/de\/"},{"@type":"ListItem","position":2,"name":"Angebot","item":"https:\/\/pikuj.pl\/de\/oferta\/"},{"@type":"ListItem","position":3,"name":"Steppen von M\u00f6beln"}]},{"@type":"WebSite","@id":"https:\/\/pikuj.pl\/de\/#website","url":"https:\/\/pikuj.pl\/de\/","name":"Pikowanie Niciowe w \u0141odzi","description":"PP Plus","publisher":{"@id":"https:\/\/pikuj.pl\/de\/#organization"},"potentialAction":[{"@type":"SearchAction","target":{"@type":"EntryPoint","urlTemplate":"https:\/\/pikuj.pl\/de\/?s={search_term_string}"},"query-input":{"@type":"PropertyValueSpecification","valueRequired":true,"valueName":"search_term_string"}}],"inLanguage":"de"},{"@type":"Organization","@id":"https:\/\/pikuj.pl\/de\/#organization","name":"PP Plus","url":"https:\/\/pikuj.pl\/de\/","logo":{"@type":"ImageObject","inLanguage":"de","@id":"https:\/\/pikuj.pl\/de\/#\/schema\/logo\/image\/","url":"http:\/\/pikuj.pl\/wp-content\/uploads\/2019\/11\/Brand_Logo_Symbol_PP_Plus-19.png","contentUrl":"http:\/\/pikuj.pl\/wp-content\/uploads\/2019\/11\/Brand_Logo_Symbol_PP_Plus-19.png","width":1920,"height":1920,"caption":"PP Plus"},"image":{"@id":"https:\/\/pikuj.pl\/de\/#\/schema\/logo\/image\/"},"sameAs":["https:\/\/www.facebook.com\/PikujPlus\/","https:\/\/x.com\/PikujPlus","https:\/\/www.instagram.com\/PikujPlus\/","https:\/\/www.facebook.com\/company\/PikujPlus\/","https:\/\/www.pinterest.com\/PikujPlus\/"]}]}},"_links":{"self":[{"href":"https:\/\/pikuj.pl\/de\/wp-json\/wp\/v2\/pages\/3738"}],"collection":[{"href":"https:\/\/pikuj.pl\/de\/wp-json\/wp\/v2\/pages"}],"about":[{"href":"https:\/\/pikuj.pl\/de\/wp-json\/wp\/v2\/types\/page"}],"author":[{"embeddable":true,"href":"https:\/\/pikuj.pl\/de\/wp-json\/wp\/v2\/users\/4"}],"replies":[{"embeddable":true,"href":"https:\/\/pikuj.pl\/de\/wp-json\/wp\/v2\/comments?post=3738"}],"version-history":[{"count":2,"href":"https:\/\/pikuj.pl\/de\/wp-json\/wp\/v2\/pages\/3738\/revisions"}],"predecessor-version":[{"id":4122,"href":"https:\/\/pikuj.pl\/de\/wp-json\/wp\/v2\/pages\/3738\/revisions\/4122"}],"up":[{"embeddable":true,"href":"https:\/\/pikuj.pl\/de\/wp-json\/wp\/v2\/pages\/3728"}],"wp:attachment":[{"href":"https:\/\/pikuj.pl\/de\/wp-json\/wp\/v2\/media?parent=3738"}],"curies":[{"name":"wp","href":"https:\/\/api.w.org\/{rel}","templated":true}]}}