{"id":3751,"date":"2020-03-04T15:50:35","date_gmt":"2020-03-04T14:50:35","guid":{"rendered":"http:\/\/pikuj.pl\/angebot\/ultraschallschweissen\/"},"modified":"2020-08-12T15:28:11","modified_gmt":"2020-08-12T13:28:11","slug":"ultraschallschweissen","status":"publish","type":"page","link":"https:\/\/pikuj.pl\/de\/angebot\/ultraschallschweissen\/","title":{"rendered":"Ultraschallschweissen"},"content":{"rendered":"<div class=\"wpb-content-wrapper\"><p>[vc_row][vc_column][vc_column_text]<\/p>\r\n<div class=\"wp-block-spacer\" style=\"height: 48px;\" aria-hidden=\"true\">\u00a0<\/div>\r\n<p>Durch Ultraschallschwei\u00dfen von Geweben k\u00f6nnen sehr starke Verbindungen mit einer \u00e4sthetischen Oberfl\u00e4che erzielt werden, die herk\u00f6mmlichen Steppungen mit F\u00e4den \u00e4hnelt. Wir empfehlen Ihnen, eine solche Dienstleistung bei PP Plus in Anspruch zu nehmen!<\/p>\r\n<p><strong>Das Ultraschallschwei\u00dfen<\/strong>ist eine spezielle Technik zum Zusammenf\u00fcgen von Geweben, bei der Ultraschall, also Hochfrequenzvibrationen, verwendet werden. In diesem Fall ist nicht erforderlich, Nadeln und F\u00e4den als Bindemittel zwischen zwei, drei oder mehr Stoffen zu verwenden.<\/p>\r\n<p>Dank der Ultraschall-Schwei\u00dftechnologie kann eine starke Verbindung zwischen den Stoffen hergestellt werden \u2013 sie sind bei der Nutzung sehr Rei\u00dffest und Verformungsbest\u00e4ndig. Verschiedene Schwei\u00dfmuster verleihen den Stoffen ein attraktives Aussehen.<\/p>\r\n<p><strong>Das Ultraschallschwei\u00dfen von Stoffen wird in vielen Branchen eingesetzt, u.a. in der:<\/strong><\/p>\r\n<ul>\r\n<li>Automobilindustrie<\/li>\r\n<li>M\u00f6belindustrie<\/li>\r\n<li>Bekleidungsindustrie<\/li>\r\n<li>Schuhindustrie.<\/li>\r\n<\/ul>\r\n<p>Derzeit wird das <strong>Ultraschallschwei\u00dfen von Stoffen <\/strong> immer h\u00e4ufiger eingesetzt, und da wir die Erwartungen unserer Kunden erf\u00fcllen wollen, bieten wir einen professionellen Service in diesem Bereich.<\/p>\r\n<p>Wir verf\u00fcgen \u00fcber moderne Ger\u00e4te, die es uns erm\u00f6glichen, Stoffschwei\u00dfdienstleistungen sowie deren Steppen auf Weltklasseniveau durchzuf\u00fchren. Unsere Mitarbeiter sind immer bereit, Ihnen bei der Auswahl der besten L\u00f6sungen zu helfen. Kundenzufriedenheit ist f\u00fcr uns von gr\u00f6\u00dfter Bedeutung.<\/p>\r\n<p>PP Plus \u2013<strong> Schallschwei\u00dfen von Stoffen<\/strong> \u2013 Wir empfehlen Ihnen, unsere Dienste in Anspruch zu nehmen.<\/p>\r\n\r\n<div class=\"wp-block-spacer\" style=\"height: 48px;\" aria-hidden=\"true\">\u00a0<\/div>\r\n<p>[\/vc_column_text][\/vc_column][\/vc_row]<\/p><\/div>","protected":false},"excerpt":{"rendered":"<p>[vc_row][vc_column][vc_column_text]Durch Ultraschallschwei\u00dfen von Geweben k\u00f6nnen sehr starke Verbindungen mit einer \u00e4sthetischen Oberfl\u00e4che erzielt werden, die herk\u00f6mmlichen Steppungen mit F\u00e4den \u00e4hnelt&#8230;.<\/p>\n","protected":false},"author":4,"featured_media":0,"parent":3728,"menu_order":0,"comment_status":"closed","ping_status":"closed","template":"","meta":{"footnotes":""},"yoast_head":"<!-- This site is optimized with the Yoast SEO plugin v24.5 - https:\/\/yoast.com\/wordpress\/plugins\/seo\/ -->\n<title>Schallschwei\u00dfen von Stoffen und Vliesstoffen - PP Plus<\/title>\n<meta name=\"robots\" content=\"index, follow, max-snippet:-1, max-image-preview:large, max-video-preview:-1\" \/>\n<link rel=\"canonical\" href=\"https:\/\/pikuj.pl\/de\/angebot\/ultraschallschweissen\/\" \/>\n<meta property=\"og:locale\" content=\"de_DE\" \/>\n<meta property=\"og:type\" content=\"article\" \/>\n<meta property=\"og:title\" content=\"Schallschwei\u00dfen von Stoffen und Vliesstoffen - PP Plus\" \/>\n<meta property=\"og:description\" content=\"[vc_row][vc_column][vc_column_text]Durch Ultraschallschwei\u00dfen von Geweben k\u00f6nnen sehr starke Verbindungen mit einer \u00e4sthetischen Oberfl\u00e4che erzielt werden, die herk\u00f6mmlichen Steppungen mit F\u00e4den \u00e4hnelt....\" \/>\n<meta property=\"og:url\" content=\"https:\/\/pikuj.pl\/de\/angebot\/ultraschallschweissen\/\" \/>\n<meta property=\"og:site_name\" content=\"Pikowanie Niciowe w \u0141odzi\" \/>\n<meta property=\"article:publisher\" content=\"https:\/\/www.facebook.com\/PikujPlus\/\" \/>\n<meta property=\"article:modified_time\" content=\"2020-08-12T13:28:11+00:00\" \/>\n<meta name=\"twitter:card\" content=\"summary_large_image\" \/>\n<meta name=\"twitter:site\" content=\"@PikujPlus\" \/>\n<meta name=\"twitter:label1\" content=\"Gesch\u00e4tzte Lesezeit\" \/>\n\t<meta name=\"twitter:data1\" content=\"1\u00a0Minute\" \/>\n<script type=\"application\/ld+json\" class=\"yoast-schema-graph\">{\"@context\":\"https:\/\/schema.org\",\"@graph\":[{\"@type\":\"WebPage\",\"@id\":\"https:\/\/pikuj.pl\/de\/angebot\/ultraschallschweissen\/\",\"url\":\"https:\/\/pikuj.pl\/de\/angebot\/ultraschallschweissen\/\",\"name\":\"Schallschwei\u00dfen von Stoffen und Vliesstoffen - PP Plus\",\"isPartOf\":{\"@id\":\"https:\/\/pikuj.pl\/de\/#website\"},\"datePublished\":\"2020-03-04T14:50:35+00:00\",\"dateModified\":\"2020-08-12T13:28:11+00:00\",\"breadcrumb\":{\"@id\":\"https:\/\/pikuj.pl\/de\/angebot\/ultraschallschweissen\/#breadcrumb\"},\"inLanguage\":\"de\",\"potentialAction\":[{\"@type\":\"ReadAction\",\"target\":[\"https:\/\/pikuj.pl\/de\/angebot\/ultraschallschweissen\/\"]}]},{\"@type\":\"BreadcrumbList\",\"@id\":\"https:\/\/pikuj.pl\/de\/angebot\/ultraschallschweissen\/#breadcrumb\",\"itemListElement\":[{\"@type\":\"ListItem\",\"position\":1,\"name\":\"Startseite\",\"item\":\"https:\/\/pikuj.pl\/de\/\"},{\"@type\":\"ListItem\",\"position\":2,\"name\":\"Angebot\",\"item\":\"https:\/\/pikuj.pl\/de\/oferta\/\"},{\"@type\":\"ListItem\",\"position\":3,\"name\":\"Ultraschallschweissen\"}]},{\"@type\":\"WebSite\",\"@id\":\"https:\/\/pikuj.pl\/de\/#website\",\"url\":\"https:\/\/pikuj.pl\/de\/\",\"name\":\"Pikowanie Niciowe w \u0141odzi\",\"description\":\"PP Plus\",\"publisher\":{\"@id\":\"https:\/\/pikuj.pl\/de\/#organization\"},\"potentialAction\":[{\"@type\":\"SearchAction\",\"target\":{\"@type\":\"EntryPoint\",\"urlTemplate\":\"https:\/\/pikuj.pl\/de\/?s={search_term_string}\"},\"query-input\":{\"@type\":\"PropertyValueSpecification\",\"valueRequired\":true,\"valueName\":\"search_term_string\"}}],\"inLanguage\":\"de\"},{\"@type\":\"Organization\",\"@id\":\"https:\/\/pikuj.pl\/de\/#organization\",\"name\":\"PP Plus\",\"url\":\"https:\/\/pikuj.pl\/de\/\",\"logo\":{\"@type\":\"ImageObject\",\"inLanguage\":\"de\",\"@id\":\"https:\/\/pikuj.pl\/de\/#\/schema\/logo\/image\/\",\"url\":\"http:\/\/pikuj.pl\/wp-content\/uploads\/2019\/11\/Brand_Logo_Symbol_PP_Plus-19.png\",\"contentUrl\":\"http:\/\/pikuj.pl\/wp-content\/uploads\/2019\/11\/Brand_Logo_Symbol_PP_Plus-19.png\",\"width\":1920,\"height\":1920,\"caption\":\"PP Plus\"},\"image\":{\"@id\":\"https:\/\/pikuj.pl\/de\/#\/schema\/logo\/image\/\"},\"sameAs\":[\"https:\/\/www.facebook.com\/PikujPlus\/\",\"https:\/\/x.com\/PikujPlus\",\"https:\/\/www.instagram.com\/PikujPlus\/\",\"https:\/\/www.facebook.com\/company\/PikujPlus\/\",\"https:\/\/www.pinterest.com\/PikujPlus\/\"]}]}<\/script>\n<!-- \/ Yoast SEO plugin. -->","yoast_head_json":{"title":"Schallschwei\u00dfen von Stoffen und Vliesstoffen - PP Plus","robots":{"index":"index","follow":"follow","max-snippet":"max-snippet:-1","max-image-preview":"max-image-preview:large","max-video-preview":"max-video-preview:-1"},"canonical":"https:\/\/pikuj.pl\/de\/angebot\/ultraschallschweissen\/","og_locale":"de_DE","og_type":"article","og_title":"Schallschwei\u00dfen von Stoffen und Vliesstoffen - PP Plus","og_description":"[vc_row][vc_column][vc_column_text]Durch Ultraschallschwei\u00dfen von Geweben k\u00f6nnen sehr starke Verbindungen mit einer \u00e4sthetischen Oberfl\u00e4che erzielt werden, die herk\u00f6mmlichen Steppungen mit F\u00e4den \u00e4hnelt....","og_url":"https:\/\/pikuj.pl\/de\/angebot\/ultraschallschweissen\/","og_site_name":"Pikowanie Niciowe w \u0141odzi","article_publisher":"https:\/\/www.facebook.com\/PikujPlus\/","article_modified_time":"2020-08-12T13:28:11+00:00","twitter_card":"summary_large_image","twitter_site":"@PikujPlus","twitter_misc":{"Gesch\u00e4tzte Lesezeit":"1\u00a0Minute"},"schema":{"@context":"https:\/\/schema.org","@graph":[{"@type":"WebPage","@id":"https:\/\/pikuj.pl\/de\/angebot\/ultraschallschweissen\/","url":"https:\/\/pikuj.pl\/de\/angebot\/ultraschallschweissen\/","name":"Schallschwei\u00dfen von Stoffen und Vliesstoffen - PP Plus","isPartOf":{"@id":"https:\/\/pikuj.pl\/de\/#website"},"datePublished":"2020-03-04T14:50:35+00:00","dateModified":"2020-08-12T13:28:11+00:00","breadcrumb":{"@id":"https:\/\/pikuj.pl\/de\/angebot\/ultraschallschweissen\/#breadcrumb"},"inLanguage":"de","potentialAction":[{"@type":"ReadAction","target":["https:\/\/pikuj.pl\/de\/angebot\/ultraschallschweissen\/"]}]},{"@type":"BreadcrumbList","@id":"https:\/\/pikuj.pl\/de\/angebot\/ultraschallschweissen\/#breadcrumb","itemListElement":[{"@type":"ListItem","position":1,"name":"Startseite","item":"https:\/\/pikuj.pl\/de\/"},{"@type":"ListItem","position":2,"name":"Angebot","item":"https:\/\/pikuj.pl\/de\/oferta\/"},{"@type":"ListItem","position":3,"name":"Ultraschallschweissen"}]},{"@type":"WebSite","@id":"https:\/\/pikuj.pl\/de\/#website","url":"https:\/\/pikuj.pl\/de\/","name":"Pikowanie Niciowe w \u0141odzi","description":"PP Plus","publisher":{"@id":"https:\/\/pikuj.pl\/de\/#organization"},"potentialAction":[{"@type":"SearchAction","target":{"@type":"EntryPoint","urlTemplate":"https:\/\/pikuj.pl\/de\/?s={search_term_string}"},"query-input":{"@type":"PropertyValueSpecification","valueRequired":true,"valueName":"search_term_string"}}],"inLanguage":"de"},{"@type":"Organization","@id":"https:\/\/pikuj.pl\/de\/#organization","name":"PP Plus","url":"https:\/\/pikuj.pl\/de\/","logo":{"@type":"ImageObject","inLanguage":"de","@id":"https:\/\/pikuj.pl\/de\/#\/schema\/logo\/image\/","url":"http:\/\/pikuj.pl\/wp-content\/uploads\/2019\/11\/Brand_Logo_Symbol_PP_Plus-19.png","contentUrl":"http:\/\/pikuj.pl\/wp-content\/uploads\/2019\/11\/Brand_Logo_Symbol_PP_Plus-19.png","width":1920,"height":1920,"caption":"PP Plus"},"image":{"@id":"https:\/\/pikuj.pl\/de\/#\/schema\/logo\/image\/"},"sameAs":["https:\/\/www.facebook.com\/PikujPlus\/","https:\/\/x.com\/PikujPlus","https:\/\/www.instagram.com\/PikujPlus\/","https:\/\/www.facebook.com\/company\/PikujPlus\/","https:\/\/www.pinterest.com\/PikujPlus\/"]}]}},"_links":{"self":[{"href":"https:\/\/pikuj.pl\/de\/wp-json\/wp\/v2\/pages\/3751"}],"collection":[{"href":"https:\/\/pikuj.pl\/de\/wp-json\/wp\/v2\/pages"}],"about":[{"href":"https:\/\/pikuj.pl\/de\/wp-json\/wp\/v2\/types\/page"}],"author":[{"embeddable":true,"href":"https:\/\/pikuj.pl\/de\/wp-json\/wp\/v2\/users\/4"}],"replies":[{"embeddable":true,"href":"https:\/\/pikuj.pl\/de\/wp-json\/wp\/v2\/comments?post=3751"}],"version-history":[{"count":1,"href":"https:\/\/pikuj.pl\/de\/wp-json\/wp\/v2\/pages\/3751\/revisions"}],"predecessor-version":[{"id":4118,"href":"https:\/\/pikuj.pl\/de\/wp-json\/wp\/v2\/pages\/3751\/revisions\/4118"}],"up":[{"embeddable":true,"href":"https:\/\/pikuj.pl\/de\/wp-json\/wp\/v2\/pages\/3728"}],"wp:attachment":[{"href":"https:\/\/pikuj.pl\/de\/wp-json\/wp\/v2\/media?parent=3751"}],"curies":[{"name":"wp","href":"https:\/\/api.w.org\/{rel}","templated":true}]}}