{"id":3629,"date":"2020-03-04T11:43:03","date_gmt":"2020-03-04T10:43:03","guid":{"rendered":"http:\/\/pikuj.pl\/our-offer\/furniture-quilting\/"},"modified":"2020-08-12T15:22:30","modified_gmt":"2020-08-12T13:22:30","slug":"furniture-quilting","status":"publish","type":"page","link":"https:\/\/pikuj.pl\/en\/our-offer\/furniture-quilting\/","title":{"rendered":"Furniture quilting"},"content":{"rendered":"<div class=\"wpb-content-wrapper\"><p>[vc_row][vc_column]<div class=\"clearboth\"><\/div><style>#thegem-divider-69f220149e87b {margin-top: 48px !important;}<\/style><div id=\"thegem-divider-69f220149e87b\" class=\"gem-divider  \" style=\"\" ><\/div>[vc_column_text]Exquisite quilting makes a\u00a0stylish addition to any interior. This is why PP Plus also quilts furniture. We provide comprehensive and professional services for the upholstery and furniture industries.<\/p>\n<p>Thread quilting has been used as a decorative upholstery technique for many years. Undertaken manually in the past, it is now carried out with special machines which cover fabrics with highly imaginative patterns.<\/p>\n<p>Here at PP Plus, we have been specialising in thread quilting for over 20\u00a0years now. Our services are also addressed to furniture business owners seeking a reliable contractor to provide upholstery fabric finishing.<\/p>\n<p><strong>We quilt various furniture items:<\/strong><\/p>\n<ul>\n<li>sofas and couches<\/li>\n<li>corner sofas<\/li>\n<li>armchairs<\/li>\n<li>chairs<\/li>\n<li>poufs<\/li>\n<li>bed frames.<\/li>\n<\/ul>\n<p>Quilting gives furniture an elegant touch and makes it more comfortable.<\/p>\n<p>In addition to furniture quilting, we also offer quilting of bed linens and gloves.<\/p>\n<p>Our catalogue includes a wide range of quilting patterns that can be easily matched to specific furniture types, styles and uses. We make classic and highly complex quilting designs.<\/p>\n<p>PP Plus has many years of quilting experience. We have cutting-edge quilting machines and other equipment to provide top-level services. We also sell fabrics and non-wovens for quilting.<\/p>\n<p>PP Plus \u2013 <strong>Furniture Quilting<\/strong> \u2013 enjoy our services![\/vc_column_text][\/vc_column][\/vc_row][vc_row][vc_column]<div class=\"clearboth\"><\/div><style>#thegem-divider-69f220149e8c7 {margin-top: 48px !important;}<\/style><div id=\"thegem-divider-69f220149e8c7\" class=\"gem-divider  \" style=\"\" ><\/div>[\/vc_column][\/vc_row]<\/p>\n<\/div>","protected":false},"excerpt":{"rendered":"<p>[vc_row][vc_column][vc_column_text]Exquisite quilting makes a\u00a0stylish addition to any interior. This is why PP Plus also quilts furniture. We provide comprehensive and&#8230;<\/p>\n","protected":false},"author":4,"featured_media":0,"parent":3593,"menu_order":0,"comment_status":"closed","ping_status":"closed","template":"","meta":{"footnotes":""},"yoast_head":"<!-- This site is optimized with the Yoast SEO plugin v24.5 - https:\/\/yoast.com\/wordpress\/plugins\/seo\/ -->\n<title>Quilting furniture \u0141\u00f3d\u017a, Poland, bedding and gloves - PP Plus<\/title>\n<meta name=\"robots\" content=\"index, follow, max-snippet:-1, max-image-preview:large, max-video-preview:-1\" \/>\n<link rel=\"canonical\" href=\"https:\/\/pikuj.pl\/en\/our-offer\/furniture-quilting\/\" \/>\n<meta property=\"og:locale\" content=\"en_US\" \/>\n<meta property=\"og:type\" content=\"article\" \/>\n<meta property=\"og:title\" content=\"Quilting furniture \u0141\u00f3d\u017a, Poland, bedding and gloves - PP Plus\" \/>\n<meta property=\"og:description\" content=\"[vc_row][vc_column][vc_column_text]Exquisite quilting makes a\u00a0stylish addition to any interior. This is why PP Plus also quilts furniture. We provide comprehensive and...\" \/>\n<meta property=\"og:url\" content=\"https:\/\/pikuj.pl\/en\/our-offer\/furniture-quilting\/\" \/>\n<meta property=\"og:site_name\" content=\"Pikowanie Niciowe w \u0141odzi\" \/>\n<meta property=\"article:publisher\" content=\"https:\/\/www.facebook.com\/PikujPlus\/\" \/>\n<meta property=\"article:modified_time\" content=\"2020-08-12T13:22:30+00:00\" \/>\n<meta name=\"twitter:card\" content=\"summary_large_image\" \/>\n<meta name=\"twitter:site\" content=\"@PikujPlus\" \/>\n<meta name=\"twitter:label1\" content=\"Est. reading time\" \/>\n\t<meta name=\"twitter:data1\" content=\"1 minute\" \/>\n<script type=\"application\/ld+json\" class=\"yoast-schema-graph\">{\"@context\":\"https:\/\/schema.org\",\"@graph\":[{\"@type\":\"WebPage\",\"@id\":\"https:\/\/pikuj.pl\/en\/our-offer\/furniture-quilting\/\",\"url\":\"https:\/\/pikuj.pl\/en\/our-offer\/furniture-quilting\/\",\"name\":\"Quilting furniture \u0141\u00f3d\u017a, Poland, bedding and gloves - PP Plus\",\"isPartOf\":{\"@id\":\"https:\/\/pikuj.pl\/en\/#website\"},\"datePublished\":\"2020-03-04T10:43:03+00:00\",\"dateModified\":\"2020-08-12T13:22:30+00:00\",\"breadcrumb\":{\"@id\":\"https:\/\/pikuj.pl\/en\/our-offer\/furniture-quilting\/#breadcrumb\"},\"inLanguage\":\"en-US\",\"potentialAction\":[{\"@type\":\"ReadAction\",\"target\":[\"https:\/\/pikuj.pl\/en\/our-offer\/furniture-quilting\/\"]}]},{\"@type\":\"BreadcrumbList\",\"@id\":\"https:\/\/pikuj.pl\/en\/our-offer\/furniture-quilting\/#breadcrumb\",\"itemListElement\":[{\"@type\":\"ListItem\",\"position\":1,\"name\":\"Home\",\"item\":\"https:\/\/pikuj.pl\/en\/\"},{\"@type\":\"ListItem\",\"position\":2,\"name\":\"Our Offer\",\"item\":\"https:\/\/pikuj.pl\/en\/oferta\/\"},{\"@type\":\"ListItem\",\"position\":3,\"name\":\"Furniture quilting\"}]},{\"@type\":\"WebSite\",\"@id\":\"https:\/\/pikuj.pl\/en\/#website\",\"url\":\"https:\/\/pikuj.pl\/en\/\",\"name\":\"Pikowanie Niciowe w \u0141odzi\",\"description\":\"PP Plus\",\"publisher\":{\"@id\":\"https:\/\/pikuj.pl\/en\/#organization\"},\"potentialAction\":[{\"@type\":\"SearchAction\",\"target\":{\"@type\":\"EntryPoint\",\"urlTemplate\":\"https:\/\/pikuj.pl\/en\/?s={search_term_string}\"},\"query-input\":{\"@type\":\"PropertyValueSpecification\",\"valueRequired\":true,\"valueName\":\"search_term_string\"}}],\"inLanguage\":\"en-US\"},{\"@type\":\"Organization\",\"@id\":\"https:\/\/pikuj.pl\/en\/#organization\",\"name\":\"PP Plus\",\"url\":\"https:\/\/pikuj.pl\/en\/\",\"logo\":{\"@type\":\"ImageObject\",\"inLanguage\":\"en-US\",\"@id\":\"https:\/\/pikuj.pl\/en\/#\/schema\/logo\/image\/\",\"url\":\"http:\/\/pikuj.pl\/wp-content\/uploads\/2019\/11\/Brand_Logo_Symbol_PP_Plus-19.png\",\"contentUrl\":\"http:\/\/pikuj.pl\/wp-content\/uploads\/2019\/11\/Brand_Logo_Symbol_PP_Plus-19.png\",\"width\":1920,\"height\":1920,\"caption\":\"PP Plus\"},\"image\":{\"@id\":\"https:\/\/pikuj.pl\/en\/#\/schema\/logo\/image\/\"},\"sameAs\":[\"https:\/\/www.facebook.com\/PikujPlus\/\",\"https:\/\/x.com\/PikujPlus\",\"https:\/\/www.instagram.com\/PikujPlus\/\",\"https:\/\/www.facebook.com\/company\/PikujPlus\/\",\"https:\/\/www.pinterest.com\/PikujPlus\/\"]}]}<\/script>\n<!-- \/ Yoast SEO plugin. -->","yoast_head_json":{"title":"Quilting furniture \u0141\u00f3d\u017a, Poland, bedding and gloves - PP Plus","robots":{"index":"index","follow":"follow","max-snippet":"max-snippet:-1","max-image-preview":"max-image-preview:large","max-video-preview":"max-video-preview:-1"},"canonical":"https:\/\/pikuj.pl\/en\/our-offer\/furniture-quilting\/","og_locale":"en_US","og_type":"article","og_title":"Quilting furniture \u0141\u00f3d\u017a, Poland, bedding and gloves - PP Plus","og_description":"[vc_row][vc_column][vc_column_text]Exquisite quilting makes a\u00a0stylish addition to any interior. This is why PP Plus also quilts furniture. We provide comprehensive and...","og_url":"https:\/\/pikuj.pl\/en\/our-offer\/furniture-quilting\/","og_site_name":"Pikowanie Niciowe w \u0141odzi","article_publisher":"https:\/\/www.facebook.com\/PikujPlus\/","article_modified_time":"2020-08-12T13:22:30+00:00","twitter_card":"summary_large_image","twitter_site":"@PikujPlus","twitter_misc":{"Est. reading time":"1 minute"},"schema":{"@context":"https:\/\/schema.org","@graph":[{"@type":"WebPage","@id":"https:\/\/pikuj.pl\/en\/our-offer\/furniture-quilting\/","url":"https:\/\/pikuj.pl\/en\/our-offer\/furniture-quilting\/","name":"Quilting furniture \u0141\u00f3d\u017a, Poland, bedding and gloves - PP Plus","isPartOf":{"@id":"https:\/\/pikuj.pl\/en\/#website"},"datePublished":"2020-03-04T10:43:03+00:00","dateModified":"2020-08-12T13:22:30+00:00","breadcrumb":{"@id":"https:\/\/pikuj.pl\/en\/our-offer\/furniture-quilting\/#breadcrumb"},"inLanguage":"en-US","potentialAction":[{"@type":"ReadAction","target":["https:\/\/pikuj.pl\/en\/our-offer\/furniture-quilting\/"]}]},{"@type":"BreadcrumbList","@id":"https:\/\/pikuj.pl\/en\/our-offer\/furniture-quilting\/#breadcrumb","itemListElement":[{"@type":"ListItem","position":1,"name":"Home","item":"https:\/\/pikuj.pl\/en\/"},{"@type":"ListItem","position":2,"name":"Our Offer","item":"https:\/\/pikuj.pl\/en\/oferta\/"},{"@type":"ListItem","position":3,"name":"Furniture quilting"}]},{"@type":"WebSite","@id":"https:\/\/pikuj.pl\/en\/#website","url":"https:\/\/pikuj.pl\/en\/","name":"Pikowanie Niciowe w \u0141odzi","description":"PP Plus","publisher":{"@id":"https:\/\/pikuj.pl\/en\/#organization"},"potentialAction":[{"@type":"SearchAction","target":{"@type":"EntryPoint","urlTemplate":"https:\/\/pikuj.pl\/en\/?s={search_term_string}"},"query-input":{"@type":"PropertyValueSpecification","valueRequired":true,"valueName":"search_term_string"}}],"inLanguage":"en-US"},{"@type":"Organization","@id":"https:\/\/pikuj.pl\/en\/#organization","name":"PP Plus","url":"https:\/\/pikuj.pl\/en\/","logo":{"@type":"ImageObject","inLanguage":"en-US","@id":"https:\/\/pikuj.pl\/en\/#\/schema\/logo\/image\/","url":"http:\/\/pikuj.pl\/wp-content\/uploads\/2019\/11\/Brand_Logo_Symbol_PP_Plus-19.png","contentUrl":"http:\/\/pikuj.pl\/wp-content\/uploads\/2019\/11\/Brand_Logo_Symbol_PP_Plus-19.png","width":1920,"height":1920,"caption":"PP Plus"},"image":{"@id":"https:\/\/pikuj.pl\/en\/#\/schema\/logo\/image\/"},"sameAs":["https:\/\/www.facebook.com\/PikujPlus\/","https:\/\/x.com\/PikujPlus","https:\/\/www.instagram.com\/PikujPlus\/","https:\/\/www.facebook.com\/company\/PikujPlus\/","https:\/\/www.pinterest.com\/PikujPlus\/"]}]}},"_links":{"self":[{"href":"https:\/\/pikuj.pl\/en\/wp-json\/wp\/v2\/pages\/3629"}],"collection":[{"href":"https:\/\/pikuj.pl\/en\/wp-json\/wp\/v2\/pages"}],"about":[{"href":"https:\/\/pikuj.pl\/en\/wp-json\/wp\/v2\/types\/page"}],"author":[{"embeddable":true,"href":"https:\/\/pikuj.pl\/en\/wp-json\/wp\/v2\/users\/4"}],"replies":[{"embeddable":true,"href":"https:\/\/pikuj.pl\/en\/wp-json\/wp\/v2\/comments?post=3629"}],"version-history":[{"count":1,"href":"https:\/\/pikuj.pl\/en\/wp-json\/wp\/v2\/pages\/3629\/revisions"}],"predecessor-version":[{"id":4115,"href":"https:\/\/pikuj.pl\/en\/wp-json\/wp\/v2\/pages\/3629\/revisions\/4115"}],"up":[{"embeddable":true,"href":"https:\/\/pikuj.pl\/en\/wp-json\/wp\/v2\/pages\/3593"}],"wp:attachment":[{"href":"https:\/\/pikuj.pl\/en\/wp-json\/wp\/v2\/media?parent=3629"}],"curies":[{"name":"wp","href":"https:\/\/api.w.org\/{rel}","templated":true}]}}