{"id":3667,"date":"2018-12-06T12:37:04","date_gmt":"2018-12-06T11:37:04","guid":{"rendered":"http:\/\/pikuj.pl\/contact\/"},"modified":"2020-08-12T14:52:31","modified_gmt":"2020-08-12T12:52:31","slug":"contact","status":"publish","type":"page","link":"https:\/\/pikuj.pl\/en\/contact\/","title":{"rendered":"Contact"},"content":{"rendered":"<div class=\"wpb-content-wrapper\"><p>[vc_row full_width=&#8221;stretch_row&#8221; css=&#8221;.vc_custom_1576498460343{margin-bottom: 0px !important;background-image: url(http:\/\/pikuj.pl\/wp-content\/uploads\/2019\/12\/dane-kontaktowe-pikowanie.jpg?id=1205) !important;background-position: center !important;background-repeat: no-repeat !important;background-size: cover !important;}&#8221;][vc_column css=&#8221;.vc_custom_1544104109970{padding-top: 0px !important;}&#8221;]<div class=\"clearboth\"><\/div><style>#thegem-divider-69f88e115b3d6 {margin-top: 48px !important;}<\/style><div id=\"thegem-divider-69f88e115b3d6\" class=\"gem-divider  \" style=\"\" ><\/div>[vc_row_inner][vc_column_inner offset=&#8221;vc_col-lg-offset-2 vc_col-lg-8 vc_col-md-offset-1 vc_col-md-10&#8243;][vc_column_text css=&#8221;.vc_custom_1585900017820{margin-bottom: 0px !important;}&#8221;]<\/p>\n<p style=\"text-align: center;\">Our company has the advantage of being located in central Poland, in \u0141\u00f3d\u017a \u2013 a city with textile traditions. This allows us to source unique materials and use high-quality fabrics for thread quilting.<\/p>\n<p>[\/vc_column_text][\/vc_column_inner][\/vc_row_inner][vc_row_inner equal_height=&#8221;yes&#8221; css=&#8221;.vc_custom_1576686622952{background-position: center !important;background-repeat: no-repeat !important;background-size: cover !important;}&#8221;][vc_column_inner offset=&#8221;vc_col-md-4&#8243;]<div class=\"gem-textbox \"  ><div class=\"gem-textbox-inner\" style=\"\"><div class=\"gem-textbox-content\" style=\"background-color: #ffffff;background-position: center top;padding-top: 48px;padding-bottom: 48px;\">[vc_column_text css=&#8221;.vc_custom_1580482146593{margin-top: 0px !important;margin-bottom: 0px !important;border-bottom-width: 0px !important;padding-bottom: 0px !important;}&#8221;]<\/p>\n<div class=\"title-h5\" style=\"text-align: center;\">Contact<\/div>\n<p>[\/vc_column_text]<div class=\"clearboth\"><\/div><style>#thegem-divider-69f88e115b47e {margin-top: 12px !important;}#thegem-divider-69f88e115b47e {margin-bottom: 12px !important;}<\/style><div id=\"thegem-divider-69f88e115b47e\" class=\"gem-divider  dividerShort\" style=\"border-color: #00a4ef;\" ><\/div>[vc_column_text css_animation=&#8221;bounceInLeft&#8221; css=&#8221;.vc_custom_1580809825303{margin-bottom: 0px !important;}&#8221;]<\/p>\n<p style=\"text-align: center;\">mail: <a title=\" Write to us at: biuro@pikuj.pl\" href=\"mailto:biuro@pikuj.pl\">biuro@pikuj.pl\u00a0<\/a><\/p>\n<p style=\"text-align: center;\">fax: (+48) 42-684-59-52<\/p>\n<p>[\/vc_column_text]<\/div><\/div><\/div>[\/vc_column_inner][vc_column_inner offset=&#8221;vc_col-md-4&#8243;]<div class=\"gem-textbox \"  ><div class=\"gem-textbox-inner\" style=\"\"><div class=\"gem-textbox-content\" style=\"background-color: #ffffff;background-position: center top;padding-top: 48px;padding-bottom: 48px;\">[vc_column_text css=&#8221;.vc_custom_1580482136889{margin-top: 0px !important;margin-bottom: 0px !important;border-bottom-width: 0px !important;padding-bottom: 0px !important;}&#8221;]<\/p>\n<div class=\"title-h5\" style=\"text-align: center;\">ADDRESS<\/div>\n<p>[\/vc_column_text]<div class=\"clearboth\"><\/div><style>#thegem-divider-69f88e115b4d2 {margin-top: 12px !important;}#thegem-divider-69f88e115b4d2 {margin-bottom: 12px !important;}<\/style><div id=\"thegem-divider-69f88e115b4d2\" class=\"gem-divider  dividerShort\" style=\"border-color: #00a4ef;\" ><\/div>[vc_column_text css_animation=&#8221;bounceInUp&#8221; css=&#8221;.vc_custom_1580809782609{margin-bottom: 0px !important;}&#8221;]<\/p>\n<p style=\"text-align: center;\">3 Karola Street<br \/>\n93-239 \u0141\u00f3d\u017a<br \/>\nPoland<\/p>\n<p>[\/vc_column_text]<\/div><\/div><\/div>[\/vc_column_inner][vc_column_inner offset=&#8221;vc_col-md-4&#8243;]<div class=\"gem-textbox \"  ><div class=\"gem-textbox-inner\" style=\"\"><div class=\"gem-textbox-content\" style=\"background-color: #ffffff;background-position: center top;padding-top: 48px;padding-bottom: 48px;\">[vc_column_text css=&#8221;.vc_custom_1580482142948{margin-top: 0px !important;margin-bottom: 0px !important;border-bottom-width: 0px !important;padding-bottom: 0px !important;}&#8221;]<\/p>\n<div class=\"title-h5\" style=\"text-align: center;\">Mobile<\/div>\n<p>[\/vc_column_text]<div class=\"clearboth\"><\/div><style>#thegem-divider-69f88e115b514 {margin-top: 12px !important;}#thegem-divider-69f88e115b514 {margin-bottom: 12px !important;}<\/style><div id=\"thegem-divider-69f88e115b514\" class=\"gem-divider  dividerShort\" style=\"border-color: #00a4ef;\" ><\/div>[vc_column_text css_animation=&#8221;bounceInRight&#8221; css=&#8221;.vc_custom_1580809770752{margin-bottom: 0px !important;}&#8221;]<\/p>\n<p style=\"text-align: center;\">tel: <a title=\"Call the number (+48) 42 683 12 31\" href=\"tel:0048426831231\">(+48) 42 683 12 31<\/a><br \/>\ntel: <a title=\"Call the number (+48) 508 057 828\" href=\"tel:0048508057828\">(+48) 508 057 828<\/a><br \/>\ntel: <a title=\"Call the number (+48) 516 129 907\" href=\"tel:0048516129907\">(+48) 516 129 907<\/a><\/p>\n<p>[\/vc_column_text]<\/div><\/div><\/div>[\/vc_column_inner][\/vc_row_inner]<div class=\"clearboth\"><\/div><style>#thegem-divider-69f88e115b52e {margin-top: 48px !important;}<\/style><div id=\"thegem-divider-69f88e115b52e\" class=\"gem-divider  \" style=\"\" ><\/div><div class=\"gem-textbox \"  ><div class=\"gem-textbox-inner\" style=\"\"><div class=\"gem-textbox-content\" style=\"background-color: #ffffff;background-position: center top;padding-top: 48px;padding-bottom: 48px;\">[vc_column_text css=&#8221;.vc_custom_1580502566883{margin-top: 0px !important;margin-bottom: 0px !important;border-bottom-width: 0px !important;padding-bottom: 0px !important;}&#8221; el_id=&#8221;godziny&#8221;]<\/p>\n<div class=\"title-h5\" style=\"text-align: center;\">WORKING HOURS<\/div>\n<p>[\/vc_column_text]<div class=\"clearboth\"><\/div><style>#thegem-divider-69f88e115b568 {margin-top: 12px !important;}#thegem-divider-69f88e115b568 {margin-bottom: 12px !important;}<\/style><div id=\"thegem-divider-69f88e115b568\" class=\"gem-divider  dividerShort\" style=\"border-color: #00a4ef;\" ><\/div>[vc_column_text css=&#8221;.vc_custom_1580482645495{margin-bottom: 0px !important;}&#8221;]<\/p>\n<p style=\"text-align: center;\">Mon. \u2013 Fri.: 08:00 \u2013 16:00 CET<\/p>\n<p style=\"text-align: center;\">Saturday: 08:00 \u2013 13:00 CET<\/p>\n<p style=\"text-align: center;\">Sunday: closed<\/p>\n<p>[\/vc_column_text]<\/div><\/div><\/div><div class=\"clearboth\"><\/div><style>#thegem-divider-69f88e115b57e {margin-top: 12px !important;}#thegem-divider-69f88e115b57e {margin-bottom: 12px !important;}<\/style><div id=\"thegem-divider-69f88e115b57e\" class=\"gem-divider  dividerShort\" style=\"border-color: rgba(255,255,255,0.01);\" ><\/div>[\/vc_column][\/vc_row][vc_row full_width=&#8221;stretch_row_content_no_spaces&#8221; css=&#8221;.vc_custom_1576498794640{padding-top: 0px !important;padding-bottom: 0px !important;}&#8221;][vc_column]<div id=\"fullwidth-block-69f88e115b5a8\" class=\"fullwidth-block clearfix\"  style=\"\"><script type=\"text\/javascript\">if (typeof(gem_fix_fullwidth_position) == \"function\") { gem_fix_fullwidth_position(document.getElementById(\"fullwidth-block-69f88e115b5a8\")); }<\/script><div class=\"fullwidth-block-inner\">[vc_gmaps link=&#8221;#E-8_JTNDaWZyYW1lJTIwc3JjJTNEJTIyaHR0cHMlM0ElMkYlMkZ3d3cuZ29vZ2xlLmNvbSUyRm1hcHMlMkZlbWJlZCUzRnBiJTNEJTIxMW0xNCUyMTFtOCUyMTFtMyUyMTFkOTg4NS4zMTI5NDMyMTAwMTIlMjEyZDE5LjQ5NzAxOTMlMjEzZDUxLjcyNzAzMTUlMjEzbTIlMjExaTEwMjQlMjEyaTc2OCUyMTRmMTMuMSUyMTNtMyUyMTFtMiUyMTFzMHgwJTI1M0EweGZhYzdiZjJmZGM4MTE0YzclMjEyc1BQJTI1MjBQbHVzJTI1MjBTcC4lMjUyMHolMjUyMG8uby4lMjE1ZTAlMjEzbTIlMjExc3BsJTIxMnNwbCUyMTR2MTU3NjQ5ODI2ODk5MyUyMTVtMiUyMTFzcGwlMjEyc3BsJTIyJTIwd2lkdGglM0QlMjIxMDAlMjUlMjIlMjBoZWlnaHQlM0QlMjI0NTAlMjIlMjBmcmFtZWJvcmRlciUzRCUyMjAlMjIlMjBzdHlsZSUzRCUyMmJvcmRlciUzQTAlM0IlMjIlMjBhbGxvd2Z1bGxzY3JlZW4lM0QlMjIlMjIlM0UlM0MlMkZpZnJhbWUlM0U=&#8221;]<\/div><\/div>[\/vc_column][\/vc_row][vc_row full_width=&#8221;stretch_row&#8221; css=&#8221;.vc_custom_1544169311397{margin-bottom: 0px !important;}&#8221;][vc_column css=&#8221;.vc_custom_1544104109970{padding-top: 0px !important;}&#8221;]<div class=\"clearboth\"><\/div><style>#thegem-divider-69f88e115b5c9 {margin-top: 48px !important;}<\/style><div id=\"thegem-divider-69f88e115b5c9\" class=\"gem-divider  \" style=\"\" ><\/div>[vc_column_text]<\/p>\n<div class=\"title-h2\" style=\"text-align: center;\">WRITE TO US<\/div>\n<p>[\/vc_column_text]<div class=\"clearboth\"><\/div><style>#thegem-divider-69f88e115b5de {margin-top: 40px !important;}<\/style><div id=\"thegem-divider-69f88e115b5de\" class=\"gem-divider  \" style=\"\" ><\/div>[vc_row_inner][vc_column_inner offset=&#8221;vc_col-lg-offset-2 vc_col-lg-8 vc_col-md-offset-1 vc_col-md-10&#8243;][vc_column_text css=&#8221;.vc_custom_1576665879023{margin-bottom: 0px !important;}&#8221;]<\/p>\n<p style=\"text-align: center;\">If you need assistance, contact us or submit an inquiry using the form below. We will respond as soon as possible. Data transmission through the form is secure.<\/p>\n<p>[\/vc_column_text][\/vc_column_inner][\/vc_row_inner]\n<div class=\"wpcf7 no-js\" id=\"wpcf7-f3694-o1\" lang=\"en-US\" dir=\"ltr\">\n<div class=\"screen-reader-response\"><p role=\"status\" aria-live=\"polite\" aria-atomic=\"true\"><\/p> <ul><\/ul><\/div>\n<form action=\"\/en\/wp-json\/wp\/v2\/pages\/3667#wpcf7-f3694-o1\" method=\"post\" class=\"wpcf7-form init gem-contact-form-dark gem-contact-form-simple-line\" aria-label=\"Contact form\" novalidate=\"novalidate\" data-status=\"init\">\n<div style=\"display: none;\">\n<input type=\"hidden\" name=\"_wpcf7\" value=\"3694\" \/>\n<input type=\"hidden\" name=\"_wpcf7_version\" value=\"5.9.8\" \/>\n<input type=\"hidden\" name=\"_wpcf7_locale\" value=\"en_US\" \/>\n<input type=\"hidden\" name=\"_wpcf7_unit_tag\" value=\"wpcf7-f3694-o1\" \/>\n<input type=\"hidden\" name=\"_wpcf7_container_post\" value=\"0\" \/>\n<input type=\"hidden\" name=\"_wpcf7_posted_data_hash\" value=\"\" \/>\n<\/div>\n<div class=\"row medical-center\">\r\n<div class=\"col-lg-4 col-md-4 col-xs-12\"><div class=\"form-line\"><span class=\"wpcf7-form-control-wrap\" data-name=\"your-name\"><input size=\"40\" maxlength=\"400\" class=\"wpcf7-form-control wpcf7-text wpcf7-validates-as-required\" aria-required=\"true\" aria-invalid=\"false\" placeholder=\"First and last name (required):\" value=\"\" type=\"text\" name=\"your-name\" \/><\/span><\/div><\/div>\r\n<div class=\"col-lg-4 col-md-4 col-xs-12\"><div class=\"form-line\"><span class=\"wpcf7-form-control-wrap\" data-name=\"your-email\"><input size=\"40\" maxlength=\"400\" class=\"wpcf7-form-control wpcf7-email wpcf7-validates-as-required wpcf7-text wpcf7-validates-as-email\" aria-required=\"true\" aria-invalid=\"false\" placeholder=\"E-mail (required):\" value=\"\" type=\"email\" name=\"your-email\" \/><\/span><\/div><\/div>\r\n<div class=\"col-lg-4 col-md-4 col-xs-12\"><div class=\"form-line\"><span class=\"wpcf7-form-control-wrap\" data-name=\"your-website\"><input size=\"40\" maxlength=\"400\" class=\"wpcf7-form-control wpcf7-text\" aria-invalid=\"false\" placeholder=\"Subject:\" value=\"\" type=\"text\" name=\"your-website\" \/><\/span><\/div><\/div>\r\n<div class=\"col-lg-12 col-md-12 col-xs-12\"><div class=\"form-line\"><span class=\"wpcf7-form-control-wrap\" data-name=\"your-message\"><textarea cols=\"30\" rows=\"6\" maxlength=\"2000\" class=\"wpcf7-form-control wpcf7-textarea wpcf7-validates-as-required\" aria-required=\"true\" aria-invalid=\"false\" placeholder=\"Message:\" name=\"your-message\"><\/textarea><\/span><\/div><\/div>\r\n<div class=\"col-lg-12 col-md-12 col-xs-12\"><div class=\"form-line\"> <span class=\"wpcf7-form-control-wrap\" data-name=\"acceptance-531\"><span class=\"wpcf7-form-control wpcf7-acceptance\"><span class=\"wpcf7-list-item\"><label><input type=\"checkbox\" name=\"acceptance-531\" value=\"1\" aria-invalid=\"false\" \/><span class=\"wpcf7-list-item-label\">The controller of your data is PP Plus Sp. z o.o. with its registered office in Lodz, Karola 3 Street, 93-239 Lodz, Poland, entered in the register of enterprises of the National Court Register (KRS) kept by the \u0141\u00f3d\u017a \u015ar\u00f3dmie\u015bcie District Court in \u0141\u00f3d\u017a, 20th Commercial Division of the National Court Register, at KRS no. 0000060663, NIP no.: 7292483060, Regon no.: 47292279700000. Your data submitted through the contact form will be processed for the purpose of answering your inquiry in accordance with the <a href=\"\/en\/privacy-policy\/\" title=\"Privacy Policy\" ><\/a>Privacy Policy<\/a>.<\/span><\/label><\/span><\/span><\/span> <\/div>\r\n<style type=\"text\/css\">.thegem-button-69f88e115c5ab6644 .gem-button svg {fill: #fdb942;}.thegem-button-69f88e115c5ab6644 .gem-button:hover svg {fill: #fff;}<\/style><div class=\"gem-button-container gem-button-position-center thegem-button-69f88e115c5ab6644\"  ><input class=\"gem-button gem-button-size-medium gem-button-style-outline gem-button-text-weight-thin gem-button-border-1 wpcf7-form-control wpcf7-submit has-spinner gem-button-wpcf-custom\" data-ll-effect=\"drop-right-without-wrap\" style=\"border-radius: 0px;border-color: #fdb942;color: #fdb942;\" onmouseleave=\"this.style.borderColor='#fdb942';this.style.backgroundColor='transparent';this.style.color='#fdb942';\" onmouseenter=\"this.style.backgroundColor='#fdb942';this.style.color='#fff';\" id=\"\" tabindex=\"\" type=\"submit\" value=\"SUBMIT\" \/><\/div> \r\n<\/div>\r\n<\/div><div class=\"wpcf7-response-output\" aria-hidden=\"true\"><\/div>\n<\/form>\n<\/div>\n<div class=\"clearboth\"><\/div><style>#thegem-divider-69f88e115c5fd {margin-top: 12px !important;}<\/style><div id=\"thegem-divider-69f88e115c5fd\" class=\"gem-divider  \" style=\"\" ><\/div>[\/vc_column][\/vc_row]<\/p>\n<\/div>","protected":false},"excerpt":{"rendered":"<p>[vc_row full_width=&#8221;stretch_row&#8221; css=&#8221;.vc_custom_1576498460343{margin-bottom: 0px !important;background-image: url(http:\/\/pikuj.pl\/wp-content\/uploads\/2019\/12\/dane-kontaktowe-pikowanie.jpg?id=1205) !important;background-position: center !important;background-repeat: no-repeat !important;background-size: cover !important;}&#8221;][vc_column css=&#8221;.vc_custom_1544104109970{padding-top: 0px !important;}&#8221;][vc_row_inner][vc_column_inner offset=&#8221;vc_col-lg-offset-2 vc_col-lg-8 vc_col-md-offset-1 vc_col-md-10&#8243;][vc_column_text&#8230;<\/p>\n","protected":false},"author":1,"featured_media":0,"parent":0,"menu_order":0,"comment_status":"closed","ping_status":"closed","template":"","meta":{"footnotes":""},"yoast_head":"<!-- This site is optimized with the Yoast SEO plugin v24.5 - https:\/\/yoast.com\/wordpress\/plugins\/seo\/ -->\n<title>Thread quilting of fabrics and nonwovens in \u0141\u00f3d\u017a, Poland, contact - PP Plus<\/title>\n<meta name=\"description\" content=\"Please contact our company. We are located in \u0141\u00f3d\u017a (Poland) at 3 Karola Street. You can also obtain all information by calling: +48 42 683 12 31.\" \/>\n<meta name=\"robots\" content=\"index, follow, max-snippet:-1, max-image-preview:large, max-video-preview:-1\" \/>\n<link rel=\"canonical\" href=\"https:\/\/pikuj.pl\/en\/contact\/\" \/>\n<meta property=\"og:locale\" content=\"en_US\" \/>\n<meta property=\"og:type\" content=\"article\" \/>\n<meta property=\"og:title\" content=\"Thread quilting of fabrics and nonwovens in \u0141\u00f3d\u017a, Poland, contact - PP Plus\" \/>\n<meta property=\"og:description\" content=\"Please contact our company. We are located in \u0141\u00f3d\u017a (Poland) at 3 Karola Street. You can also obtain all information by calling: +48 42 683 12 31.\" \/>\n<meta property=\"og:url\" content=\"https:\/\/pikuj.pl\/en\/contact\/\" \/>\n<meta property=\"og:site_name\" content=\"Pikowanie Niciowe w \u0141odzi\" \/>\n<meta property=\"article:publisher\" content=\"https:\/\/www.facebook.com\/PikujPlus\/\" \/>\n<meta property=\"article:modified_time\" content=\"2020-08-12T12:52:31+00:00\" \/>\n<meta name=\"twitter:card\" content=\"summary_large_image\" \/>\n<meta name=\"twitter:site\" content=\"@PikujPlus\" \/>\n<meta name=\"twitter:label1\" content=\"Est. reading time\" \/>\n\t<meta name=\"twitter:data1\" content=\"3 minutes\" \/>\n<script type=\"application\/ld+json\" class=\"yoast-schema-graph\">{\"@context\":\"https:\/\/schema.org\",\"@graph\":[{\"@type\":\"WebPage\",\"@id\":\"https:\/\/pikuj.pl\/en\/contact\/\",\"url\":\"https:\/\/pikuj.pl\/en\/contact\/\",\"name\":\"Thread quilting of fabrics and nonwovens in \u0141\u00f3d\u017a, Poland, contact - PP Plus\",\"isPartOf\":{\"@id\":\"https:\/\/pikuj.pl\/en\/#website\"},\"datePublished\":\"2018-12-06T11:37:04+00:00\",\"dateModified\":\"2020-08-12T12:52:31+00:00\",\"description\":\"Please contact our company. We are located in \u0141\u00f3d\u017a (Poland) at 3 Karola Street. You can also obtain all information by calling: +48 42 683 12 31.\",\"breadcrumb\":{\"@id\":\"https:\/\/pikuj.pl\/en\/contact\/#breadcrumb\"},\"inLanguage\":\"en-US\",\"potentialAction\":[{\"@type\":\"ReadAction\",\"target\":[\"https:\/\/pikuj.pl\/en\/contact\/\"]}]},{\"@type\":\"BreadcrumbList\",\"@id\":\"https:\/\/pikuj.pl\/en\/contact\/#breadcrumb\",\"itemListElement\":[{\"@type\":\"ListItem\",\"position\":1,\"name\":\"Home\",\"item\":\"https:\/\/pikuj.pl\/en\/\"},{\"@type\":\"ListItem\",\"position\":2,\"name\":\"Contact\"}]},{\"@type\":\"WebSite\",\"@id\":\"https:\/\/pikuj.pl\/en\/#website\",\"url\":\"https:\/\/pikuj.pl\/en\/\",\"name\":\"Pikowanie Niciowe w \u0141odzi\",\"description\":\"PP Plus\",\"publisher\":{\"@id\":\"https:\/\/pikuj.pl\/en\/#organization\"},\"potentialAction\":[{\"@type\":\"SearchAction\",\"target\":{\"@type\":\"EntryPoint\",\"urlTemplate\":\"https:\/\/pikuj.pl\/en\/?s={search_term_string}\"},\"query-input\":{\"@type\":\"PropertyValueSpecification\",\"valueRequired\":true,\"valueName\":\"search_term_string\"}}],\"inLanguage\":\"en-US\"},{\"@type\":\"Organization\",\"@id\":\"https:\/\/pikuj.pl\/en\/#organization\",\"name\":\"PP Plus\",\"url\":\"https:\/\/pikuj.pl\/en\/\",\"logo\":{\"@type\":\"ImageObject\",\"inLanguage\":\"en-US\",\"@id\":\"https:\/\/pikuj.pl\/en\/#\/schema\/logo\/image\/\",\"url\":\"http:\/\/pikuj.pl\/wp-content\/uploads\/2019\/11\/Brand_Logo_Symbol_PP_Plus-19.png\",\"contentUrl\":\"http:\/\/pikuj.pl\/wp-content\/uploads\/2019\/11\/Brand_Logo_Symbol_PP_Plus-19.png\",\"width\":1920,\"height\":1920,\"caption\":\"PP Plus\"},\"image\":{\"@id\":\"https:\/\/pikuj.pl\/en\/#\/schema\/logo\/image\/\"},\"sameAs\":[\"https:\/\/www.facebook.com\/PikujPlus\/\",\"https:\/\/x.com\/PikujPlus\",\"https:\/\/www.instagram.com\/PikujPlus\/\",\"https:\/\/www.facebook.com\/company\/PikujPlus\/\",\"https:\/\/www.pinterest.com\/PikujPlus\/\"]}]}<\/script>\n<!-- \/ Yoast SEO plugin. -->","yoast_head_json":{"title":"Thread quilting of fabrics and nonwovens in \u0141\u00f3d\u017a, Poland, contact - PP Plus","description":"Please contact our company. We are located in \u0141\u00f3d\u017a (Poland) at 3 Karola Street. You can also obtain all information by calling: +48 42 683 12 31.","robots":{"index":"index","follow":"follow","max-snippet":"max-snippet:-1","max-image-preview":"max-image-preview:large","max-video-preview":"max-video-preview:-1"},"canonical":"https:\/\/pikuj.pl\/en\/contact\/","og_locale":"en_US","og_type":"article","og_title":"Thread quilting of fabrics and nonwovens in \u0141\u00f3d\u017a, Poland, contact - PP Plus","og_description":"Please contact our company. We are located in \u0141\u00f3d\u017a (Poland) at 3 Karola Street. You can also obtain all information by calling: +48 42 683 12 31.","og_url":"https:\/\/pikuj.pl\/en\/contact\/","og_site_name":"Pikowanie Niciowe w \u0141odzi","article_publisher":"https:\/\/www.facebook.com\/PikujPlus\/","article_modified_time":"2020-08-12T12:52:31+00:00","twitter_card":"summary_large_image","twitter_site":"@PikujPlus","twitter_misc":{"Est. reading time":"3 minutes"},"schema":{"@context":"https:\/\/schema.org","@graph":[{"@type":"WebPage","@id":"https:\/\/pikuj.pl\/en\/contact\/","url":"https:\/\/pikuj.pl\/en\/contact\/","name":"Thread quilting of fabrics and nonwovens in \u0141\u00f3d\u017a, Poland, contact - PP Plus","isPartOf":{"@id":"https:\/\/pikuj.pl\/en\/#website"},"datePublished":"2018-12-06T11:37:04+00:00","dateModified":"2020-08-12T12:52:31+00:00","description":"Please contact our company. We are located in \u0141\u00f3d\u017a (Poland) at 3 Karola Street. You can also obtain all information by calling: +48 42 683 12 31.","breadcrumb":{"@id":"https:\/\/pikuj.pl\/en\/contact\/#breadcrumb"},"inLanguage":"en-US","potentialAction":[{"@type":"ReadAction","target":["https:\/\/pikuj.pl\/en\/contact\/"]}]},{"@type":"BreadcrumbList","@id":"https:\/\/pikuj.pl\/en\/contact\/#breadcrumb","itemListElement":[{"@type":"ListItem","position":1,"name":"Home","item":"https:\/\/pikuj.pl\/en\/"},{"@type":"ListItem","position":2,"name":"Contact"}]},{"@type":"WebSite","@id":"https:\/\/pikuj.pl\/en\/#website","url":"https:\/\/pikuj.pl\/en\/","name":"Pikowanie Niciowe w \u0141odzi","description":"PP Plus","publisher":{"@id":"https:\/\/pikuj.pl\/en\/#organization"},"potentialAction":[{"@type":"SearchAction","target":{"@type":"EntryPoint","urlTemplate":"https:\/\/pikuj.pl\/en\/?s={search_term_string}"},"query-input":{"@type":"PropertyValueSpecification","valueRequired":true,"valueName":"search_term_string"}}],"inLanguage":"en-US"},{"@type":"Organization","@id":"https:\/\/pikuj.pl\/en\/#organization","name":"PP Plus","url":"https:\/\/pikuj.pl\/en\/","logo":{"@type":"ImageObject","inLanguage":"en-US","@id":"https:\/\/pikuj.pl\/en\/#\/schema\/logo\/image\/","url":"http:\/\/pikuj.pl\/wp-content\/uploads\/2019\/11\/Brand_Logo_Symbol_PP_Plus-19.png","contentUrl":"http:\/\/pikuj.pl\/wp-content\/uploads\/2019\/11\/Brand_Logo_Symbol_PP_Plus-19.png","width":1920,"height":1920,"caption":"PP Plus"},"image":{"@id":"https:\/\/pikuj.pl\/en\/#\/schema\/logo\/image\/"},"sameAs":["https:\/\/www.facebook.com\/PikujPlus\/","https:\/\/x.com\/PikujPlus","https:\/\/www.instagram.com\/PikujPlus\/","https:\/\/www.facebook.com\/company\/PikujPlus\/","https:\/\/www.pinterest.com\/PikujPlus\/"]}]}},"_links":{"self":[{"href":"https:\/\/pikuj.pl\/en\/wp-json\/wp\/v2\/pages\/3667"}],"collection":[{"href":"https:\/\/pikuj.pl\/en\/wp-json\/wp\/v2\/pages"}],"about":[{"href":"https:\/\/pikuj.pl\/en\/wp-json\/wp\/v2\/types\/page"}],"author":[{"embeddable":true,"href":"https:\/\/pikuj.pl\/en\/wp-json\/wp\/v2\/users\/1"}],"replies":[{"embeddable":true,"href":"https:\/\/pikuj.pl\/en\/wp-json\/wp\/v2\/comments?post=3667"}],"version-history":[{"count":2,"href":"https:\/\/pikuj.pl\/en\/wp-json\/wp\/v2\/pages\/3667\/revisions"}],"predecessor-version":[{"id":4080,"href":"https:\/\/pikuj.pl\/en\/wp-json\/wp\/v2\/pages\/3667\/revisions\/4080"}],"wp:attachment":[{"href":"https:\/\/pikuj.pl\/en\/wp-json\/wp\/v2\/media?parent=3667"}],"curies":[{"name":"wp","href":"https:\/\/api.w.org\/{rel}","templated":true}]}}