{"id":3553,"date":"2019-04-10T14:36:19","date_gmt":"2019-04-10T12:36:19","guid":{"rendered":"http:\/\/pikuj.pl\/?page_id=3553"},"modified":"2020-08-07T12:41:45","modified_gmt":"2020-08-07T10:41:45","slug":"404-3","status":"publish","type":"page","link":"https:\/\/pikuj.pl\/ru\/404-3\/","title":{"rendered":"404"},"content":{"rendered":"<div class=\"wpb-content-wrapper\"><p>[vc_row full_width=&#187;stretch_row&#187; full_height=&#187;yes&#187; css=&#187;.vc_custom_1554907065881{margin-bottom: 0px !important;background-color: #edf2f5 !important;background-position: center !important;background-repeat: no-repeat !important;background-size: cover !important;}&#187;][vc_column offset=&#187;vc_col-lg-offset-2 vc_col-lg-8&#8243;]<div class=\"gem-textbox  centered-box\"  ><div class=\"gem-textbox-inner\" style=\"\"><div class=\"gem-textbox-content\" style=\"background-position: center top;padding-top: 100px;padding-bottom: 100px;padding-left: 0px;padding-right: 0px;\">[vc_raw_html]JTNDc3ZnJTIwdmlld0JveCUzRCUyMjAlMjAwJTIwNjAwJTIwMTcwJTIyJTNFJTBBJTBBJTIwJTIwJTNDJTIxLS0lMjBHcmFkaWVudCUyMC0tJTNFJTBBJTIwJTIwJTNDbGluZWFyR3JhZGllbnQlMjBpZCUzRCUyMmdyLXNpbXBsZSUyMiUyMHgxJTNEJTIyMCUyMiUyMHkxJTNEJTIyMCUyMiUyMHgyJTNEJTIyMTAwJTI1JTIyJTIweTIlM0QlMjIxMDAlMjUlMjIlM0UlMEElMjAlMjAlMjAlMjAlM0NzdG9wJTIwc3RvcC1jb2xvciUzRCUyMiUyM2Y1NTA2MCUyMiUyMG9mZnNldCUzRCUyMjAlMjUlMjIlMkYlM0UlMEElMjAlMjAlMjAlMjAlM0NzdG9wJTIwc3RvcC1jb2xvciUzRCUyMiUyM2Y1NTA2MCUyMiUyMG9mZnNldCUzRCUyMjEwMCUyNSUyMiUyRiUzRSUwQSUyMCUyMCUzQyUyRmxpbmVhckdyYWRpZW50JTNFJTBBJTBBJTIwJTIwJTNDJTIxLS0lMjBUZXh0JTIwLS0lM0UlMEElMjAlMjAlM0N0ZXh0JTIwdGV4dC1hbmNob3IlM0QlMjJtaWRkbGUlMjIlMEElMjAlMjAlMjAlMjAlMjAlMjAlMjAlMjB4JTNEJTIyNTAlMjUlMjIlMEElMjAlMjAlMjAlMjAlMjAlMjAlMjAlMjB5JTNEJTIyNTAlMjUlMjIlMEElMjAlMjAlMjAlMjAlMjAlMjAlMjAlMjBkeSUzRCUyMi4zNWVtJTIyJTBBJTIwJTIwJTIwJTIwJTIwJTIwJTIwJTIwY2xhc3MlM0QlMjJ0ZXh0JTIwdGl0bGUtaDElMjBsaWdodCUyMiUwQSUyMCUyMCUyMCUyMCUyMCUyMCUyMCUyMHN0eWxlJTNEJTIyZmlsbCUzQSUyMHVybCUyOCUyM2dyLXNpbXBsZSUyOSUzQiUyMGZvbnQtc2l6ZSUzQSUyMDIzMHB4JTNCJTIwbGluZS1oZWlnaHQlM0ElMjAxJTNCJTIyJTBBJTIwJTIwJTIwJTIwJTIwJTIwJTIwJTIwJTNFJTBBJTIwJTIwJTIwJTIwNDA0JTBBJTIwJTIwJTNDJTJGdGV4dCUzRSUwQSUzQyUyRnN2ZyUzRQ==[\/vc_raw_html][vc_column_text]<\/p>\n<div class=\"title-h1\"><span style=\"color: #3c3950;\">\u0421\u0442\u0440\u0430\u043d\u0438\u0446\u0430 \u043d\u0435 \u043d\u0430\u0439\u0434\u0435\u043d\u0430<\/span><\/div>\n<p>[\/vc_column_text][vc_column_text]<\/p>\n<div class=\"styled-subtitle\"><span style=\"color: #3c3950;\">Przepraszamy, strona kt\u00f3rej szukasz nie istnieje w naszej bazie danych! Mo\u017ce przejd\u017a do naszej <a style=\"color: #ffffff; background-color: #1a81c3; padding: 2px 10px;\" title=\"Strona g\u0142\u00f3wna PP Plus\" href=\"http:\/\/pikuj.pl\/ru\/\"> strony g\u0142\u00f3wnej <\/a>\u00a0 lub spr\u00f3buj u\u017cy\u0107 <a style=\"color: #ffffff; background-color: #f55060; padding: 2px 10px;\">wyszukiwania?<\/a><\/span><\/div>\n<p>[\/vc_column_text]<div class=\"gem-search-form gem-search-form-style-light gem-search-form-alignment-center thegem-custom-69f2579609ebb7138\"><form role=\"search\" method=\"get\" class=\"search-form\" action=\"https:\/\/pikuj.pl\/ru\/\"><input class=\"search-field\" type=\"search\" name=\"s\" placeholder=\"Szukaj...\" \/><button class=\"search-submit\" type=\"submit\"><\/button><\/form><\/div><\/div><\/div><\/div>[\/vc_column][\/vc_row]<\/p>\n<\/div>","protected":false},"excerpt":{"rendered":"<p>[vc_row full_width=&#187;stretch_row&#187; full_height=&#187;yes&#187; css=&#187;.vc_custom_1554907065881{margin-bottom: 0px !important;background-color: #edf2f5 !important;background-position: center !important;background-repeat: no-repeat !important;background-size: cover !important;}&#187;][vc_column offset=&#187;vc_col-lg-offset-2 vc_col-lg-8&#8243;][\/vc_column][\/vc_row]<\/p>\n","protected":false},"author":1,"featured_media":0,"parent":0,"menu_order":0,"comment_status":"closed","ping_status":"closed","template":"","meta":{"footnotes":""},"yoast_head":"<!-- This site is optimized with the Yoast SEO plugin v24.5 - https:\/\/yoast.com\/wordpress\/plugins\/seo\/ -->\n<title>404 - Pikowanie Niciowe w \u0141odzi<\/title>\n<meta name=\"robots\" content=\"index, follow, max-snippet:-1, max-image-preview:large, max-video-preview:-1\" \/>\n<link rel=\"canonical\" href=\"https:\/\/pikuj.pl\/ru\/404-3\/\" \/>\n<meta property=\"og:locale\" content=\"ru_RU\" \/>\n<meta property=\"og:type\" content=\"article\" \/>\n<meta property=\"og:title\" content=\"404 - Pikowanie Niciowe w \u0141odzi\" \/>\n<meta property=\"og:description\" content=\"[vc_row full_width=&#187;stretch_row&#187; full_height=&#187;yes&#187; css=&#187;.vc_custom_1554907065881{margin-bottom: 0px !important;background-color: #edf2f5 !important;background-position: center !important;background-repeat: no-repeat !important;background-size: cover !important;}&#187;][vc_column offset=&#187;vc_col-lg-offset-2 vc_col-lg-8&#8243;][\/vc_column][\/vc_row]\" \/>\n<meta property=\"og:url\" content=\"https:\/\/pikuj.pl\/ru\/404-3\/\" \/>\n<meta property=\"og:site_name\" content=\"Pikowanie Niciowe w \u0141odzi\" \/>\n<meta property=\"article:publisher\" content=\"https:\/\/www.facebook.com\/PikujPlus\/\" \/>\n<meta property=\"article:modified_time\" content=\"2020-08-07T10:41:45+00:00\" \/>\n<meta name=\"twitter:card\" content=\"summary_large_image\" \/>\n<meta name=\"twitter:site\" content=\"@PikujPlus\" \/>\n<meta name=\"twitter:label1\" content=\"\u041f\u0440\u0438\u043c\u0435\u0440\u043d\u043e\u0435 \u0432\u0440\u0435\u043c\u044f \u0434\u043b\u044f \u0447\u0442\u0435\u043d\u0438\u044f\" \/>\n\t<meta name=\"twitter:data1\" content=\"1 \u043c\u0438\u043d\u0443\u0442\u0430\" \/>\n<script type=\"application\/ld+json\" class=\"yoast-schema-graph\">{\"@context\":\"https:\/\/schema.org\",\"@graph\":[{\"@type\":\"WebPage\",\"@id\":\"https:\/\/pikuj.pl\/ru\/404-3\/\",\"url\":\"https:\/\/pikuj.pl\/ru\/404-3\/\",\"name\":\"404 - Pikowanie Niciowe w \u0141odzi\",\"isPartOf\":{\"@id\":\"https:\/\/pikuj.pl\/ru\/#website\"},\"datePublished\":\"2019-04-10T12:36:19+00:00\",\"dateModified\":\"2020-08-07T10:41:45+00:00\",\"breadcrumb\":{\"@id\":\"https:\/\/pikuj.pl\/ru\/404-3\/#breadcrumb\"},\"inLanguage\":\"ru-RU\",\"potentialAction\":[{\"@type\":\"ReadAction\",\"target\":[\"https:\/\/pikuj.pl\/ru\/404-3\/\"]}]},{\"@type\":\"BreadcrumbList\",\"@id\":\"https:\/\/pikuj.pl\/ru\/404-3\/#breadcrumb\",\"itemListElement\":[{\"@type\":\"ListItem\",\"position\":1,\"name\":\"\u0413\u043b\u0430\u0432\u043d\u0430\u044f\",\"item\":\"https:\/\/pikuj.pl\/ru\/\"},{\"@type\":\"ListItem\",\"position\":2,\"name\":\"404\"}]},{\"@type\":\"WebSite\",\"@id\":\"https:\/\/pikuj.pl\/ru\/#website\",\"url\":\"https:\/\/pikuj.pl\/ru\/\",\"name\":\"Pikowanie Niciowe w \u0141odzi\",\"description\":\"PP Plus\",\"publisher\":{\"@id\":\"https:\/\/pikuj.pl\/ru\/#organization\"},\"potentialAction\":[{\"@type\":\"SearchAction\",\"target\":{\"@type\":\"EntryPoint\",\"urlTemplate\":\"https:\/\/pikuj.pl\/ru\/?s={search_term_string}\"},\"query-input\":{\"@type\":\"PropertyValueSpecification\",\"valueRequired\":true,\"valueName\":\"search_term_string\"}}],\"inLanguage\":\"ru-RU\"},{\"@type\":\"Organization\",\"@id\":\"https:\/\/pikuj.pl\/ru\/#organization\",\"name\":\"PP Plus\",\"url\":\"https:\/\/pikuj.pl\/ru\/\",\"logo\":{\"@type\":\"ImageObject\",\"inLanguage\":\"ru-RU\",\"@id\":\"https:\/\/pikuj.pl\/ru\/#\/schema\/logo\/image\/\",\"url\":\"http:\/\/pikuj.pl\/wp-content\/uploads\/2019\/11\/Brand_Logo_Symbol_PP_Plus-19.png\",\"contentUrl\":\"http:\/\/pikuj.pl\/wp-content\/uploads\/2019\/11\/Brand_Logo_Symbol_PP_Plus-19.png\",\"width\":1920,\"height\":1920,\"caption\":\"PP Plus\"},\"image\":{\"@id\":\"https:\/\/pikuj.pl\/ru\/#\/schema\/logo\/image\/\"},\"sameAs\":[\"https:\/\/www.facebook.com\/PikujPlus\/\",\"https:\/\/x.com\/PikujPlus\",\"https:\/\/www.instagram.com\/PikujPlus\/\",\"https:\/\/www.facebook.com\/company\/PikujPlus\/\",\"https:\/\/www.pinterest.com\/PikujPlus\/\"]}]}<\/script>\n<!-- \/ Yoast SEO plugin. -->","yoast_head_json":{"title":"404 - Pikowanie Niciowe w \u0141odzi","robots":{"index":"index","follow":"follow","max-snippet":"max-snippet:-1","max-image-preview":"max-image-preview:large","max-video-preview":"max-video-preview:-1"},"canonical":"https:\/\/pikuj.pl\/ru\/404-3\/","og_locale":"ru_RU","og_type":"article","og_title":"404 - Pikowanie Niciowe w \u0141odzi","og_description":"[vc_row full_width=&#187;stretch_row&#187; full_height=&#187;yes&#187; css=&#187;.vc_custom_1554907065881{margin-bottom: 0px !important;background-color: #edf2f5 !important;background-position: center !important;background-repeat: no-repeat !important;background-size: cover !important;}&#187;][vc_column offset=&#187;vc_col-lg-offset-2 vc_col-lg-8&#8243;][\/vc_column][\/vc_row]","og_url":"https:\/\/pikuj.pl\/ru\/404-3\/","og_site_name":"Pikowanie Niciowe w \u0141odzi","article_publisher":"https:\/\/www.facebook.com\/PikujPlus\/","article_modified_time":"2020-08-07T10:41:45+00:00","twitter_card":"summary_large_image","twitter_site":"@PikujPlus","twitter_misc":{"\u041f\u0440\u0438\u043c\u0435\u0440\u043d\u043e\u0435 \u0432\u0440\u0435\u043c\u044f \u0434\u043b\u044f \u0447\u0442\u0435\u043d\u0438\u044f":"1 \u043c\u0438\u043d\u0443\u0442\u0430"},"schema":{"@context":"https:\/\/schema.org","@graph":[{"@type":"WebPage","@id":"https:\/\/pikuj.pl\/ru\/404-3\/","url":"https:\/\/pikuj.pl\/ru\/404-3\/","name":"404 - Pikowanie Niciowe w \u0141odzi","isPartOf":{"@id":"https:\/\/pikuj.pl\/ru\/#website"},"datePublished":"2019-04-10T12:36:19+00:00","dateModified":"2020-08-07T10:41:45+00:00","breadcrumb":{"@id":"https:\/\/pikuj.pl\/ru\/404-3\/#breadcrumb"},"inLanguage":"ru-RU","potentialAction":[{"@type":"ReadAction","target":["https:\/\/pikuj.pl\/ru\/404-3\/"]}]},{"@type":"BreadcrumbList","@id":"https:\/\/pikuj.pl\/ru\/404-3\/#breadcrumb","itemListElement":[{"@type":"ListItem","position":1,"name":"\u0413\u043b\u0430\u0432\u043d\u0430\u044f","item":"https:\/\/pikuj.pl\/ru\/"},{"@type":"ListItem","position":2,"name":"404"}]},{"@type":"WebSite","@id":"https:\/\/pikuj.pl\/ru\/#website","url":"https:\/\/pikuj.pl\/ru\/","name":"Pikowanie Niciowe w \u0141odzi","description":"PP Plus","publisher":{"@id":"https:\/\/pikuj.pl\/ru\/#organization"},"potentialAction":[{"@type":"SearchAction","target":{"@type":"EntryPoint","urlTemplate":"https:\/\/pikuj.pl\/ru\/?s={search_term_string}"},"query-input":{"@type":"PropertyValueSpecification","valueRequired":true,"valueName":"search_term_string"}}],"inLanguage":"ru-RU"},{"@type":"Organization","@id":"https:\/\/pikuj.pl\/ru\/#organization","name":"PP Plus","url":"https:\/\/pikuj.pl\/ru\/","logo":{"@type":"ImageObject","inLanguage":"ru-RU","@id":"https:\/\/pikuj.pl\/ru\/#\/schema\/logo\/image\/","url":"http:\/\/pikuj.pl\/wp-content\/uploads\/2019\/11\/Brand_Logo_Symbol_PP_Plus-19.png","contentUrl":"http:\/\/pikuj.pl\/wp-content\/uploads\/2019\/11\/Brand_Logo_Symbol_PP_Plus-19.png","width":1920,"height":1920,"caption":"PP Plus"},"image":{"@id":"https:\/\/pikuj.pl\/ru\/#\/schema\/logo\/image\/"},"sameAs":["https:\/\/www.facebook.com\/PikujPlus\/","https:\/\/x.com\/PikujPlus","https:\/\/www.instagram.com\/PikujPlus\/","https:\/\/www.facebook.com\/company\/PikujPlus\/","https:\/\/www.pinterest.com\/PikujPlus\/"]}]}},"_links":{"self":[{"href":"https:\/\/pikuj.pl\/ru\/wp-json\/wp\/v2\/pages\/3553"}],"collection":[{"href":"https:\/\/pikuj.pl\/ru\/wp-json\/wp\/v2\/pages"}],"about":[{"href":"https:\/\/pikuj.pl\/ru\/wp-json\/wp\/v2\/types\/page"}],"author":[{"embeddable":true,"href":"https:\/\/pikuj.pl\/ru\/wp-json\/wp\/v2\/users\/1"}],"replies":[{"embeddable":true,"href":"https:\/\/pikuj.pl\/ru\/wp-json\/wp\/v2\/comments?post=3553"}],"version-history":[{"count":1,"href":"https:\/\/pikuj.pl\/ru\/wp-json\/wp\/v2\/pages\/3553\/revisions"}],"predecessor-version":[{"id":3788,"href":"https:\/\/pikuj.pl\/ru\/wp-json\/wp\/v2\/pages\/3553\/revisions\/3788"}],"wp:attachment":[{"href":"https:\/\/pikuj.pl\/ru\/wp-json\/wp\/v2\/media?parent=3553"}],"curies":[{"name":"wp","href":"https:\/\/api.w.org\/{rel}","templated":true}]}}