{"id":3588,"date":"2019-12-16T12:51:33","date_gmt":"2019-12-16T11:51:33","guid":{"rendered":"http:\/\/pikuj.pl\/%d0%bf%d0%be%d0%bb%d0%b8%d1%82%d0%b8%d0%ba%d0%b0-%d0%b2-%d0%be%d1%82%d0%bd%d0%be%d1%88%d0%b5%d0%bd%d0%b8%d0%b8-%d1%84%d0%b0%d0%b9%d0%bb%d0%be%d0%b2-cookie\/"},"modified":"2020-08-12T20:05:15","modified_gmt":"2020-08-12T18:05:15","slug":"%d0%bf%d0%be%d0%bb%d0%b8%d1%82%d0%b8%d0%ba%d0%b0-%d0%b2-%d0%be%d1%82%d0%bd%d0%be%d1%88%d0%b5%d0%bd%d0%b8%d0%b8-%d1%84%d0%b0%d0%b9%d0%bb%d0%be%d0%b2-cookie","status":"publish","type":"page","link":"https:\/\/pikuj.pl\/ru\/%d0%bf%d0%be%d0%bb%d0%b8%d1%82%d0%b8%d0%ba%d0%b0-%d0%b2-%d0%be%d1%82%d0%bd%d0%be%d1%88%d0%b5%d0%bd%d0%b8%d0%b8-%d1%84%d0%b0%d0%b9%d0%bb%d0%be%d0%b2-cookie\/","title":{"rendered":"\u041f\u043e\u043b\u0438\u0442\u0438\u043a\u0430 \u0432 \u043e\u0442\u043d\u043e\u0448\u0435\u043d\u0438\u0438 \u0444\u0430\u0439\u043b\u043e\u0432 cookie"},"content":{"rendered":"<div class=\"wpb-content-wrapper\"><p>[vc_row css=&#187;.vc_custom_1576501968035{padding-top: 49px !important;padding-bottom: 69px !important;}&#187;][vc_column][vc_column_text]<\/p>\r\n&#13;\r\n<h2 class=\"wp-block-heading\">\u0427\u0422\u041e \u0422\u0410\u041a\u041e\u0415 COOKIE-\u0424\u0410\u0419\u041b\u042b?<\/h2>&#13;\r\n<p>Ciasteczka (ang. cookies) to niewielkie pliki, zapisywane i przechowywane na twoim komputerze, tablecie lub smartfonie, podczas gdy odwiedzasz r\u00f3\u017cne strony w internecie. Ciasteczko zazwyczaj zawiera nazw\u0119 strony internetowej, z kt\u00f3rej pochodzi, \u201ed\u0142ugo\u015b\u0107 \u017cycia\u201d ciasteczka (to znaczy czas jego istnienia) oraz przypadkowo wygenerowany, unikalny numer s\u0142u\u017c\u0105cy do identyfikacji przegl\u0105darki, z jakiej nast\u0119puje po\u0142\u0105czenie ze stron\u0105 internetow\u0105.<\/p>&#13;\r\n<p>Pliki cookies s\u0105 umieszczane przez nasz serwis internetowy w komputerze u\u017cytkownika lub urz\u0105dzeniu pod\u0142\u0105czonym do internetu podczas ka\u017cdej wizyty na naszej stronie, co pozwala naszej witrynie internetowej zapami\u0119ta\u0107 komputer u\u017cytkownika lub urz\u0105dzenie oraz s\u0142u\u017cy do realizacji kilku cel\u00f3w.<\/p>&#13;\r\n<p>Na niekt\u00f3rych naszych stronach internetowych wy\u015bwietla si\u0119 baner z pro\u015bb\u0105 o wyra\u017cenie zgody na umieszczenie plik\u00f3w cookies w komputerze u\u017cytkownika. Je\u015bli u\u017cytkownik nie wyra\u017ca na to zgody, dzia\u0142ania prowadzone za po\u015brednictwem komputera u\u017cytkownika lub pod\u0142\u0105czonego do internetu urz\u0105dzenia nie b\u0119d\u0105 monitorowane w celach marketingowych. Drugi rodzaj plik\u00f3w cookies, znany tak\u017ce jako sesyjne pliki cookies, mo\u017ce by\u0107 wymagany do obs\u0142ugi wybranej funkcji. Pliki cookies tego rodzaju nie s\u0105 blokowane po niewyra\u017ceniu przez u\u017cytkownika zgody na ich umieszczenie w komputerze. Wyb\u00f3r u\u017cytkownika zostanie zachowany w pliku cookie na okres 90 dni. Je\u015bli u\u017cytkownik chce zmieni\u0107 wybran\u0105 wcze\u015bniej opcj\u0119, powinien usun\u0105\u0107 pliki cookies ze swojej wyszukiwarki internetowej.<\/p>&#13;\r\n<p>Pomimo, \u017ce wi\u0119kszo\u015b\u0107 przegl\u0105darek internetowych automatycznie zezwala na umieszczanie na komputerze plik\u00f3w cookies, u\u017cytkownik mo\u017ce nie wyrazi\u0107 na to zgody dokonuj\u0105c zmian w ustawieniach przegl\u0105darki (w wi\u0119kszo\u015bci przypadk\u00f3w taka opcja znajduj\u0119 si\u0119 w Narz\u0119dziach lub menu Preferencje przegl\u0105darki). U\u017cytkownik mo\u017ce tak\u017ce w dowolnym momencie usun\u0105\u0107 pliki cookies ze swojego urz\u0105dzenia. W takim przypadku nale\u017cy pami\u0119ta\u0107, \u017ce nie wyra\u017caj\u0105c zgody na umieszczanie plik\u00f3w cookies, u\u017cytkownik nie b\u0119dzie m\u00f3g\u0142 w pe\u0142ni korzysta\u0107 ze wszystkich funkcji naszej witryny.<br\/>Dodatkowe informacje o zarz\u0105dzaniu plikami cookies znajduj\u0105 si\u0119 w pliku Pomoc przegl\u0105darki internetowej lub na takich stronach jak np. <a href=\"https:\/\/www.allaboutcookies.org\/\">www.allaboutcookies.org.<\/a><\/p>&#13;\r\n<p>\u00a0<\/p>&#13;\r\n<h2>\u041f\u043e\u043b\u0438\u0442\u0438\u043a\u0430 \u0432 \u043e\u0442\u043d\u043e\u0448\u0435\u043d\u0438\u0438 \u0444\u0430\u0439\u043b\u043e\u0432 cookie<\/h2>&#13;\r\n<ol><li>W zwi\u0105zku z udost\u0119pnianiem zawarto\u015bci serwisu internetowego PP Plus stosuje si\u0119 tzw. cookies, tj. informacje zapisywane przez serwery na urz\u0105dzeniu ko\u0144cowym U\u017cytkownika, kt\u00f3re serwery mog\u0105 odczyta\u0107 przy ka\u017cdorazowym po\u0142\u0105czeniu si\u0119 z tego urz\u0105dzenia ko\u0144cowego, mo\u017ce tak\u017ce u\u017cywa\u0107 innych technologii o funkcjach podobnych lub to\u017csamych z cookies. W niniejszym dokumencie, informacje dotycz\u0105ce cookies maj\u0105 zastosowanie r\u00f3wnie\u017c do innych podobnych technologii stosowanych w ramach naszych serwis\u00f3w internetowych. Pliki cookies (tzw. \u201eciasteczka\u201d) stanowi\u0105 dane informatyczne, w szczeg\u00f3lno\u015bci pliki tekstowe, kt\u00f3re przechowywane s\u0105 w urz\u0105dzeniu ko\u0144cowym u\u017cytkownika Serwisu internetowego PP Plus. Cookies zazwyczaj zawieraj\u0105 nazw\u0119 domeny Serwisu internetowego, z kt\u00f3rego pochodz\u0105, czas przechowywania ich na urz\u0105dzeniu ko\u0144cowym oraz unikalny numer.<\/li>&#13;\r\n<li>Pliki cookies wykorzystywane s\u0105 w celu:<br\/>a) dostosowania zawarto\u015bci stron Serwisu internetowego do preferencji U\u017cytkownika oraz optymalizacji korzystania ze stron internetowych; w szczeg\u00f3lno\u015bci pliki te pozwalaj\u0105 rozpozna\u0107 urz\u0105dzenie u\u017cytkownika Serwisu internetowego i odpowiednio wy\u015bwietli\u0107 stron\u0119 internetow\u0105, dostosowan\u0105 do jego indywidualnych potrzeb,<br\/>b) tworzenia statystyk, kt\u00f3re pomagaj\u0105 zrozumie\u0107, w jaki spos\u00f3b u\u017cytkownicy Serwisu korzystaj\u0105 ze stron internetowych, co umo\u017cliwia ulepszanie ich struktury i zawarto\u015bci,<br\/>c) utrzymania sesji U\u017cytkownika Serwisu internetowego (po zalogowaniu), dzi\u0119ki kt\u00f3rej U\u017cytkownik nie musi na ka\u017cdej podstronie serwisu ponownie wpisywa\u0107 loginu i has\u0142a,<br\/>d) dostarczania U\u017cytkownikom tre\u015bci reklamowych bardziej dostosowanych do ich zainteresowa\u0144.<\/li>&#13;\r\n<li>W ramach Serwisu internetowego PP Plus mo\u017cemy stosowa\u0107 nast\u0119puj\u0105ce rodzaje plik\u00f3w cookies:<br\/>a) \u201eniezb\u0119dne\u201d pliki cookies umo\u017cliwiaj\u0105ce korzystanie z us\u0142ug dost\u0119pnych w ramach Serwisu internetowego, np. uwierzytelniaj\u0105ce pliki cookies wykorzystywane do us\u0142ug wymagaj\u0105cych uwierzytelniania w ramach Serwisu,<br\/>b) pliki cookies s\u0142u\u017c\u0105ce do zapewnienia bezpiecze\u0144stwa, np. wykorzystywane do wykrywania nadu\u017cy\u0107 w zakresie uwierzytelniania w ramach Serwisu,<br\/>c) pliki cookies umo\u017cliwiaj\u0105ce zbieranie informacji o sposobie korzystania ze stron internetowych Serwisu,<br\/>d) \u201efunkcjonalne\u201d pliki cookies umo\u017cliwiaj\u0105ce \u201ezapami\u0119tanie\u201d wybranych przez U\u017cytkownika ustawie\u0144 i personalizacj\u0119 interfejsu U\u017cytkownika, np. w zakresie wybranego j\u0119zyka lub regionu, z kt\u00f3rego pochodzi U\u017cytkownik, rozmiaru czcionki, wygl\u0105du strony internetowej itp.,<br\/>e) \u201ereklamowe\u201d pliki cookies umo\u017cliwiaj\u0105ce dostarczanie U\u017cytkownikom tre\u015bci reklamowych bardziej dostosowanych do ich zainteresowa\u0144.<\/li>&#13;\r\n<li>W wielu przypadkach oprogramowanie s\u0142u\u017c\u0105ce do przegl\u0105dania stron internetowych (przegl\u0105darka internetowa) domy\u015blnie dopuszcza przechowywanie plik\u00f3w cookies w urz\u0105dzeniu ko\u0144cowym U\u017cytkownika. U\u017cytkownicy serwisu mog\u0105 dokona\u0107 w ka\u017cdym czasie zmiany ustawie\u0144 dotycz\u0105cych plik\u00f3w cookies. Ustawienia te mog\u0105 zosta\u0107 zmienione w szczeg\u00f3lno\u015bci w taki spos\u00f3b, aby blokowa\u0107 automatyczn\u0105 obs\u0142ug\u0119 plik\u00f3w cookies w ustawieniach przegl\u0105darki internetowej b\u0105d\u017a informowa\u0107 o ich ka\u017cdorazowym zamieszczeniu w urz\u0105dzeniu U\u017cytkownika Serwisu internetowego. Szczeg\u00f3\u0142owe informacje o mo\u017cliwo\u015bci i sposobach obs\u0142ugi plik\u00f3w cookies dost\u0119pne s\u0105 w ustawieniach oprogramowania (przegl\u0105darki internetowej). Niedokonanie zmiany ustawie\u0144 w zakresie cookies oznacza, \u017ce b\u0119d\u0105 one zamieszczone w urz\u0105dzeniu ko\u0144cowym U\u017cytkownika, a tym samym b\u0119dziemy przechowywa\u0107 informacje w urz\u0105dzeniu ko\u0144cowym U\u017cytkownika i uzyskiwa\u0107 dost\u0119p do tych informacji.<\/li>&#13;\r\n<li>Wy\u0142\u0105czenie stosowania plik\u00f3w cookies mo\u017ce spowodowa\u0107 utrudnienia korzystania z niekt\u00f3rych us\u0142ug w ramach naszych Serwis\u00f3w internetowych, w szczeg\u00f3lno\u015bci tych, kt\u00f3re wymagaj\u0105 logowania. Wy\u0142\u0105czenie opcji przyjmowania cookies, nie powoduje natomiast braku mo\u017cliwo\u015bci czytania lub ogl\u0105dania tre\u015bci zamieszczanych w Serwisie internetowym PP Plus z zastrze\u017ceniem tych, do kt\u00f3rych dost\u0119p wymaga logowania.<\/li>&#13;\r\n<li>Pliki cookies mog\u0105 by\u0107 zamieszczane w urz\u0105dzeniu ko\u0144cowym U\u017cytkownika Serwisu internetowego Fatamorgana, a nast\u0119pnie wykorzystywane przez wsp\u00f3\u0142pracuj\u0105cych z Serwisem reklamodawc\u00f3w, firmy badawcze oraz dostawc\u00f3w aplikacji multimedialnych.<\/li>&#13;\r\n<\/ol><h3>\u041a\u0430\u043a \u043e\u0442\u043a\u043b\u044e\u0447\u0438\u0442\u044c \u043a\u0443\u043a\u0438 \u0432 \u0431\u0440\u0430\u0443\u0437\u0435\u0440\u0435?<\/h3>&#13;\r\n<ul><li><a href=\"http:\/\/help.opera.com\/Windows\/12.10\/pl\/cookies.html\" target=\"_blank\" rel=\"noopener noreferrer\">Przegl\u0105darka Opera<\/a><\/li>&#13;\r\n<li><a href=\"http:\/\/support.mozilla.org\/pl\/kb\/W%C5%82%C4%85czanie%20i%20wy%C5%82%C4%85czanie%20obs%C5%82ugi%20ciasteczek\" target=\"_blank\" rel=\"noopener noreferrer\">Przegl\u0105darka Firefox<\/a><\/li>&#13;\r\n<li><a href=\"http:\/\/support.google.com\/chrome\/bin\/answer.py?hl=pl&amp;answer=95647\" target=\"_blank\" rel=\"noopener noreferrer\">Przegl\u0105darka Chrome<\/a><\/li>&#13;\r\n<li><a href=\"http:\/\/windows.microsoft.com\/pl-pl\/windows7\/block-enable-or-allow-cookies\" target=\"_blank\" rel=\"noopener noreferrer\">Przegl\u0105darka Internet Explorer<\/a><\/li>&#13;\r\n<li><a href=\"http:\/\/support.apple.com\/kb\/PH5042\" target=\"_blank\" rel=\"noopener noreferrer\">Przegl\u0105darka Safari<\/a><\/li>&#13;\r\n<\/ul><p>[\/vc_column_text][\/vc_column][\/vc_row]<\/p><\/div>","protected":false},"excerpt":{"rendered":"<p>[vc_row css=&#187;.vc_custom_1576501968035{padding-top: 49px !important;padding-bottom: 69px !important;}&#187;][vc_column][vc_column_text] &#13; \u0427\u0422\u041e \u0422\u0410\u041a\u041e\u0415 COOKIE-\u0424\u0410\u0419\u041b\u042b? &#13; Ciasteczka (ang. cookies) to niewielkie pliki, zapisywane i przechowywane&#8230;<\/p>\n","protected":false},"author":1,"featured_media":0,"parent":0,"menu_order":0,"comment_status":"closed","ping_status":"closed","template":"","meta":{"footnotes":""},"yoast_head":"<!-- This site is optimized with the Yoast SEO plugin v24.5 - https:\/\/yoast.com\/wordpress\/plugins\/seo\/ -->\n<title>\u041f\u043e\u043b\u0438\u0442\u0438\u043a\u0430 \u0432 \u043e\u0442\u043d\u043e\u0448\u0435\u043d\u0438\u0438 \u0444\u0430\u0439\u043b\u043e\u0432 cookie - PP Plus<\/title>\n<meta name=\"robots\" content=\"index, follow, max-snippet:-1, max-image-preview:large, max-video-preview:-1\" \/>\n<link rel=\"canonical\" href=\"https:\/\/pikuj.pl\/ru\/%d0%bf%d0%be%d0%bb%d0%b8%d1%82%d0%b8%d0%ba%d0%b0-%d0%b2-%d0%be%d1%82%d0%bd%d0%be%d1%88%d0%b5%d0%bd%d0%b8%d0%b8-%d1%84%d0%b0%d0%b9%d0%bb%d0%be%d0%b2-cookie\/\" \/>\n<meta property=\"og:locale\" content=\"ru_RU\" \/>\n<meta property=\"og:type\" content=\"article\" \/>\n<meta property=\"og:title\" content=\"\u041f\u043e\u043b\u0438\u0442\u0438\u043a\u0430 \u0432 \u043e\u0442\u043d\u043e\u0448\u0435\u043d\u0438\u0438 \u0444\u0430\u0439\u043b\u043e\u0432 cookie - PP Plus\" \/>\n<meta property=\"og:description\" content=\"[vc_row css=&#187;.vc_custom_1576501968035{padding-top: 49px !important;padding-bottom: 69px !important;}&#187;][vc_column][vc_column_text] &#013; \u0427\u0422\u041e \u0422\u0410\u041a\u041e\u0415 COOKIE-\u0424\u0410\u0419\u041b\u042b? &#013; Ciasteczka (ang. cookies) to niewielkie pliki, zapisywane i przechowywane...\" \/>\n<meta property=\"og:url\" content=\"https:\/\/pikuj.pl\/ru\/%d0%bf%d0%be%d0%bb%d0%b8%d1%82%d0%b8%d0%ba%d0%b0-%d0%b2-%d0%be%d1%82%d0%bd%d0%be%d1%88%d0%b5%d0%bd%d0%b8%d0%b8-%d1%84%d0%b0%d0%b9%d0%bb%d0%be%d0%b2-cookie\/\" \/>\n<meta property=\"og:site_name\" content=\"Pikowanie Niciowe w \u0141odzi\" \/>\n<meta property=\"article:publisher\" content=\"https:\/\/www.facebook.com\/PikujPlus\/\" \/>\n<meta property=\"article:modified_time\" content=\"2020-08-12T18:05:15+00:00\" \/>\n<meta name=\"twitter:card\" content=\"summary_large_image\" \/>\n<meta name=\"twitter:site\" content=\"@PikujPlus\" \/>\n<meta name=\"twitter:label1\" content=\"\u041f\u0440\u0438\u043c\u0435\u0440\u043d\u043e\u0435 \u0432\u0440\u0435\u043c\u044f \u0434\u043b\u044f \u0447\u0442\u0435\u043d\u0438\u044f\" \/>\n\t<meta name=\"twitter:data1\" content=\"5 \u043c\u0438\u043d\u0443\u0442\" \/>\n<script type=\"application\/ld+json\" class=\"yoast-schema-graph\">{\"@context\":\"https:\/\/schema.org\",\"@graph\":[{\"@type\":\"WebPage\",\"@id\":\"https:\/\/pikuj.pl\/ru\/%d0%bf%d0%be%d0%bb%d0%b8%d1%82%d0%b8%d0%ba%d0%b0-%d0%b2-%d0%be%d1%82%d0%bd%d0%be%d1%88%d0%b5%d0%bd%d0%b8%d0%b8-%d1%84%d0%b0%d0%b9%d0%bb%d0%be%d0%b2-cookie\/\",\"url\":\"https:\/\/pikuj.pl\/ru\/%d0%bf%d0%be%d0%bb%d0%b8%d1%82%d0%b8%d0%ba%d0%b0-%d0%b2-%d0%be%d1%82%d0%bd%d0%be%d1%88%d0%b5%d0%bd%d0%b8%d0%b8-%d1%84%d0%b0%d0%b9%d0%bb%d0%be%d0%b2-cookie\/\",\"name\":\"\u041f\u043e\u043b\u0438\u0442\u0438\u043a\u0430 \u0432 \u043e\u0442\u043d\u043e\u0448\u0435\u043d\u0438\u0438 \u0444\u0430\u0439\u043b\u043e\u0432 cookie - PP Plus\",\"isPartOf\":{\"@id\":\"https:\/\/pikuj.pl\/ru\/#website\"},\"datePublished\":\"2019-12-16T11:51:33+00:00\",\"dateModified\":\"2020-08-12T18:05:15+00:00\",\"breadcrumb\":{\"@id\":\"https:\/\/pikuj.pl\/ru\/%d0%bf%d0%be%d0%bb%d0%b8%d1%82%d0%b8%d0%ba%d0%b0-%d0%b2-%d0%be%d1%82%d0%bd%d0%be%d1%88%d0%b5%d0%bd%d0%b8%d0%b8-%d1%84%d0%b0%d0%b9%d0%bb%d0%be%d0%b2-cookie\/#breadcrumb\"},\"inLanguage\":\"ru-RU\",\"potentialAction\":[{\"@type\":\"ReadAction\",\"target\":[\"https:\/\/pikuj.pl\/ru\/%d0%bf%d0%be%d0%bb%d0%b8%d1%82%d0%b8%d0%ba%d0%b0-%d0%b2-%d0%be%d1%82%d0%bd%d0%be%d1%88%d0%b5%d0%bd%d0%b8%d0%b8-%d1%84%d0%b0%d0%b9%d0%bb%d0%be%d0%b2-cookie\/\"]}]},{\"@type\":\"BreadcrumbList\",\"@id\":\"https:\/\/pikuj.pl\/ru\/%d0%bf%d0%be%d0%bb%d0%b8%d1%82%d0%b8%d0%ba%d0%b0-%d0%b2-%d0%be%d1%82%d0%bd%d0%be%d1%88%d0%b5%d0%bd%d0%b8%d0%b8-%d1%84%d0%b0%d0%b9%d0%bb%d0%be%d0%b2-cookie\/#breadcrumb\",\"itemListElement\":[{\"@type\":\"ListItem\",\"position\":1,\"name\":\"\u0413\u043b\u0430\u0432\u043d\u0430\u044f\",\"item\":\"https:\/\/pikuj.pl\/ru\/\"},{\"@type\":\"ListItem\",\"position\":2,\"name\":\"\u041f\u043e\u043b\u0438\u0442\u0438\u043a\u0430 \u0432 \u043e\u0442\u043d\u043e\u0448\u0435\u043d\u0438\u0438 \u0444\u0430\u0439\u043b\u043e\u0432 cookie\"}]},{\"@type\":\"WebSite\",\"@id\":\"https:\/\/pikuj.pl\/ru\/#website\",\"url\":\"https:\/\/pikuj.pl\/ru\/\",\"name\":\"Pikowanie Niciowe w \u0141odzi\",\"description\":\"PP Plus\",\"publisher\":{\"@id\":\"https:\/\/pikuj.pl\/ru\/#organization\"},\"potentialAction\":[{\"@type\":\"SearchAction\",\"target\":{\"@type\":\"EntryPoint\",\"urlTemplate\":\"https:\/\/pikuj.pl\/ru\/?s={search_term_string}\"},\"query-input\":{\"@type\":\"PropertyValueSpecification\",\"valueRequired\":true,\"valueName\":\"search_term_string\"}}],\"inLanguage\":\"ru-RU\"},{\"@type\":\"Organization\",\"@id\":\"https:\/\/pikuj.pl\/ru\/#organization\",\"name\":\"PP Plus\",\"url\":\"https:\/\/pikuj.pl\/ru\/\",\"logo\":{\"@type\":\"ImageObject\",\"inLanguage\":\"ru-RU\",\"@id\":\"https:\/\/pikuj.pl\/ru\/#\/schema\/logo\/image\/\",\"url\":\"http:\/\/pikuj.pl\/wp-content\/uploads\/2019\/11\/Brand_Logo_Symbol_PP_Plus-19.png\",\"contentUrl\":\"http:\/\/pikuj.pl\/wp-content\/uploads\/2019\/11\/Brand_Logo_Symbol_PP_Plus-19.png\",\"width\":1920,\"height\":1920,\"caption\":\"PP Plus\"},\"image\":{\"@id\":\"https:\/\/pikuj.pl\/ru\/#\/schema\/logo\/image\/\"},\"sameAs\":[\"https:\/\/www.facebook.com\/PikujPlus\/\",\"https:\/\/x.com\/PikujPlus\",\"https:\/\/www.instagram.com\/PikujPlus\/\",\"https:\/\/www.facebook.com\/company\/PikujPlus\/\",\"https:\/\/www.pinterest.com\/PikujPlus\/\"]}]}<\/script>\n<!-- \/ Yoast SEO plugin. -->","yoast_head_json":{"title":"\u041f\u043e\u043b\u0438\u0442\u0438\u043a\u0430 \u0432 \u043e\u0442\u043d\u043e\u0448\u0435\u043d\u0438\u0438 \u0444\u0430\u0439\u043b\u043e\u0432 cookie - PP Plus","robots":{"index":"index","follow":"follow","max-snippet":"max-snippet:-1","max-image-preview":"max-image-preview:large","max-video-preview":"max-video-preview:-1"},"canonical":"https:\/\/pikuj.pl\/ru\/%d0%bf%d0%be%d0%bb%d0%b8%d1%82%d0%b8%d0%ba%d0%b0-%d0%b2-%d0%be%d1%82%d0%bd%d0%be%d1%88%d0%b5%d0%bd%d0%b8%d0%b8-%d1%84%d0%b0%d0%b9%d0%bb%d0%be%d0%b2-cookie\/","og_locale":"ru_RU","og_type":"article","og_title":"\u041f\u043e\u043b\u0438\u0442\u0438\u043a\u0430 \u0432 \u043e\u0442\u043d\u043e\u0448\u0435\u043d\u0438\u0438 \u0444\u0430\u0439\u043b\u043e\u0432 cookie - PP Plus","og_description":"[vc_row css=&#187;.vc_custom_1576501968035{padding-top: 49px !important;padding-bottom: 69px !important;}&#187;][vc_column][vc_column_text] &#13; \u0427\u0422\u041e \u0422\u0410\u041a\u041e\u0415 COOKIE-\u0424\u0410\u0419\u041b\u042b? &#13; Ciasteczka (ang. cookies) to niewielkie pliki, zapisywane i przechowywane...","og_url":"https:\/\/pikuj.pl\/ru\/%d0%bf%d0%be%d0%bb%d0%b8%d1%82%d0%b8%d0%ba%d0%b0-%d0%b2-%d0%be%d1%82%d0%bd%d0%be%d1%88%d0%b5%d0%bd%d0%b8%d0%b8-%d1%84%d0%b0%d0%b9%d0%bb%d0%be%d0%b2-cookie\/","og_site_name":"Pikowanie Niciowe w \u0141odzi","article_publisher":"https:\/\/www.facebook.com\/PikujPlus\/","article_modified_time":"2020-08-12T18:05:15+00:00","twitter_card":"summary_large_image","twitter_site":"@PikujPlus","twitter_misc":{"\u041f\u0440\u0438\u043c\u0435\u0440\u043d\u043e\u0435 \u0432\u0440\u0435\u043c\u044f \u0434\u043b\u044f \u0447\u0442\u0435\u043d\u0438\u044f":"5 \u043c\u0438\u043d\u0443\u0442"},"schema":{"@context":"https:\/\/schema.org","@graph":[{"@type":"WebPage","@id":"https:\/\/pikuj.pl\/ru\/%d0%bf%d0%be%d0%bb%d0%b8%d1%82%d0%b8%d0%ba%d0%b0-%d0%b2-%d0%be%d1%82%d0%bd%d0%be%d1%88%d0%b5%d0%bd%d0%b8%d0%b8-%d1%84%d0%b0%d0%b9%d0%bb%d0%be%d0%b2-cookie\/","url":"https:\/\/pikuj.pl\/ru\/%d0%bf%d0%be%d0%bb%d0%b8%d1%82%d0%b8%d0%ba%d0%b0-%d0%b2-%d0%be%d1%82%d0%bd%d0%be%d1%88%d0%b5%d0%bd%d0%b8%d0%b8-%d1%84%d0%b0%d0%b9%d0%bb%d0%be%d0%b2-cookie\/","name":"\u041f\u043e\u043b\u0438\u0442\u0438\u043a\u0430 \u0432 \u043e\u0442\u043d\u043e\u0448\u0435\u043d\u0438\u0438 \u0444\u0430\u0439\u043b\u043e\u0432 cookie - PP Plus","isPartOf":{"@id":"https:\/\/pikuj.pl\/ru\/#website"},"datePublished":"2019-12-16T11:51:33+00:00","dateModified":"2020-08-12T18:05:15+00:00","breadcrumb":{"@id":"https:\/\/pikuj.pl\/ru\/%d0%bf%d0%be%d0%bb%d0%b8%d1%82%d0%b8%d0%ba%d0%b0-%d0%b2-%d0%be%d1%82%d0%bd%d0%be%d1%88%d0%b5%d0%bd%d0%b8%d0%b8-%d1%84%d0%b0%d0%b9%d0%bb%d0%be%d0%b2-cookie\/#breadcrumb"},"inLanguage":"ru-RU","potentialAction":[{"@type":"ReadAction","target":["https:\/\/pikuj.pl\/ru\/%d0%bf%d0%be%d0%bb%d0%b8%d1%82%d0%b8%d0%ba%d0%b0-%d0%b2-%d0%be%d1%82%d0%bd%d0%be%d1%88%d0%b5%d0%bd%d0%b8%d0%b8-%d1%84%d0%b0%d0%b9%d0%bb%d0%be%d0%b2-cookie\/"]}]},{"@type":"BreadcrumbList","@id":"https:\/\/pikuj.pl\/ru\/%d0%bf%d0%be%d0%bb%d0%b8%d1%82%d0%b8%d0%ba%d0%b0-%d0%b2-%d0%be%d1%82%d0%bd%d0%be%d1%88%d0%b5%d0%bd%d0%b8%d0%b8-%d1%84%d0%b0%d0%b9%d0%bb%d0%be%d0%b2-cookie\/#breadcrumb","itemListElement":[{"@type":"ListItem","position":1,"name":"\u0413\u043b\u0430\u0432\u043d\u0430\u044f","item":"https:\/\/pikuj.pl\/ru\/"},{"@type":"ListItem","position":2,"name":"\u041f\u043e\u043b\u0438\u0442\u0438\u043a\u0430 \u0432 \u043e\u0442\u043d\u043e\u0448\u0435\u043d\u0438\u0438 \u0444\u0430\u0439\u043b\u043e\u0432 cookie"}]},{"@type":"WebSite","@id":"https:\/\/pikuj.pl\/ru\/#website","url":"https:\/\/pikuj.pl\/ru\/","name":"Pikowanie Niciowe w \u0141odzi","description":"PP Plus","publisher":{"@id":"https:\/\/pikuj.pl\/ru\/#organization"},"potentialAction":[{"@type":"SearchAction","target":{"@type":"EntryPoint","urlTemplate":"https:\/\/pikuj.pl\/ru\/?s={search_term_string}"},"query-input":{"@type":"PropertyValueSpecification","valueRequired":true,"valueName":"search_term_string"}}],"inLanguage":"ru-RU"},{"@type":"Organization","@id":"https:\/\/pikuj.pl\/ru\/#organization","name":"PP Plus","url":"https:\/\/pikuj.pl\/ru\/","logo":{"@type":"ImageObject","inLanguage":"ru-RU","@id":"https:\/\/pikuj.pl\/ru\/#\/schema\/logo\/image\/","url":"http:\/\/pikuj.pl\/wp-content\/uploads\/2019\/11\/Brand_Logo_Symbol_PP_Plus-19.png","contentUrl":"http:\/\/pikuj.pl\/wp-content\/uploads\/2019\/11\/Brand_Logo_Symbol_PP_Plus-19.png","width":1920,"height":1920,"caption":"PP Plus"},"image":{"@id":"https:\/\/pikuj.pl\/ru\/#\/schema\/logo\/image\/"},"sameAs":["https:\/\/www.facebook.com\/PikujPlus\/","https:\/\/x.com\/PikujPlus","https:\/\/www.instagram.com\/PikujPlus\/","https:\/\/www.facebook.com\/company\/PikujPlus\/","https:\/\/www.pinterest.com\/PikujPlus\/"]}]}},"_links":{"self":[{"href":"https:\/\/pikuj.pl\/ru\/wp-json\/wp\/v2\/pages\/3588"}],"collection":[{"href":"https:\/\/pikuj.pl\/ru\/wp-json\/wp\/v2\/pages"}],"about":[{"href":"https:\/\/pikuj.pl\/ru\/wp-json\/wp\/v2\/types\/page"}],"author":[{"embeddable":true,"href":"https:\/\/pikuj.pl\/ru\/wp-json\/wp\/v2\/users\/1"}],"replies":[{"embeddable":true,"href":"https:\/\/pikuj.pl\/ru\/wp-json\/wp\/v2\/comments?post=3588"}],"version-history":[{"count":2,"href":"https:\/\/pikuj.pl\/ru\/wp-json\/wp\/v2\/pages\/3588\/revisions"}],"predecessor-version":[{"id":3784,"href":"https:\/\/pikuj.pl\/ru\/wp-json\/wp\/v2\/pages\/3588\/revisions\/3784"}],"wp:attachment":[{"href":"https:\/\/pikuj.pl\/ru\/wp-json\/wp\/v2\/media?parent=3588"}],"curies":[{"name":"wp","href":"https:\/\/api.w.org\/{rel}","templated":true}]}}